{"id":7005,"date":"2023-08-10T21:44:28","date_gmt":"2023-08-10T18:44:28","guid":{"rendered":"https:\/\/www.cncmarketi.com\/index.php\/product\/kucuk-kimlik-toroid-bantlama-makinesi-wh-900t6\/"},"modified":"2023-08-10T22:44:42","modified_gmt":"2023-08-10T19:44:42","slug":"kucuk-kimlik-toroid-bantlama-makinesi-wh-900t6","status":"publish","type":"product","link":"https:\/\/www.cncmarketi.com\/index.php\/product\/kucuk-kimlik-toroid-bantlama-makinesi-wh-900t6\/","title":{"rendered":"K\u00fc\u00e7\u00fck Kimlik Toroid Bantlama Makinesi Wh-900T6"},"content":{"rendered":"<p>Specification<\/p>\n<p> Program<br \/>\n TWC-01 digital controller holds up to 999 program steps<br \/>\n Control<br \/>\n DC 400 W spindle motor with stepping motor for spreading<br \/>\n Tape width<br \/>\n 4 mm &#8211; 10 mm (depends on shuttle Width)<br \/>\n Package Includes<br \/>\n base, core rotator, taping head, your first shuttle, and comprehensive manual<br \/>\n Shuttle Diameter<br \/>\n 150mm<br \/>\n O D Range<br \/>\n 8 &#8211; 60 mm<br \/>\n Min finished I D<br \/>\n 15 mm (depends on shuttle size &#038; core height) 45mm Max. Height<br \/>\n Max speed<br \/>\n 300 rpm<br \/>\n Power<br \/>\n AC 230 \/ 110 V \u00b1 10%, 50 &#8211; 60hz<br \/>\n Dims<br \/>\n 780 x 780 x 1250 mm<br \/>\n Net weight<br \/>\n 90 kg<br \/>\n CE cert.<br \/>\n no.AE9955093 01<br \/>\n toroidal taping head small id<\/p>\n<p> Click for larger image<br \/>\n The WH-900T6 is a digitally controlled toroid winding machine, ideally suited to the manufacture of toroidal power transformers, isolation transformers, inductors and chokes of up to 60mm finished outside diameter<br \/>\n The machine is equipped with a 6 inch toroid taping head.<\/p>\n<p> With this head it is possible to tape very small toroidal cores.<\/p>\n<p> The machine features automatic control over wire load length, running speed, acceleration and de-acceleration, etc, and programs for complex windings are stored in memory for later use. The advanced fibre optic wire detection system includes a teach-in function for accurate and reliable turns count, even with coloured wires.<\/p>\n","protected":false},"excerpt":{"rendered":"<p>Specification Program TWC-01 digital controller holds up to 999 program steps Control DC 400 W spindle motor with stepping motor for spreading Tape width 4&#8230;<\/p>\n","protected":false},"featured_media":7004,"comment_status":"open","ping_status":"closed","template":"","meta":[],"etheme_brands":[{"term_id":68,"name":"Ingrid West","slug":"ingrid-west","term_group":0,"term_taxonomy_id":68,"taxonomy":"brand","description":"","parent":0,"count":60,"filter":"raw"}],"product_cat":[63],"product_tag":[],"_links":{"self":[{"href":"https:\/\/www.cncmarketi.com\/index.php\/wp-json\/wp\/v2\/product\/7005"}],"collection":[{"href":"https:\/\/www.cncmarketi.com\/index.php\/wp-json\/wp\/v2\/product"}],"about":[{"href":"https:\/\/www.cncmarketi.com\/index.php\/wp-json\/wp\/v2\/types\/product"}],"replies":[{"embeddable":true,"href":"https:\/\/www.cncmarketi.com\/index.php\/wp-json\/wp\/v2\/comments?post=7005"}],"version-history":[{"count":0,"href":"https:\/\/www.cncmarketi.com\/index.php\/wp-json\/wp\/v2\/product\/7005\/revisions"}],"wp:featuredmedia":[{"embeddable":true,"href":"https:\/\/www.cncmarketi.com\/index.php\/wp-json\/wp\/v2\/media\/7004"}],"wp:attachment":[{"href":"https:\/\/www.cncmarketi.com\/index.php\/wp-json\/wp\/v2\/media?parent=7005"}],"wp:term":[{"taxonomy":"brand","embeddable":true,"href":"https:\/\/www.cncmarketi.com\/index.php\/wp-json\/wp\/v2\/etheme_brands?post=7005"},{"taxonomy":"product_cat","embeddable":true,"href":"https:\/\/www.cncmarketi.com\/index.php\/wp-json\/wp\/v2\/product_cat?post=7005"},{"taxonomy":"product_tag","embeddable":true,"href":"https:\/\/www.cncmarketi.com\/index.php\/wp-json\/wp\/v2\/product_tag?post=7005"}],"curies":[{"name":"wp","href":"https:\/\/api.w.org\/{rel}","templated":true}]}}