{"id":6981,"date":"2023-08-10T21:44:23","date_gmt":"2023-08-10T18:44:23","guid":{"rendered":"https:\/\/www.cncmarketi.com\/index.php\/product\/bir-mil-kucuk-transformator-sarma-makinesi-wh-800\/"},"modified":"2023-08-10T22:44:43","modified_gmt":"2023-08-10T19:44:43","slug":"bir-mil-kucuk-transformator-sarma-makinesi-wh-800","status":"publish","type":"product","link":"https:\/\/www.cncmarketi.com\/index.php\/product\/bir-mil-kucuk-transformator-sarma-makinesi-wh-800\/","title":{"rendered":"Bir Mil K\u00fc\u00e7\u00fck Transformat\u00f6r Sarma Makinesi Wh-800"},"content":{"rendered":"<p>Specification<\/p>\n<p> Program:<br \/>\n Microprocessor controlled, capable of holding 999 program sequences which may be run independently or in selected blocks for compound windings.<br \/>\n Control:<br \/>\n Spindle drive &#8211; High torque brushless DC induction motor producing a max torque of 78.5 Ncm.<br \/>\n Traverse &#8211; Constant current driven 4-phase stepper motor.<br \/>\n Features:<br \/>\n Wire guide is capable of holding four different sizes of wire at the work piece.<br \/>\n Application:<br \/>\n Small transformers e.g. ISDN, audio, voltage etc. and all other wound products requiring multiple windings<br \/>\n Package Includes:<br \/>\n Margin tape &#038; cover tape attachments and wire feeder system, footswitch and comprehensive manual.<br \/>\n Wire size:<br \/>\n 0.02 \u2013 1.0 mm<br \/>\n Maximum Pitch:<br \/>\n 10 mm<br \/>\n Winding Width:<br \/>\n 110 mm (max)<br \/>\n Bobbin Diameter:<br \/>\n 110 mm (max)<br \/>\n Max speed:<br \/>\n 6000 and 3000 rpm versions available.<br \/>\n Power:<br \/>\n AC 230 \/ 110 V \u00b1 10%, 50 &#8211; 60hz<br \/>\n Dimensions:<br \/>\n 760 x 680 x 720 mm<br \/>\n Net weight:<br \/>\n 37kg<br \/>\n CE cert.<br \/>\n No.AE9955093 01<\/p>\n<p> Click for larger image<br \/>\n The WH-800 is a compact single spindle benchtop coil winding machine with digital control for semi-automatic operation. The wire guide system can present up to four different sizes of wire at the work piece ready for use &#8211; ideal for winding small transformers and other wound components that require multiple windings.<br \/>\n Margin and cover taping attachments conveniently mounted on the machine allow these operations to be carried out efficiently during the winding process with the minimum of handling.<\/p>\n<p> The digital control regulates all of the fundamental winding parameters such as winding speed, wire pitch, acceleration, braking, and turns count. Using the simple programming system and multi-step programs, complex windings can be generated with ease. Stored programs can be instantly recalled, reducing machine setup time for product changeover to a minimum.<\/p>\n<p> Please note that although the machine is fitted with two winding spindles, it is only possible to use the four-wire feeder system with one winding spindle.<\/p>\n","protected":false},"excerpt":{"rendered":"<p>Specification Program: Microprocessor controlled, capable of holding 999 program sequences which may be run independently or in selected blocks for compound windings. Control: Spindle drive&#8230;<\/p>\n","protected":false},"featured_media":6980,"comment_status":"open","ping_status":"closed","template":"","meta":[],"etheme_brands":[{"term_id":68,"name":"Ingrid West","slug":"ingrid-west","term_group":0,"term_taxonomy_id":68,"taxonomy":"brand","description":"","parent":0,"count":60,"filter":"raw"}],"product_cat":[63],"product_tag":[],"_links":{"self":[{"href":"https:\/\/www.cncmarketi.com\/index.php\/wp-json\/wp\/v2\/product\/6981"}],"collection":[{"href":"https:\/\/www.cncmarketi.com\/index.php\/wp-json\/wp\/v2\/product"}],"about":[{"href":"https:\/\/www.cncmarketi.com\/index.php\/wp-json\/wp\/v2\/types\/product"}],"replies":[{"embeddable":true,"href":"https:\/\/www.cncmarketi.com\/index.php\/wp-json\/wp\/v2\/comments?post=6981"}],"version-history":[{"count":0,"href":"https:\/\/www.cncmarketi.com\/index.php\/wp-json\/wp\/v2\/product\/6981\/revisions"}],"wp:featuredmedia":[{"embeddable":true,"href":"https:\/\/www.cncmarketi.com\/index.php\/wp-json\/wp\/v2\/media\/6980"}],"wp:attachment":[{"href":"https:\/\/www.cncmarketi.com\/index.php\/wp-json\/wp\/v2\/media?parent=6981"}],"wp:term":[{"taxonomy":"brand","embeddable":true,"href":"https:\/\/www.cncmarketi.com\/index.php\/wp-json\/wp\/v2\/etheme_brands?post=6981"},{"taxonomy":"product_cat","embeddable":true,"href":"https:\/\/www.cncmarketi.com\/index.php\/wp-json\/wp\/v2\/product_cat?post=6981"},{"taxonomy":"product_tag","embeddable":true,"href":"https:\/\/www.cncmarketi.com\/index.php\/wp-json\/wp\/v2\/product_tag?post=6981"}],"curies":[{"name":"wp","href":"https:\/\/api.w.org\/{rel}","templated":true}]}}