{"id":6946,"date":"2023-08-10T15:51:54","date_gmt":"2023-08-10T12:51:54","guid":{"rendered":"https:\/\/www.cncmarketi.com\/index.php\/product\/dokunmatik-ekran-reflow-firini-t-937s\/"},"modified":"2023-08-10T15:52:53","modified_gmt":"2023-08-10T12:52:53","slug":"dokunmatik-ekran-reflow-firini-t-937s","status":"publish","type":"product","link":"https:\/\/www.cncmarketi.com\/index.php\/product\/dokunmatik-ekran-reflow-firini-t-937s\/","title":{"rendered":"Dokunmatik Ekran Reflow F\u0131r\u0131n\u0131 T-937S"},"content":{"rendered":"<p>NEW model T-937S has been rolled out officially in May, 2022 Year. The most attractive thing is the Touch Screen design, We can call it true friendly human-machine operation interface. You can create solder curves by \u201cDesign curve \u201d function on the oven. No need to connect PC to achieve it.<\/p>\n","protected":false},"excerpt":{"rendered":"<p>NEW model T-937S has been rolled out officially in May, 2022 Year. The most attractive thing is the Touch Screen design, We can call it&#8230;<\/p>\n","protected":false},"featured_media":6863,"comment_status":"open","ping_status":"closed","template":"","meta":[],"etheme_brands":[{"term_id":60,"name":"Puhui","slug":"puhui","term_group":0,"term_taxonomy_id":60,"taxonomy":"brand","description":"","parent":0,"count":27,"filter":"raw"}],"product_cat":[63],"product_tag":[],"_links":{"self":[{"href":"https:\/\/www.cncmarketi.com\/index.php\/wp-json\/wp\/v2\/product\/6946"}],"collection":[{"href":"https:\/\/www.cncmarketi.com\/index.php\/wp-json\/wp\/v2\/product"}],"about":[{"href":"https:\/\/www.cncmarketi.com\/index.php\/wp-json\/wp\/v2\/types\/product"}],"replies":[{"embeddable":true,"href":"https:\/\/www.cncmarketi.com\/index.php\/wp-json\/wp\/v2\/comments?post=6946"}],"version-history":[{"count":0,"href":"https:\/\/www.cncmarketi.com\/index.php\/wp-json\/wp\/v2\/product\/6946\/revisions"}],"wp:featuredmedia":[{"embeddable":true,"href":"https:\/\/www.cncmarketi.com\/index.php\/wp-json\/wp\/v2\/media\/6863"}],"wp:attachment":[{"href":"https:\/\/www.cncmarketi.com\/index.php\/wp-json\/wp\/v2\/media?parent=6946"}],"wp:term":[{"taxonomy":"brand","embeddable":true,"href":"https:\/\/www.cncmarketi.com\/index.php\/wp-json\/wp\/v2\/etheme_brands?post=6946"},{"taxonomy":"product_cat","embeddable":true,"href":"https:\/\/www.cncmarketi.com\/index.php\/wp-json\/wp\/v2\/product_cat?post=6946"},{"taxonomy":"product_tag","embeddable":true,"href":"https:\/\/www.cncmarketi.com\/index.php\/wp-json\/wp\/v2\/product_tag?post=6946"}],"curies":[{"name":"wp","href":"https:\/\/api.w.org\/{rel}","templated":true}]}}