{"id":6921,"date":"2023-08-10T15:36:07","date_gmt":"2023-08-10T12:36:07","guid":{"rendered":"https:\/\/www.cncmarketi.com\/index.php\/product\/on-isitma-plakasi-t-8120\/"},"modified":"2023-08-10T15:52:53","modified_gmt":"2023-08-10T12:52:53","slug":"on-isitma-plakasi-t-8120","status":"publish","type":"product","link":"https:\/\/www.cncmarketi.com\/index.php\/product\/on-isitma-plakasi-t-8120\/","title":{"rendered":"\u00d6n Is\u0131tma Plakas\u0131 T-8120"},"content":{"rendered":"<p><strong data-mce-fragment=\"1\">T-8120 is a small volume PCB heating oven. With infrared component to give off heat which is independent\u00a0technology, adopts advanced PID intelligent temperature, controls temperature precisely.Can preheat PCB efficiency.It\u2019s\u00a0 also an economial ,higher cost effective BGA rework staion .<\/strong><\/p>\n","protected":false},"excerpt":{"rendered":"<p>T-8120 is a small volume PCB heating oven. With infrared component to give off heat which is independent\u00a0technology, adopts advanced PID intelligent temperature, controls temperature&#8230;<\/p>\n","protected":false},"featured_media":6916,"comment_status":"open","ping_status":"closed","template":"","meta":[],"etheme_brands":[{"term_id":60,"name":"Puhui","slug":"puhui","term_group":0,"term_taxonomy_id":60,"taxonomy":"brand","description":"","parent":0,"count":27,"filter":"raw"}],"product_cat":[63],"product_tag":[],"_links":{"self":[{"href":"https:\/\/www.cncmarketi.com\/index.php\/wp-json\/wp\/v2\/product\/6921"}],"collection":[{"href":"https:\/\/www.cncmarketi.com\/index.php\/wp-json\/wp\/v2\/product"}],"about":[{"href":"https:\/\/www.cncmarketi.com\/index.php\/wp-json\/wp\/v2\/types\/product"}],"replies":[{"embeddable":true,"href":"https:\/\/www.cncmarketi.com\/index.php\/wp-json\/wp\/v2\/comments?post=6921"}],"version-history":[{"count":0,"href":"https:\/\/www.cncmarketi.com\/index.php\/wp-json\/wp\/v2\/product\/6921\/revisions"}],"wp:featuredmedia":[{"embeddable":true,"href":"https:\/\/www.cncmarketi.com\/index.php\/wp-json\/wp\/v2\/media\/6916"}],"wp:attachment":[{"href":"https:\/\/www.cncmarketi.com\/index.php\/wp-json\/wp\/v2\/media?parent=6921"}],"wp:term":[{"taxonomy":"brand","embeddable":true,"href":"https:\/\/www.cncmarketi.com\/index.php\/wp-json\/wp\/v2\/etheme_brands?post=6921"},{"taxonomy":"product_cat","embeddable":true,"href":"https:\/\/www.cncmarketi.com\/index.php\/wp-json\/wp\/v2\/product_cat?post=6921"},{"taxonomy":"product_tag","embeddable":true,"href":"https:\/\/www.cncmarketi.com\/index.php\/wp-json\/wp\/v2\/product_tag?post=6921"}],"curies":[{"name":"wp","href":"https:\/\/api.w.org\/{rel}","templated":true}]}}