{"id":6915,"date":"2023-08-10T15:36:03","date_gmt":"2023-08-10T12:36:03","guid":{"rendered":"https:\/\/www.cncmarketi.com\/index.php\/product\/elektronik-isitici-plaka-t-946\/"},"modified":"2023-08-10T15:52:53","modified_gmt":"2023-08-10T12:52:53","slug":"elektronik-isitici-plaka-t-946","status":"publish","type":"product","link":"https:\/\/www.cncmarketi.com\/index.php\/product\/elektronik-isitici-plaka-t-946\/","title":{"rendered":"Elektronik Is\u0131t\u0131c\u0131 Plaka T-946"},"content":{"rendered":"<div class=\"product-meta\" data-mce-fragment=\"1\">\n<p data-mce-fragment=\"1\"><strong>Adopts MCU and advanced PID intelligent temperature control heating technology &amp; advanced temperature measurement technology, make temperature exact.<\/strong><\/p>\n<\/div>\n","protected":false},"excerpt":{"rendered":"<p>Adopts MCU and advanced PID intelligent temperature control heating technology &amp; advanced temperature measurement technology, make temperature exact.<\/p>\n","protected":false},"featured_media":6910,"comment_status":"open","ping_status":"closed","template":"","meta":[],"etheme_brands":[{"term_id":60,"name":"Puhui","slug":"puhui","term_group":0,"term_taxonomy_id":60,"taxonomy":"brand","description":"","parent":0,"count":27,"filter":"raw"}],"product_cat":[63],"product_tag":[],"_links":{"self":[{"href":"https:\/\/www.cncmarketi.com\/index.php\/wp-json\/wp\/v2\/product\/6915"}],"collection":[{"href":"https:\/\/www.cncmarketi.com\/index.php\/wp-json\/wp\/v2\/product"}],"about":[{"href":"https:\/\/www.cncmarketi.com\/index.php\/wp-json\/wp\/v2\/types\/product"}],"replies":[{"embeddable":true,"href":"https:\/\/www.cncmarketi.com\/index.php\/wp-json\/wp\/v2\/comments?post=6915"}],"version-history":[{"count":0,"href":"https:\/\/www.cncmarketi.com\/index.php\/wp-json\/wp\/v2\/product\/6915\/revisions"}],"wp:featuredmedia":[{"embeddable":true,"href":"https:\/\/www.cncmarketi.com\/index.php\/wp-json\/wp\/v2\/media\/6910"}],"wp:attachment":[{"href":"https:\/\/www.cncmarketi.com\/index.php\/wp-json\/wp\/v2\/media?parent=6915"}],"wp:term":[{"taxonomy":"brand","embeddable":true,"href":"https:\/\/www.cncmarketi.com\/index.php\/wp-json\/wp\/v2\/etheme_brands?post=6915"},{"taxonomy":"product_cat","embeddable":true,"href":"https:\/\/www.cncmarketi.com\/index.php\/wp-json\/wp\/v2\/product_cat?post=6915"},{"taxonomy":"product_tag","embeddable":true,"href":"https:\/\/www.cncmarketi.com\/index.php\/wp-json\/wp\/v2\/product_tag?post=6915"}],"curies":[{"name":"wp","href":"https:\/\/api.w.org\/{rel}","templated":true}]}}