{"id":6895,"date":"2023-08-10T15:35:30","date_gmt":"2023-08-10T12:35:30","guid":{"rendered":"https:\/\/www.cncmarketi.com\/index.php\/product\/infrared-reflow-firini-t-962\/"},"modified":"2023-08-10T15:52:53","modified_gmt":"2023-08-10T12:52:53","slug":"infrared-reflow-firini-t-962","status":"publish","type":"product","link":"https:\/\/www.cncmarketi.com\/index.php\/product\/infrared-reflow-firini-t-962\/","title":{"rendered":"Infrared Reflow F\u0131r\u0131n\u0131 T-962"},"content":{"rendered":"<p>The INFRARED IC HEATER T962 is a micro processor controlled reflow-oven. It can be used for effectively soldering various SMD and BGA components. The whole soldering process can be completed automatically and it is very easy to use.<\/p>\n","protected":false},"excerpt":{"rendered":"<p>The INFRARED IC HEATER T962 is a micro processor controlled reflow-oven. It can be used for effectively soldering various SMD and BGA components. The whole&#8230;<\/p>\n","protected":false},"featured_media":6888,"comment_status":"open","ping_status":"closed","template":"","meta":[],"etheme_brands":[{"term_id":60,"name":"Puhui","slug":"puhui","term_group":0,"term_taxonomy_id":60,"taxonomy":"brand","description":"","parent":0,"count":27,"filter":"raw"}],"product_cat":[63],"product_tag":[],"_links":{"self":[{"href":"https:\/\/www.cncmarketi.com\/index.php\/wp-json\/wp\/v2\/product\/6895"}],"collection":[{"href":"https:\/\/www.cncmarketi.com\/index.php\/wp-json\/wp\/v2\/product"}],"about":[{"href":"https:\/\/www.cncmarketi.com\/index.php\/wp-json\/wp\/v2\/types\/product"}],"replies":[{"embeddable":true,"href":"https:\/\/www.cncmarketi.com\/index.php\/wp-json\/wp\/v2\/comments?post=6895"}],"version-history":[{"count":0,"href":"https:\/\/www.cncmarketi.com\/index.php\/wp-json\/wp\/v2\/product\/6895\/revisions"}],"wp:featuredmedia":[{"embeddable":true,"href":"https:\/\/www.cncmarketi.com\/index.php\/wp-json\/wp\/v2\/media\/6888"}],"wp:attachment":[{"href":"https:\/\/www.cncmarketi.com\/index.php\/wp-json\/wp\/v2\/media?parent=6895"}],"wp:term":[{"taxonomy":"brand","embeddable":true,"href":"https:\/\/www.cncmarketi.com\/index.php\/wp-json\/wp\/v2\/etheme_brands?post=6895"},{"taxonomy":"product_cat","embeddable":true,"href":"https:\/\/www.cncmarketi.com\/index.php\/wp-json\/wp\/v2\/product_cat?post=6895"},{"taxonomy":"product_tag","embeddable":true,"href":"https:\/\/www.cncmarketi.com\/index.php\/wp-json\/wp\/v2\/product_tag?post=6895"}],"curies":[{"name":"wp","href":"https:\/\/api.w.org\/{rel}","templated":true}]}}