{"id":6881,"date":"2023-08-10T15:35:11","date_gmt":"2023-08-10T12:35:11","guid":{"rendered":"https:\/\/www.cncmarketi.com\/index.php\/product\/infrared-reflow-firini-t-962a\/"},"modified":"2023-08-10T15:52:53","modified_gmt":"2023-08-10T12:52:53","slug":"infrared-reflow-firini-t-962a","status":"publish","type":"product","link":"https:\/\/www.cncmarketi.com\/index.php\/product\/infrared-reflow-firini-t-962a\/","title":{"rendered":"Infrared Reflow F\u0131r\u0131n\u0131 T-962A+"},"content":{"rendered":"<p>This oven solder leadfree paste very well. The control software is with wave printing function, easy to save\/manage\/analysis the wave data. Adopt stable and high-speed MCU and advanced intelligent temperature measurement technology, temperature in the oven is very stable,exact and even.<\/p>\n","protected":false},"excerpt":{"rendered":"<p>This oven solder leadfree paste very well. The control software is with wave printing function, easy to save\/manage\/analysis the wave data. Adopt stable and high-speed&#8230;<\/p>\n","protected":false},"featured_media":6876,"comment_status":"open","ping_status":"closed","template":"","meta":[],"etheme_brands":[{"term_id":60,"name":"Puhui","slug":"puhui","term_group":0,"term_taxonomy_id":60,"taxonomy":"brand","description":"","parent":0,"count":27,"filter":"raw"}],"product_cat":[63],"product_tag":[],"_links":{"self":[{"href":"https:\/\/www.cncmarketi.com\/index.php\/wp-json\/wp\/v2\/product\/6881"}],"collection":[{"href":"https:\/\/www.cncmarketi.com\/index.php\/wp-json\/wp\/v2\/product"}],"about":[{"href":"https:\/\/www.cncmarketi.com\/index.php\/wp-json\/wp\/v2\/types\/product"}],"replies":[{"embeddable":true,"href":"https:\/\/www.cncmarketi.com\/index.php\/wp-json\/wp\/v2\/comments?post=6881"}],"version-history":[{"count":0,"href":"https:\/\/www.cncmarketi.com\/index.php\/wp-json\/wp\/v2\/product\/6881\/revisions"}],"wp:featuredmedia":[{"embeddable":true,"href":"https:\/\/www.cncmarketi.com\/index.php\/wp-json\/wp\/v2\/media\/6876"}],"wp:attachment":[{"href":"https:\/\/www.cncmarketi.com\/index.php\/wp-json\/wp\/v2\/media?parent=6881"}],"wp:term":[{"taxonomy":"brand","embeddable":true,"href":"https:\/\/www.cncmarketi.com\/index.php\/wp-json\/wp\/v2\/etheme_brands?post=6881"},{"taxonomy":"product_cat","embeddable":true,"href":"https:\/\/www.cncmarketi.com\/index.php\/wp-json\/wp\/v2\/product_cat?post=6881"},{"taxonomy":"product_tag","embeddable":true,"href":"https:\/\/www.cncmarketi.com\/index.php\/wp-json\/wp\/v2\/product_tag?post=6881"}],"curies":[{"name":"wp","href":"https:\/\/api.w.org\/{rel}","templated":true}]}}