{"id":6875,"date":"2023-08-10T15:35:05","date_gmt":"2023-08-10T12:35:05","guid":{"rendered":"https:\/\/www.cncmarketi.com\/index.php\/product\/infrared-reflow-firini-t-937\/"},"modified":"2023-08-10T15:52:53","modified_gmt":"2023-08-10T12:52:53","slug":"infrared-reflow-firini-t-937","status":"publish","type":"product","link":"https:\/\/www.cncmarketi.com\/index.php\/product\/infrared-reflow-firini-t-937\/","title":{"rendered":"Infrared Reflow F\u0131r\u0131n\u0131 T-937"},"content":{"rendered":"<p>Reflow Oven T-937 solder leadfree paste very well. This oven can connect with PC, easy to input\/set\/transmit\/adjust\/save\/manage wave data. The control software is with wave printing function, easy to save\/manage\/analysis the wave data.<br \/>\nAdds the compensation circuit, make the oven temperature stable from different environment. Hot air fan\u00a0assisting, generates uniform accurate heating environment. The temperature range is from room temp to 350\u2103, suit for PCB board and lead\/leadfree paste soldering. Adds\u00a0special exhaust on the back, provides\u00a0good operation environment. Friendly human-machine operation interface, perfect LCD display,\u00a0very easy to operate. Good database management function. Thermostatic timer function.<\/p>\n","protected":false},"excerpt":{"rendered":"<p>Reflow Oven T-937 solder leadfree paste very well. This oven can connect with PC, easy to input\/set\/transmit\/adjust\/save\/manage wave data. The control software is with wave&#8230;<\/p>\n","protected":false},"featured_media":6870,"comment_status":"open","ping_status":"closed","template":"","meta":[],"etheme_brands":[{"term_id":60,"name":"Puhui","slug":"puhui","term_group":0,"term_taxonomy_id":60,"taxonomy":"brand","description":"","parent":0,"count":27,"filter":"raw"}],"product_cat":[63],"product_tag":[],"_links":{"self":[{"href":"https:\/\/www.cncmarketi.com\/index.php\/wp-json\/wp\/v2\/product\/6875"}],"collection":[{"href":"https:\/\/www.cncmarketi.com\/index.php\/wp-json\/wp\/v2\/product"}],"about":[{"href":"https:\/\/www.cncmarketi.com\/index.php\/wp-json\/wp\/v2\/types\/product"}],"replies":[{"embeddable":true,"href":"https:\/\/www.cncmarketi.com\/index.php\/wp-json\/wp\/v2\/comments?post=6875"}],"version-history":[{"count":0,"href":"https:\/\/www.cncmarketi.com\/index.php\/wp-json\/wp\/v2\/product\/6875\/revisions"}],"wp:featuredmedia":[{"embeddable":true,"href":"https:\/\/www.cncmarketi.com\/index.php\/wp-json\/wp\/v2\/media\/6870"}],"wp:attachment":[{"href":"https:\/\/www.cncmarketi.com\/index.php\/wp-json\/wp\/v2\/media?parent=6875"}],"wp:term":[{"taxonomy":"brand","embeddable":true,"href":"https:\/\/www.cncmarketi.com\/index.php\/wp-json\/wp\/v2\/etheme_brands?post=6875"},{"taxonomy":"product_cat","embeddable":true,"href":"https:\/\/www.cncmarketi.com\/index.php\/wp-json\/wp\/v2\/product_cat?post=6875"},{"taxonomy":"product_tag","embeddable":true,"href":"https:\/\/www.cncmarketi.com\/index.php\/wp-json\/wp\/v2\/product_tag?post=6875"}],"curies":[{"name":"wp","href":"https:\/\/api.w.org\/{rel}","templated":true}]}}