{"id":6869,"date":"2023-08-10T15:34:59","date_gmt":"2023-08-10T12:34:59","guid":{"rendered":"https:\/\/www.cncmarketi.com\/index.php\/product\/infrared-reflow-firini-t-962c\/"},"modified":"2023-08-10T15:52:53","modified_gmt":"2023-08-10T12:52:53","slug":"infrared-reflow-firini-t-962c","status":"publish","type":"product","link":"https:\/\/www.cncmarketi.com\/index.php\/product\/infrared-reflow-firini-t-962c\/","title":{"rendered":"Infrared Reflow F\u0131r\u0131n\u0131 T-962C"},"content":{"rendered":"<p>INFRARED IC HEATER T962C works automatically by micro-computer control. Can satisfy SMD, BAG Soldering\u00a0requests. Whole soldering process can be completed automatically, easy to use, Adopts fast infrared radiation, so the solder work is high efficiency.<\/p>\n","protected":false},"excerpt":{"rendered":"<p>INFRARED IC HEATER T962C works automatically by micro-computer control. Can satisfy SMD, BAG Soldering\u00a0requests. Whole soldering process can be completed automatically, easy to use, Adopts&#8230;<\/p>\n","protected":false},"featured_media":6864,"comment_status":"open","ping_status":"closed","template":"","meta":[],"etheme_brands":[{"term_id":60,"name":"Puhui","slug":"puhui","term_group":0,"term_taxonomy_id":60,"taxonomy":"brand","description":"","parent":0,"count":27,"filter":"raw"}],"product_cat":[63],"product_tag":[],"_links":{"self":[{"href":"https:\/\/www.cncmarketi.com\/index.php\/wp-json\/wp\/v2\/product\/6869"}],"collection":[{"href":"https:\/\/www.cncmarketi.com\/index.php\/wp-json\/wp\/v2\/product"}],"about":[{"href":"https:\/\/www.cncmarketi.com\/index.php\/wp-json\/wp\/v2\/types\/product"}],"replies":[{"embeddable":true,"href":"https:\/\/www.cncmarketi.com\/index.php\/wp-json\/wp\/v2\/comments?post=6869"}],"version-history":[{"count":0,"href":"https:\/\/www.cncmarketi.com\/index.php\/wp-json\/wp\/v2\/product\/6869\/revisions"}],"wp:featuredmedia":[{"embeddable":true,"href":"https:\/\/www.cncmarketi.com\/index.php\/wp-json\/wp\/v2\/media\/6864"}],"wp:attachment":[{"href":"https:\/\/www.cncmarketi.com\/index.php\/wp-json\/wp\/v2\/media?parent=6869"}],"wp:term":[{"taxonomy":"brand","embeddable":true,"href":"https:\/\/www.cncmarketi.com\/index.php\/wp-json\/wp\/v2\/etheme_brands?post=6869"},{"taxonomy":"product_cat","embeddable":true,"href":"https:\/\/www.cncmarketi.com\/index.php\/wp-json\/wp\/v2\/product_cat?post=6869"},{"taxonomy":"product_tag","embeddable":true,"href":"https:\/\/www.cncmarketi.com\/index.php\/wp-json\/wp\/v2\/product_tag?post=6869"}],"curies":[{"name":"wp","href":"https:\/\/api.w.org\/{rel}","templated":true}]}}