{"id":6793,"date":"2023-08-09T19:33:48","date_gmt":"2023-08-09T16:33:48","guid":{"rendered":"https:\/\/www.cncmarketi.com\/index.php\/product\/puhui-kanal-yedekleme-firini-t-980\/"},"modified":"2023-08-09T19:51:16","modified_gmt":"2023-08-09T16:51:16","slug":"puhui-konveyor-tunel-reflow-lehimleme-firini-t-980","status":"publish","type":"product","link":"https:\/\/www.cncmarketi.com\/index.php\/product\/puhui-konveyor-tunel-reflow-lehimleme-firini-t-980\/","title":{"rendered":"Puhui Konvey\u00f6r T\u00fcnel Reflow Lehimleme F\u0131r\u0131n\u0131 T-980"},"content":{"rendered":"<h4><strong>Puhui NEW LCD touch screen T-980 model is 8 heating zone conveyor reflow oven with 400*1160mm soldering area. Refining multiple heating zones is better for precise soldering.<\/strong><\/h4>\n<h4><strong>IR and hot air\u00a0heating technology controlling, equipped with special design wind wheel, speed stability and uniform temperature, suit for uninterrupted soldering the LED and BGA components.<\/strong><\/h4>\n<h4><strong>PID intelligent temperature control technology makes\u00a0the temperature control more accurate. Adopts\u00a0the imported large current solid-state relay non-contact output can effectively avoid the IC or circuit board damage due to the rapid or uninterrupted heating up, make the whole welding process more scientific safety.<\/strong><\/h4>\n<h4><strong>The transmission system utilizes stepping motor and stepping motor driver, which runs stably with adjustable speed range of 0-600mm \/ min,2mm\/s-12mm\/s.<\/strong><\/h4>\n<h4><strong>Advanced touch screen control technology, which integrates machine operation,function display\u00a0and monitoring, making the working state display more intuitive, heating process clearer, and operation more convenient.<\/strong><\/h4>\n","protected":false},"excerpt":{"rendered":"<p>Puhui NEW LCD touch screen T-980 model is 8 heating zone conveyor reflow oven with 400*1160mm soldering area. Refining multiple heating zones is better for&#8230;<\/p>\n","protected":false},"featured_media":6788,"comment_status":"open","ping_status":"closed","template":"","meta":[],"etheme_brands":[{"term_id":60,"name":"Puhui","slug":"puhui","term_group":0,"term_taxonomy_id":60,"taxonomy":"brand","description":"","parent":0,"count":27,"filter":"raw"}],"product_cat":[63],"product_tag":[],"_links":{"self":[{"href":"https:\/\/www.cncmarketi.com\/index.php\/wp-json\/wp\/v2\/product\/6793"}],"collection":[{"href":"https:\/\/www.cncmarketi.com\/index.php\/wp-json\/wp\/v2\/product"}],"about":[{"href":"https:\/\/www.cncmarketi.com\/index.php\/wp-json\/wp\/v2\/types\/product"}],"replies":[{"embeddable":true,"href":"https:\/\/www.cncmarketi.com\/index.php\/wp-json\/wp\/v2\/comments?post=6793"}],"version-history":[{"count":0,"href":"https:\/\/www.cncmarketi.com\/index.php\/wp-json\/wp\/v2\/product\/6793\/revisions"}],"wp:featuredmedia":[{"embeddable":true,"href":"https:\/\/www.cncmarketi.com\/index.php\/wp-json\/wp\/v2\/media\/6788"}],"wp:attachment":[{"href":"https:\/\/www.cncmarketi.com\/index.php\/wp-json\/wp\/v2\/media?parent=6793"}],"wp:term":[{"taxonomy":"brand","embeddable":true,"href":"https:\/\/www.cncmarketi.com\/index.php\/wp-json\/wp\/v2\/etheme_brands?post=6793"},{"taxonomy":"product_cat","embeddable":true,"href":"https:\/\/www.cncmarketi.com\/index.php\/wp-json\/wp\/v2\/product_cat?post=6793"},{"taxonomy":"product_tag","embeddable":true,"href":"https:\/\/www.cncmarketi.com\/index.php\/wp-json\/wp\/v2\/product_tag?post=6793"}],"curies":[{"name":"wp","href":"https:\/\/api.w.org\/{rel}","templated":true}]}}