{"id":6787,"date":"2023-08-09T19:32:53","date_gmt":"2023-08-09T16:32:53","guid":{"rendered":"https:\/\/www.cncmarketi.com\/index.php\/product\/kanal-geri-geri-yedek-firini-t-961\/"},"modified":"2023-08-09T19:52:51","modified_gmt":"2023-08-09T16:52:51","slug":"konveyor-tunel-reflow-lehimleme-firini-t-961","status":"publish","type":"product","link":"https:\/\/www.cncmarketi.com\/index.php\/product\/konveyor-tunel-reflow-lehimleme-firini-t-961\/","title":{"rendered":"Konvey\u00f6r T\u00fcnel Reflow Lehimleme F\u0131r\u0131n\u0131 T-961"},"content":{"rendered":"<p><strong>Mini Reflow Oven T-961 selects IR and hot air heating technology controlling, designed\u00a0with special wind wheel, speed stability and uniform temperature, suit for uninterrupted soldering the LED and BGA components.<\/strong><\/p>\n<p><strong>Equipped with the crawler-type and\u00a06 temperature zone heating systems, and each temperature zone uses independent PID controlling and up-down heating type, can make the inside temperature more accurate and well-proportioned, just take about 7 minutes can let it heat up to the working temperature from the room temperature.<\/strong><\/p>\n<p><strong>Adopt the thermocouple temperature measurement and add the compensation circuit, make the temperature measurement more accurate, the wave more perfect.<\/strong><\/p>\n<p><strong>Transmission system adopts imported frequency conversion motor, PID closed-loop speed, smooth operation, speed adjustable range 0-290mm\/min.<\/strong><\/p>\n","protected":false},"excerpt":{"rendered":"<p>Mini Reflow Oven T-961 selects IR and hot air heating technology controlling, designed\u00a0with special wind wheel, speed stability and uniform temperature, suit for uninterrupted soldering&#8230;<\/p>\n","protected":false},"featured_media":6782,"comment_status":"open","ping_status":"closed","template":"","meta":[],"etheme_brands":[{"term_id":60,"name":"Puhui","slug":"puhui","term_group":0,"term_taxonomy_id":60,"taxonomy":"brand","description":"","parent":0,"count":27,"filter":"raw"}],"product_cat":[63],"product_tag":[],"_links":{"self":[{"href":"https:\/\/www.cncmarketi.com\/index.php\/wp-json\/wp\/v2\/product\/6787"}],"collection":[{"href":"https:\/\/www.cncmarketi.com\/index.php\/wp-json\/wp\/v2\/product"}],"about":[{"href":"https:\/\/www.cncmarketi.com\/index.php\/wp-json\/wp\/v2\/types\/product"}],"replies":[{"embeddable":true,"href":"https:\/\/www.cncmarketi.com\/index.php\/wp-json\/wp\/v2\/comments?post=6787"}],"version-history":[{"count":0,"href":"https:\/\/www.cncmarketi.com\/index.php\/wp-json\/wp\/v2\/product\/6787\/revisions"}],"wp:featuredmedia":[{"embeddable":true,"href":"https:\/\/www.cncmarketi.com\/index.php\/wp-json\/wp\/v2\/media\/6782"}],"wp:attachment":[{"href":"https:\/\/www.cncmarketi.com\/index.php\/wp-json\/wp\/v2\/media?parent=6787"}],"wp:term":[{"taxonomy":"brand","embeddable":true,"href":"https:\/\/www.cncmarketi.com\/index.php\/wp-json\/wp\/v2\/etheme_brands?post=6787"},{"taxonomy":"product_cat","embeddable":true,"href":"https:\/\/www.cncmarketi.com\/index.php\/wp-json\/wp\/v2\/product_cat?post=6787"},{"taxonomy":"product_tag","embeddable":true,"href":"https:\/\/www.cncmarketi.com\/index.php\/wp-json\/wp\/v2\/product_tag?post=6787"}],"curies":[{"name":"wp","href":"https:\/\/api.w.org\/{rel}","templated":true}]}}