{"id":6781,"date":"2023-08-09T19:32:30","date_gmt":"2023-08-09T16:32:30","guid":{"rendered":"https:\/\/www.cncmarketi.com\/index.php\/product\/kanal-gozden-gecirme-firini-t-961s\/"},"modified":"2023-08-09T19:55:38","modified_gmt":"2023-08-09T16:55:38","slug":"konveyor-tunel-reflow-lehimleme-firini-t-961s","status":"publish","type":"product","link":"https:\/\/www.cncmarketi.com\/index.php\/product\/konveyor-tunel-reflow-lehimleme-firini-t-961s\/","title":{"rendered":"Konvey\u00f6r T\u00fcnel Reflow Lehimleme F\u0131r\u0131n\u0131 T-961s"},"content":{"rendered":"<h4><span data-mce-fragment=\"1\">PuHui New Arrival LCD Touch Screen 6-heating-zone,Conveyor reflow soldering oven T-961s suits for soldering 1.2m LED tubes and LEAD-FREE PCBs.<\/span><\/h4>\n<h4>\n<strong>Infrared &amp; hot air technology controlling, equipped with special design wind wheel, speed stability and uniform temperature, suit for uninterrupted soldering<\/strong><strong>,<span>\u00a0<\/span><\/strong><strong>especially for\u00a0BGA components.<\/strong><br \/>\n<\/h4>\n<h4><strong>PID intelligent temperature control technology generates uniform accurate heating environment. Adopts\u00a0the imported large current solid-state relay non-contact output can effectively avoid the IC or circuit board damage due to the rapid or uninterrupted heating up, make the whole welding process more scientific safety.<\/strong><\/h4>\n<h4>\n<strong>The transmission system utilizes stepping motor and driver,<\/strong>speed precision can reach \u00b110mm\/min.<\/h4>\n<h4><strong>Advanced touch screen control technology, makes the working state display more intuitive, heating process clearer, and operation more convenient.<\/strong><\/h4>\n","protected":false},"excerpt":{"rendered":"<p>PuHui New Arrival LCD Touch Screen 6-heating-zone,Conveyor reflow soldering oven T-961s suits for soldering 1.2m LED tubes and LEAD-FREE PCBs. Infrared &amp; hot air technology&#8230;<\/p>\n","protected":false},"featured_media":6776,"comment_status":"open","ping_status":"closed","template":"","meta":[],"etheme_brands":[{"term_id":60,"name":"Puhui","slug":"puhui","term_group":0,"term_taxonomy_id":60,"taxonomy":"brand","description":"","parent":0,"count":27,"filter":"raw"}],"product_cat":[63],"product_tag":[],"_links":{"self":[{"href":"https:\/\/www.cncmarketi.com\/index.php\/wp-json\/wp\/v2\/product\/6781"}],"collection":[{"href":"https:\/\/www.cncmarketi.com\/index.php\/wp-json\/wp\/v2\/product"}],"about":[{"href":"https:\/\/www.cncmarketi.com\/index.php\/wp-json\/wp\/v2\/types\/product"}],"replies":[{"embeddable":true,"href":"https:\/\/www.cncmarketi.com\/index.php\/wp-json\/wp\/v2\/comments?post=6781"}],"version-history":[{"count":0,"href":"https:\/\/www.cncmarketi.com\/index.php\/wp-json\/wp\/v2\/product\/6781\/revisions"}],"wp:featuredmedia":[{"embeddable":true,"href":"https:\/\/www.cncmarketi.com\/index.php\/wp-json\/wp\/v2\/media\/6776"}],"wp:attachment":[{"href":"https:\/\/www.cncmarketi.com\/index.php\/wp-json\/wp\/v2\/media?parent=6781"}],"wp:term":[{"taxonomy":"brand","embeddable":true,"href":"https:\/\/www.cncmarketi.com\/index.php\/wp-json\/wp\/v2\/etheme_brands?post=6781"},{"taxonomy":"product_cat","embeddable":true,"href":"https:\/\/www.cncmarketi.com\/index.php\/wp-json\/wp\/v2\/product_cat?post=6781"},{"taxonomy":"product_tag","embeddable":true,"href":"https:\/\/www.cncmarketi.com\/index.php\/wp-json\/wp\/v2\/product_tag?post=6781"}],"curies":[{"name":"wp","href":"https:\/\/api.w.org\/{rel}","templated":true}]}}