{"id":6763,"date":"2023-08-09T19:32:13","date_gmt":"2023-08-09T16:32:13","guid":{"rendered":"https:\/\/www.cncmarketi.com\/index.php\/product\/kanal-geri-geri-geri-cekme-firini-t-960\/"},"modified":"2023-08-09T19:58:24","modified_gmt":"2023-08-09T16:58:24","slug":"konveyor-tunel-reflow-lehimleme-firini-t-960","status":"publish","type":"product","link":"https:\/\/www.cncmarketi.com\/index.php\/product\/konveyor-tunel-reflow-lehimleme-firini-t-960\/","title":{"rendered":"Konvey\u00f6r T\u00fcnel Reflow Lehimleme F\u0131r\u0131n\u0131 T-960"},"content":{"rendered":"<p><span data-mce-fragment=\"1\">Reflow Oven T-960 selects the intelligent level sirocco and rapid infrared heating technology controlling, equipped with special design wind wheel, speed stability and uniform temperature, suit for uninterrupted soldering the LED and BGA components.<\/span><\/p>\n","protected":false},"excerpt":{"rendered":"<p>Reflow Oven T-960 selects the intelligent level sirocco and rapid infrared heating technology controlling, equipped with special design wind wheel, speed stability and uniform temperature,&#8230;<\/p>\n","protected":false},"featured_media":6759,"comment_status":"open","ping_status":"closed","template":"","meta":[],"etheme_brands":[{"term_id":60,"name":"Puhui","slug":"puhui","term_group":0,"term_taxonomy_id":60,"taxonomy":"brand","description":"","parent":0,"count":27,"filter":"raw"}],"product_cat":[63],"product_tag":[],"_links":{"self":[{"href":"https:\/\/www.cncmarketi.com\/index.php\/wp-json\/wp\/v2\/product\/6763"}],"collection":[{"href":"https:\/\/www.cncmarketi.com\/index.php\/wp-json\/wp\/v2\/product"}],"about":[{"href":"https:\/\/www.cncmarketi.com\/index.php\/wp-json\/wp\/v2\/types\/product"}],"replies":[{"embeddable":true,"href":"https:\/\/www.cncmarketi.com\/index.php\/wp-json\/wp\/v2\/comments?post=6763"}],"version-history":[{"count":0,"href":"https:\/\/www.cncmarketi.com\/index.php\/wp-json\/wp\/v2\/product\/6763\/revisions"}],"wp:featuredmedia":[{"embeddable":true,"href":"https:\/\/www.cncmarketi.com\/index.php\/wp-json\/wp\/v2\/media\/6759"}],"wp:attachment":[{"href":"https:\/\/www.cncmarketi.com\/index.php\/wp-json\/wp\/v2\/media?parent=6763"}],"wp:term":[{"taxonomy":"brand","embeddable":true,"href":"https:\/\/www.cncmarketi.com\/index.php\/wp-json\/wp\/v2\/etheme_brands?post=6763"},{"taxonomy":"product_cat","embeddable":true,"href":"https:\/\/www.cncmarketi.com\/index.php\/wp-json\/wp\/v2\/product_cat?post=6763"},{"taxonomy":"product_tag","embeddable":true,"href":"https:\/\/www.cncmarketi.com\/index.php\/wp-json\/wp\/v2\/product_tag?post=6763"}],"curies":[{"name":"wp","href":"https:\/\/api.w.org\/{rel}","templated":true}]}}