{"id":6365,"date":"2023-08-06T08:35:52","date_gmt":"2023-08-06T05:35:52","guid":{"rendered":"https:\/\/www.cncmarketi.com\/index.php\/product\/su-kazik-puskurtme-derecelendirme-test-cihazi-aatcc-22-kumas-su-gecirgenlik-test-cihazi\/"},"modified":"2023-08-06T08:55:40","modified_gmt":"2023-08-06T05:55:40","slug":"su-kazik-puskurtme-derecelendirme-test-cihazi-aatcc-22-kumas-su-gecirgenlik-test-cihazi","status":"publish","type":"product","link":"https:\/\/www.cncmarketi.com\/index.php\/product\/su-kazik-puskurtme-derecelendirme-test-cihazi-aatcc-22-kumas-su-gecirgenlik-test-cihazi\/","title":{"rendered":"Su Kaz\u0131k P\u00fcsk\u00fcrtme Derecelendirme Test Cihaz\u0131, AATCC 22 Kuma\u015f Su Ge\u00e7irgenlik Test Cihaz\u0131"},"content":{"rendered":"<p>Water Repellency Spray Rating Tester, AATCC 22 Fabric Water Permeability Tester<br \/>\nModel<br \/>\nNG-532<br \/>\nMOQ<br \/>\n1 Set<br \/>\nLead Time<br \/>\n3-15 Working Days<br \/>\nCountry of Origin<br \/>\nChina<br \/>\nPackage<br \/>\nStandard Export Wooden Box<br \/>\nOEM &#038; ODM<br \/>\nSupport<br \/>\n\u63cf\u8ff0<br \/>\n\u7528\u6237\u8bc4\u8bba (0)<br \/>\n\u63cf\u8ff0<br \/>\nSummary:<br \/>\nWater Repellency Spray Test Spray Rating Tester can performs a shower test to determine the resistance of fabric to surface wetting by water. Spraying quantitative distilled water on the specimen (at a 45 degree angle and 150 mm below) with standard nozzle. Then contrast and evaluate the specimen surface with the standard cards.<br \/>\nFeatures:<br \/>\nMade by stainless steel, the instrument is durable.<br \/>\nSpecial designed specimen ring clamp, operate easy and keep the result more objective.<br \/>\nThe spray nozzle is a high precision machined component, ensuring the water flow complies exactly with the standards.<br \/>\nStandards:<br \/>\nISO 4920, BS EN 24920, BS 3702, GB\/T 4745, AATCC 22, M&#038;S P23, NEXT 23.<br \/>\nSpecifications:<br \/>\nModel<br \/>\nNG-532<br \/>\nGlass funnel<br \/>\n150x150mm<br \/>\nSpecimen gradient<br \/>\n45degree<br \/>\nDistance between nozzle and center of specimen<br \/>\n150mm<br \/>\nDiameter of specimen rack<br \/>\n150mm<br \/>\nMatched graduate<br \/>\n500mL<br \/>\nDimensions<br \/>\n500x400x500mm (LxMxH)<br \/>\nWeight<br \/>\n5kg<br \/>\nStandards<br \/>\nAATCC 22 ISO 4920<\/p>\n","protected":false},"excerpt":{"rendered":"<p>Water Repellency Spray Rating Tester, AATCC 22 Fabric Water Permeability Tester Model NG-532 MOQ 1 Set Lead Time 3-15 Working Days Country of Origin China&#8230;<\/p>\n","protected":false},"featured_media":6359,"comment_status":"open","ping_status":"closed","template":"","meta":[],"etheme_brands":[{"term_id":67,"name":"Newgoer","slug":"newgoer","term_group":0,"term_taxonomy_id":67,"taxonomy":"brand","description":"","parent":0,"count":271,"filter":"raw"}],"product_cat":[64],"product_tag":[],"_links":{"self":[{"href":"https:\/\/www.cncmarketi.com\/index.php\/wp-json\/wp\/v2\/product\/6365"}],"collection":[{"href":"https:\/\/www.cncmarketi.com\/index.php\/wp-json\/wp\/v2\/product"}],"about":[{"href":"https:\/\/www.cncmarketi.com\/index.php\/wp-json\/wp\/v2\/types\/product"}],"replies":[{"embeddable":true,"href":"https:\/\/www.cncmarketi.com\/index.php\/wp-json\/wp\/v2\/comments?post=6365"}],"version-history":[{"count":0,"href":"https:\/\/www.cncmarketi.com\/index.php\/wp-json\/wp\/v2\/product\/6365\/revisions"}],"wp:featuredmedia":[{"embeddable":true,"href":"https:\/\/www.cncmarketi.com\/index.php\/wp-json\/wp\/v2\/media\/6359"}],"wp:attachment":[{"href":"https:\/\/www.cncmarketi.com\/index.php\/wp-json\/wp\/v2\/media?parent=6365"}],"wp:term":[{"taxonomy":"brand","embeddable":true,"href":"https:\/\/www.cncmarketi.com\/index.php\/wp-json\/wp\/v2\/etheme_brands?post=6365"},{"taxonomy":"product_cat","embeddable":true,"href":"https:\/\/www.cncmarketi.com\/index.php\/wp-json\/wp\/v2\/product_cat?post=6365"},{"taxonomy":"product_tag","embeddable":true,"href":"https:\/\/www.cncmarketi.com\/index.php\/wp-json\/wp\/v2\/product_tag?post=6365"}],"curies":[{"name":"wp","href":"https:\/\/api.w.org\/{rel}","templated":true}]}}