{"id":6316,"date":"2023-08-06T08:35:02","date_gmt":"2023-08-06T05:35:02","guid":{"rendered":"https:\/\/www.cncmarketi.com\/index.php\/product\/vicat-sicaklik-yumusatma-noktasi-test-cihazi-plastik-vst-test-makinesi\/"},"modified":"2023-08-06T08:55:40","modified_gmt":"2023-08-06T05:55:40","slug":"vicat-sicaklik-yumusatma-noktasi-test-cihazi-plastik-vst-test-makinesi","status":"publish","type":"product","link":"https:\/\/www.cncmarketi.com\/index.php\/product\/vicat-sicaklik-yumusatma-noktasi-test-cihazi-plastik-vst-test-makinesi\/","title":{"rendered":"Vicat S\u0131cakl\u0131k Yumu\u015fatma Noktas\u0131 Test Cihaz\u0131, Plastik VST Test Makinesi"},"content":{"rendered":"<p>Vicat Temperature Softening Point Tester, Plastic VST Testing Machine<br \/>\nModel<br \/>\nNG-3215<br \/>\nMOQ<br \/>\n1 Set<br \/>\nLead Time<br \/>\n3-15 Working Days<br \/>\nCountry of Origin<br \/>\nChina<br \/>\nPackage<br \/>\nStandard Export Wooden Box<br \/>\nOEM &#038; ODM<br \/>\nSupport<br \/>\n\u63cf\u8ff0<br \/>\n\u7528\u6237\u8bc4\u8bba (0)<br \/>\n\u63cf\u8ff0<br \/>\nApplication<br \/>\nIt is mainly used for the determination of heat distortion temperature and Vicat softening point temperature of non-metallic materials such as plastic, hard rubber, nylon, electrical insulating materials, long fiber reinforced composite materials, high strength thermosetting laminates. It is easy to operate and precise in control. It is a highly intelligent test instrument widely used in colleges and universities, research institutes and product quality supervision and inspection units.<br \/>\nFeatures<br \/>\nMultiple security protection: Mechanical temperature upper limit protection switch, software temperature upper limit protection, to ensure safe and stable operation of the test.<br \/>\nHigh-precision measurement and control system: The high-performance temperature sensor and the advanced capacitive-type digital display dialimeter are used to accurately measure the small changes of the sample. The advanced PID algorithm and the all-optical isolation phase-modulation module are used for temperature control to ensure that the heating rate error is less than 0.5 \u00b0C.<br \/>\nStandard<br \/>\nISO 2507 Thermoplastics pipes and fittings- Vicat softening temperature \u2013 Part1: General test method\uff1b<br \/>\nISO 75 Plastics \u2013 Determination of temperature of deflection under load;<br \/>\nISO 306 Plastics-Thermoplastic materials \u2013 Determination of Vicat Softening Temperature (VST);<br \/>\nASTMD 1525 Standard Test Method for Vicat Softening Temperature of Plastics;<br \/>\nASTMD 648 Standard Test Method for Deflection Temperature of Plastics Under Flexural Load in The Edgewise Position<br \/>\nSpecifications:<br \/>\nModel<br \/>\nNG-3215<br \/>\nTemperature control range<br \/>\nRoom temperature ~ 300 \u00b0C<br \/>\nMaximum temperature error<br \/>\n\u00b10.5 \u00b0C (50 degree heating rate) \u00b11 \u00b0C (120 degree heating rate)<br \/>\nHeating rate<br \/>\n50\u2103\/h\u3001120\u2103\/h<br \/>\nTemperature measurement point<br \/>\n1<br \/>\nNumber of test racks<br \/>\n3 pieces<br \/>\nDeformation measurement range<br \/>\n-0.1\uff5e10mm<br \/>\nMaximum deformation error<br \/>\n\u00b10.01mm<br \/>\nSample support span<br \/>\n64mm\u3001100mm<br \/>\nUsing media<br \/>\nMethyl silicone oil or transformer oil<br \/>\nCooling method<br \/>\nNatural cooling above 150\u00b0C, water cooling below 150\u00b0C or natural cooling<\/p>\n","protected":false},"excerpt":{"rendered":"<p>Vicat Temperature Softening Point Tester, Plastic VST Testing Machine Model NG-3215 MOQ 1 Set Lead Time 3-15 Working Days Country of Origin China Package Standard&#8230;<\/p>\n","protected":false},"featured_media":6312,"comment_status":"open","ping_status":"closed","template":"","meta":[],"etheme_brands":[{"term_id":67,"name":"Newgoer","slug":"newgoer","term_group":0,"term_taxonomy_id":67,"taxonomy":"brand","description":"","parent":0,"count":271,"filter":"raw"}],"product_cat":[64],"product_tag":[],"_links":{"self":[{"href":"https:\/\/www.cncmarketi.com\/index.php\/wp-json\/wp\/v2\/product\/6316"}],"collection":[{"href":"https:\/\/www.cncmarketi.com\/index.php\/wp-json\/wp\/v2\/product"}],"about":[{"href":"https:\/\/www.cncmarketi.com\/index.php\/wp-json\/wp\/v2\/types\/product"}],"replies":[{"embeddable":true,"href":"https:\/\/www.cncmarketi.com\/index.php\/wp-json\/wp\/v2\/comments?post=6316"}],"version-history":[{"count":0,"href":"https:\/\/www.cncmarketi.com\/index.php\/wp-json\/wp\/v2\/product\/6316\/revisions"}],"wp:featuredmedia":[{"embeddable":true,"href":"https:\/\/www.cncmarketi.com\/index.php\/wp-json\/wp\/v2\/media\/6312"}],"wp:attachment":[{"href":"https:\/\/www.cncmarketi.com\/index.php\/wp-json\/wp\/v2\/media?parent=6316"}],"wp:term":[{"taxonomy":"brand","embeddable":true,"href":"https:\/\/www.cncmarketi.com\/index.php\/wp-json\/wp\/v2\/etheme_brands?post=6316"},{"taxonomy":"product_cat","embeddable":true,"href":"https:\/\/www.cncmarketi.com\/index.php\/wp-json\/wp\/v2\/product_cat?post=6316"},{"taxonomy":"product_tag","embeddable":true,"href":"https:\/\/www.cncmarketi.com\/index.php\/wp-json\/wp\/v2\/product_tag?post=6316"}],"curies":[{"name":"wp","href":"https:\/\/api.w.org\/{rel}","templated":true}]}}