{"id":6311,"date":"2023-08-06T08:34:57","date_gmt":"2023-08-06T05:34:57","guid":{"rendered":"https:\/\/www.cncmarketi.com\/index.php\/product\/uv-hava-durumu-yaslanma-test-odasi-plastik-uv-hizlandirilmis-yaslanma-test-cihazi\/"},"modified":"2023-08-06T08:55:40","modified_gmt":"2023-08-06T05:55:40","slug":"uv-hava-durumu-yaslanma-test-odasi-plastik-uv-hizlandirilmis-yaslanma-test-cihazi","status":"publish","type":"product","link":"https:\/\/www.cncmarketi.com\/index.php\/product\/uv-hava-durumu-yaslanma-test-odasi-plastik-uv-hizlandirilmis-yaslanma-test-cihazi\/","title":{"rendered":"UV Hava Durumu Ya\u015flanma Test Odas\u0131, Plastik UV H\u0131zland\u0131r\u0131lm\u0131\u015f Ya\u015flanma Test Cihaz\u0131"},"content":{"rendered":"<p>\u63cf\u8ff0<br \/>\nSummary:<br \/>\nUV accelerated weathering aging test chamber can provide reliable aging test data to make the exact prediction of products\u2019 weathering fastness (aging resistance)., which is conducive to sift and optimize the formula. uv accelerated weathering aging test chamber is used in many industries, such as: paint, inks, resin, plastics, printing and packaging, adhesives, auto and motorcycle industry, cosmetics, metal, electronic, electroplating, medicine,etc.<br \/>\nUsages:<br \/>\nUV accelerated weathering aging test chamber is the most widely used UV Weathering tester in the world, there are thousands of ultraviolet aging testers coming into use. uv accelerated weathering aging test chamber has become the standard of the UV test, fit standards of ISO, ASTM,DIN,JIS,SAE, BS, ANSI, GM, U.S.GOVT, ect. It can simulate the damage of sunshine, rain, dew to the material quickly and exactly. Damage types including bleaching, discoloration, loss of light, powder, crack, turbidity, bubble-based, embrittlement, strength decline and oxidation need to be engendered in months or years but can engender in a few days or weeks<br \/>\nStandard:<br \/>\nIEC61215, ASTM D4329,D499,D4587,D5208,G154,G53;ISO 4892-3,ISO 11507;EN 534;<br \/>\nBS 2782;JIS D0205;SAE J2020,ect.<br \/>\nFeatures:<br \/>\nUv accelerated weathering aging test chamberis designed according to uses\u2019 operation,<br \/>\nit\u2019s easy to operate, safe and reliable.<br \/>\nThe thickness of specimen installation is adjustable and the specimen installation is fast and convenient.<br \/>\nUv accelerated weathering aging test chamber door rotating up does not interfere with the<br \/>\noperation and the tester takes a very small space only.<br \/>\nUv accelerated weathering aging test chamber hasunique condensating system can be contented by tap water.<br \/>\nThe heater is under the container rather than in the water, which is long life, easy to mainten.<br \/>\nThe water level controller is outside the box, easy to monitor.<br \/>\nUv accelerated weathering aging test chamber has truckles, convenient to move.<br \/>\nComputer programming is convenient, automatically alarming when incorrect operated or<br \/>\nfaulted.<br \/>\n9. Uv accelerated weathering aging test chamberhas Chinese and English instruction book, convenient to consult.<br \/>\nSpecifications:<br \/>\nInside dimension<br \/>\n450*1170*500mm<br \/>\nMaterials<br \/>\nInside and Outside SUS#304 stainless steel<br \/>\nTemperature range<br \/>\nRT+10~70\u00b0C<br \/>\nTemperature uniformity<br \/>\n\u00b12\u00b0C<br \/>\nTemperature fluctuation<br \/>\n\u00b10.5\u00b0C<br \/>\nTemperature control<br \/>\nPID SSR control<br \/>\nHumidity range:<br \/>\n95%RH<br \/>\nController<br \/>\nKorean TEMI 880 programmable controller<br \/>\nControl mode<br \/>\nBalance temperature humidity control (BTHC)<br \/>\nTest cycle setting<br \/>\nIllumination, condensation and water spray test cycle is programmable<br \/>\nLamp power<br \/>\n40W\/Piece<br \/>\nDistance from sample to lamp<br \/>\n50\u00b12mm (adjustable)<br \/>\nCentre distance between the lamp<br \/>\n70mm<br \/>\nWavelength ultraviolet light<br \/>\nWavelength ultraviolet light<br \/>\nIrradiation black panel temperature<br \/>\n45\u00b0C~80\u00b0C<br \/>\nStandard Specimen Size<br \/>\n48* 75\u00d7150mm (special specifications can be custom-made)<br \/>\nWater consumption<br \/>\n8L per day<br \/>\nTesting time<br \/>\n0~999H, adjustable<br \/>\nPower<br \/>\n220V\/50Hz \/\u00b110% 4.5KW<\/p>\n","protected":false},"excerpt":{"rendered":"<p>\u63cf\u8ff0 Summary: UV accelerated weathering aging test chamber can provide reliable aging test data to make the exact prediction of products\u2019 weathering fastness (aging resistance).,&#8230;<\/p>\n","protected":false},"featured_media":6305,"comment_status":"open","ping_status":"closed","template":"","meta":[],"etheme_brands":[{"term_id":67,"name":"Newgoer","slug":"newgoer","term_group":0,"term_taxonomy_id":67,"taxonomy":"brand","description":"","parent":0,"count":271,"filter":"raw"}],"product_cat":[64],"product_tag":[],"_links":{"self":[{"href":"https:\/\/www.cncmarketi.com\/index.php\/wp-json\/wp\/v2\/product\/6311"}],"collection":[{"href":"https:\/\/www.cncmarketi.com\/index.php\/wp-json\/wp\/v2\/product"}],"about":[{"href":"https:\/\/www.cncmarketi.com\/index.php\/wp-json\/wp\/v2\/types\/product"}],"replies":[{"embeddable":true,"href":"https:\/\/www.cncmarketi.com\/index.php\/wp-json\/wp\/v2\/comments?post=6311"}],"version-history":[{"count":0,"href":"https:\/\/www.cncmarketi.com\/index.php\/wp-json\/wp\/v2\/product\/6311\/revisions"}],"wp:featuredmedia":[{"embeddable":true,"href":"https:\/\/www.cncmarketi.com\/index.php\/wp-json\/wp\/v2\/media\/6305"}],"wp:attachment":[{"href":"https:\/\/www.cncmarketi.com\/index.php\/wp-json\/wp\/v2\/media?parent=6311"}],"wp:term":[{"taxonomy":"brand","embeddable":true,"href":"https:\/\/www.cncmarketi.com\/index.php\/wp-json\/wp\/v2\/etheme_brands?post=6311"},{"taxonomy":"product_cat","embeddable":true,"href":"https:\/\/www.cncmarketi.com\/index.php\/wp-json\/wp\/v2\/product_cat?post=6311"},{"taxonomy":"product_tag","embeddable":true,"href":"https:\/\/www.cncmarketi.com\/index.php\/wp-json\/wp\/v2\/product_tag?post=6311"}],"curies":[{"name":"wp","href":"https:\/\/api.w.org\/{rel}","templated":true}]}}