{"id":6283,"date":"2023-08-06T08:34:26","date_gmt":"2023-08-06T05:34:26","guid":{"rendered":"https:\/\/www.cncmarketi.com\/index.php\/product\/evrensel-fermuar-burulma-yorgunluk-test-makinesi-fermuari-kafa-tork-yasam-test-cihazi\/"},"modified":"2023-08-06T08:55:40","modified_gmt":"2023-08-06T05:55:40","slug":"evrensel-fermuar-burulma-yorgunluk-test-makinesi-fermuari-kafa-tork-yasam-test-cihazi","status":"publish","type":"product","link":"https:\/\/www.cncmarketi.com\/index.php\/product\/evrensel-fermuar-burulma-yorgunluk-test-makinesi-fermuari-kafa-tork-yasam-test-cihazi\/","title":{"rendered":"Evrensel Fermuar Burulma Yorgunluk Test Makinesi, Fermuar\u0131 Kafa Tork Ya\u015fam Test Cihaz\u0131"},"content":{"rendered":"<p>Universal Zipper Torsion Fatigue Testing Machine, Zipper Head Torque Life Tester<br \/>\nModel<br \/>\nNG-NS01<br \/>\nMOQ<br \/>\n1 Set<br \/>\nLead Time<br \/>\n3-15 Working Days<br \/>\nCountry of Origin<br \/>\nChina<br \/>\nPackage<br \/>\nStandard Export Wooden Box<br \/>\nOEM &#038; ODM<br \/>\nSupport<br \/>\n\u63cf\u8ff0<br \/>\n\u7528\u6237\u8bc4\u8bba (0)<br \/>\n\u63cf\u8ff0<br \/>\nApplication<br \/>\nThis machine is suitable for testing the binding strength of the zipper pullers and the ability to withstand the torsion value, so as to provide various reference and quality control for the production.<br \/>\nStandrds<br \/>\nMeeting standard: QB\/T 2171-2001.QB\/T 2172,QB\/T 2173<br \/>\nPrinciples<br \/>\nControl mode: the Taiwan letter jie touch screen + PLC, servo motor drive, Chinese interface, easy operation, all the test conditions directly by the touch screen input: Angle, velocity and other parameters can be set;<br \/>\nSpecifications<br \/>\nTorque range<br \/>\n5.000N.m (500cn.m)<br \/>\nTorque accuracy<br \/>\n0.1 cn.m<br \/>\nTorsion Angle<br \/>\n\u00b1150\u00b0<br \/>\nTorsion Angle accuracy<br \/>\n0.1\u00b0<br \/>\nTorsional speed<br \/>\n0.5r\/min-2.0r\/min<br \/>\nDeceleration ratio<br \/>\n20 times<br \/>\nPower supply<br \/>\nAC220V, 50Hz, 100W<br \/>\nExternal dimensions<br \/>\n460\u00d7410\u00d7550mm<br \/>\nWeight<br \/>\n50kg<br \/>\nFeatures:<br \/>\nTouch screen control, simple interface, easy to operate, touch sensitive, switch between Chinese and English.<br \/>\nThe torsional fixture is made of stainless steel, with a simple and elegant appearance.<br \/>\nThe rotating structure adopts low noise reducer, which runs smoothly and has low noise.<br \/>\nThree test methods: torsion break test, fixed Angle and fixed load.<br \/>\nCan connect to computer and printer.<br \/>\nAll experimental data can be inquired without connecting to the computer.<br \/>\n7, Microcomputer control, automatic testing, calculation and analysis results, printing data.<br \/>\nUnits can be switched (cn.m and N.m).<\/p>\n","protected":false},"excerpt":{"rendered":"<p>Universal Zipper Torsion Fatigue Testing Machine, Zipper Head Torque Life Tester Model NG-NS01 MOQ 1 Set Lead Time 3-15 Working Days Country of Origin China&#8230;<\/p>\n","protected":false},"featured_media":6277,"comment_status":"open","ping_status":"closed","template":"","meta":[],"etheme_brands":[{"term_id":67,"name":"Newgoer","slug":"newgoer","term_group":0,"term_taxonomy_id":67,"taxonomy":"brand","description":"","parent":0,"count":271,"filter":"raw"}],"product_cat":[64],"product_tag":[],"_links":{"self":[{"href":"https:\/\/www.cncmarketi.com\/index.php\/wp-json\/wp\/v2\/product\/6283"}],"collection":[{"href":"https:\/\/www.cncmarketi.com\/index.php\/wp-json\/wp\/v2\/product"}],"about":[{"href":"https:\/\/www.cncmarketi.com\/index.php\/wp-json\/wp\/v2\/types\/product"}],"replies":[{"embeddable":true,"href":"https:\/\/www.cncmarketi.com\/index.php\/wp-json\/wp\/v2\/comments?post=6283"}],"version-history":[{"count":0,"href":"https:\/\/www.cncmarketi.com\/index.php\/wp-json\/wp\/v2\/product\/6283\/revisions"}],"wp:featuredmedia":[{"embeddable":true,"href":"https:\/\/www.cncmarketi.com\/index.php\/wp-json\/wp\/v2\/media\/6277"}],"wp:attachment":[{"href":"https:\/\/www.cncmarketi.com\/index.php\/wp-json\/wp\/v2\/media?parent=6283"}],"wp:term":[{"taxonomy":"brand","embeddable":true,"href":"https:\/\/www.cncmarketi.com\/index.php\/wp-json\/wp\/v2\/etheme_brands?post=6283"},{"taxonomy":"product_cat","embeddable":true,"href":"https:\/\/www.cncmarketi.com\/index.php\/wp-json\/wp\/v2\/product_cat?post=6283"},{"taxonomy":"product_tag","embeddable":true,"href":"https:\/\/www.cncmarketi.com\/index.php\/wp-json\/wp\/v2\/product_tag?post=6283"}],"curies":[{"name":"wp","href":"https:\/\/api.w.org\/{rel}","templated":true}]}}