{"id":6249,"date":"2023-08-06T08:33:50","date_gmt":"2023-08-06T05:33:50","guid":{"rendered":"https:\/\/www.cncmarketi.com\/index.php\/product\/oyuncaklar-kinetik-enerji-test-cihazi-cocuk-oyuncak-test-ekipmani-mermi-hiz-test-cihazi\/"},"modified":"2023-08-06T08:56:25","modified_gmt":"2023-08-06T05:56:25","slug":"oyuncaklar-kinetik-enerji-test-cihazi-cocuk-oyuncak-test-ekipmani-mermi-hiz-test-cihazi","status":"publish","type":"product","link":"https:\/\/www.cncmarketi.com\/index.php\/product\/oyuncaklar-kinetik-enerji-test-cihazi-cocuk-oyuncak-test-ekipmani-mermi-hiz-test-cihazi\/","title":{"rendered":"Oyuncaklar Kinetik Enerji Test Cihaz\u0131, \u00c7ocuk Oyuncak Test Ekipman\u0131 Mermi H\u0131z Test Cihaz\u0131"},"content":{"rendered":"<p>Toys Kinetic Energy Tester, Children Toys Testing Equipment Projectile Velocity Tester<br \/>\nModel<br \/>\nNG-318<br \/>\nMOQ<br \/>\n1 Set<br \/>\nLead Time<br \/>\n3-15 Working Days<br \/>\nCountry of Origin<br \/>\nChina<br \/>\nPackage<br \/>\nStandard Export Wooden Box<br \/>\nOEM &#038; ODM<br \/>\nSupport<br \/>\n\u63cf\u8ff0<br \/>\n\u7528\u6237\u8bc4\u8bba (0)<br \/>\n\u63cf\u8ff0<br \/>\nApplication:<br \/>\nTo determine the size catapults kinetic energy of toys, the ejection of parts of the test apparatus through the tube or external testing of the components of the two sensors detect the ejection toy parts used away after a certain period of time, it has calculated the move Energy. The main instruments used for this test launch of baby toys or children\u2019s safety.<br \/>\nPrinciple:<br \/>\nWhen the sample is injected from the front of the test channel, the instrument can automatically capture the speed of the object and automatically record the time difference between the position before and after passing the test induction. According to the measured time value and sample weight, the kinetic energy value of the sample and its risk can be calculated.<br \/>\nSpecification:<br \/>\nModel<br \/>\nNG-318<br \/>\nSample test range<br \/>\n0.001g~1000,000.000g<br \/>\nResponse time<br \/>\n10uS.<br \/>\nSpeedometer time<br \/>\n1uS-15.000000S<br \/>\nProjectile size<br \/>\nmaximum 50mm diameter<br \/>\nMinimum 2mm diameter<br \/>\nInternal testing channel size<br \/>\n76mmx76mm<br \/>\nSensors distance<br \/>\n6inch ( internal sensor )<br \/>\nAdjustable<br \/>\n40mm \u2013 400mm ( external sensor)<br \/>\nDirect-reading<br \/>\nInduction time, Test speed, Test power , Sample weight<br \/>\nPrinter<br \/>\nThermal printer<br \/>\nDimensions<br \/>\n350 x 420 x 210mm (L x W x H)<br \/>\nWeight<br \/>\n20kg<br \/>\nStandards<br \/>\nISO 8124-1 EN-71-1 16 CFR 1500 ASTM F963 4.8<\/p>\n","protected":false},"excerpt":{"rendered":"<p>Toys Kinetic Energy Tester, Children Toys Testing Equipment Projectile Velocity Tester Model NG-318 MOQ 1 Set Lead Time 3-15 Working Days Country of Origin China&#8230;<\/p>\n","protected":false},"featured_media":6243,"comment_status":"open","ping_status":"closed","template":"","meta":[],"etheme_brands":[{"term_id":67,"name":"Newgoer","slug":"newgoer","term_group":0,"term_taxonomy_id":67,"taxonomy":"brand","description":"","parent":0,"count":271,"filter":"raw"}],"product_cat":[64],"product_tag":[],"_links":{"self":[{"href":"https:\/\/www.cncmarketi.com\/index.php\/wp-json\/wp\/v2\/product\/6249"}],"collection":[{"href":"https:\/\/www.cncmarketi.com\/index.php\/wp-json\/wp\/v2\/product"}],"about":[{"href":"https:\/\/www.cncmarketi.com\/index.php\/wp-json\/wp\/v2\/types\/product"}],"replies":[{"embeddable":true,"href":"https:\/\/www.cncmarketi.com\/index.php\/wp-json\/wp\/v2\/comments?post=6249"}],"version-history":[{"count":0,"href":"https:\/\/www.cncmarketi.com\/index.php\/wp-json\/wp\/v2\/product\/6249\/revisions"}],"wp:featuredmedia":[{"embeddable":true,"href":"https:\/\/www.cncmarketi.com\/index.php\/wp-json\/wp\/v2\/media\/6243"}],"wp:attachment":[{"href":"https:\/\/www.cncmarketi.com\/index.php\/wp-json\/wp\/v2\/media?parent=6249"}],"wp:term":[{"taxonomy":"brand","embeddable":true,"href":"https:\/\/www.cncmarketi.com\/index.php\/wp-json\/wp\/v2\/etheme_brands?post=6249"},{"taxonomy":"product_cat","embeddable":true,"href":"https:\/\/www.cncmarketi.com\/index.php\/wp-json\/wp\/v2\/product_cat?post=6249"},{"taxonomy":"product_tag","embeddable":true,"href":"https:\/\/www.cncmarketi.com\/index.php\/wp-json\/wp\/v2\/product_tag?post=6249"}],"curies":[{"name":"wp","href":"https:\/\/api.w.org\/{rel}","templated":true}]}}