{"id":6221,"date":"2023-08-06T08:33:21","date_gmt":"2023-08-06T05:33:21","guid":{"rendered":"https:\/\/www.cncmarketi.com\/index.php\/product\/uc-eksenli-yuk-inme-egrisi-test-cihazi-xyz-dugmesi-anahtar-yuk-degistirme-analizi-test-cihazi\/"},"modified":"2023-08-06T08:56:26","modified_gmt":"2023-08-06T05:56:26","slug":"uc-eksenli-yuk-inme-egrisi-test-cihazi-xyz-dugmesi-anahtar-yuk-degistirme-analizi-test-cihazi","status":"publish","type":"product","link":"https:\/\/www.cncmarketi.com\/index.php\/product\/uc-eksenli-yuk-inme-egrisi-test-cihazi-xyz-dugmesi-anahtar-yuk-degistirme-analizi-test-cihazi\/","title":{"rendered":"\u00dc\u00e7 Eksenli Y\u00fck \u0130nme E\u011frisi Test Cihaz\u0131, XYZ D\u00fc\u011fmesi Anahtar Y\u00fck De\u011fi\u015ftirme Analizi Test Cihaz\u0131"},"content":{"rendered":"<p>\u63cf\u8ff0<br \/>\nSummary:<br \/>\nThis tester is suitable for various stress tests. set coordinates, then do test automatically, record and<br \/>\ndisplay the test values. All the information\/data can be stored (test conditions,load- displacement curves,<br \/>\nlife curves and check report.etc.) On the keyboard,screen,display,pad multipoint pressure automatic measurements and rebound.<br \/>\n1, Coordinate input can be entered manually. It can also be entered in the input matrix. (Meet the demand of different test sequence.)<br \/>\n2, It can set the Z axis coordinates to raised specific points automatically to avoid product specific point<br \/>\nabove normal height.<br \/>\n3, It can automatically judge test result when a version testing finished, with red-green color distinguish<br \/>\nspecialize test result.<br \/>\n4, Automatic statistics, for testing a version of the cycle<br \/>\n5, Each group automatically calculates the defective rate and total number of test.<br \/>\n6, Test data is comparable with international branded testing machine.<br \/>\n7, It can do a stress test on the screen,display multi-point stress test and PDA stress test.<br \/>\nTest Items:<br \/>\nGeneral product automatic multipoint strength test.<br \/>\nButtons (keyboard) curve test (multipoint displacement automatically).<br \/>\nLCD pressure resistance test (multipoint displacement automatically).<br \/>\nStress life test (multipoint displacement automatically).<br \/>\nSelect Functions:<br \/>\nFunction of testing force and displacement on conduction point.<br \/>\nSetting the value of impedance on Conduction point .<br \/>\nDynamic impedance test system.<br \/>\nFeatures:<br \/>\nCan input X-Y coordinate, the tester will automatically test.<br \/>\nCan input Max test stroke and load, Computer system automatically control and test.<br \/>\nCan set load, when value reaches the setting value,teater will pause or return.<br \/>\nCan set test stroke, when it reaches the setting value, tester will pause or return.<br \/>\nCan print and store graphics.(load-stroke curve, lifetime curve, test reports)<br \/>\nTest data are stored on the hard disk.(each data can be stored. Unlimited)<br \/>\nTest conditions are set by computer. Including load, stroke, speed, frequency, air compression, time of pause, etc.<br \/>\nTest report can be saved to Excel to edit or output directly.<br \/>\nSpecifications<br \/>\nMotor<br \/>\nPanasonic servo motor<br \/>\nTransmission Structure<br \/>\nBall spiral welding<br \/>\nTo X-axis , maximum range of movement<br \/>\n400mm<br \/>\nTo Y-axis , maximum range of movement<br \/>\n250mm<br \/>\nTo Z-axis , maximum range of movement<br \/>\n100mm<br \/>\nMaximum speed in X\/Y-<br \/>\naxis<br \/>\n500mm\/min<br \/>\nTo Z-axis ,Maximum measurement speed<br \/>\n200mm\/min<br \/>\nMinimum trimming distance<br \/>\n0.01mm<br \/>\nMain unit dimension<br \/>\n650mm(L)*850mm(W)*900mm(D)<br \/>\nMain unit weight<br \/>\n100Kg<br \/>\nVoltage<br \/>\nAC220V<br \/>\nNet weight of the control system<br \/>\n0.1gf<br \/>\nLoad cell<br \/>\n1Kgf or 2Kgf or 5Kgf<br \/>\nLoad minimum read value<br \/>\n0.01g<br \/>\nProbe specifications<br \/>\nIndividual sensors correspond to diameter of<br \/>\n2, 4, 6, 8, 10MM<\/p>\n","protected":false},"excerpt":{"rendered":"<p>\u63cf\u8ff0 Summary: This tester is suitable for various stress tests. set coordinates, then do test automatically, record and display the test values. All the information\/data&#8230;<\/p>\n","protected":false},"featured_media":6215,"comment_status":"open","ping_status":"closed","template":"","meta":[],"etheme_brands":[{"term_id":67,"name":"Newgoer","slug":"newgoer","term_group":0,"term_taxonomy_id":67,"taxonomy":"brand","description":"","parent":0,"count":271,"filter":"raw"}],"product_cat":[64],"product_tag":[],"_links":{"self":[{"href":"https:\/\/www.cncmarketi.com\/index.php\/wp-json\/wp\/v2\/product\/6221"}],"collection":[{"href":"https:\/\/www.cncmarketi.com\/index.php\/wp-json\/wp\/v2\/product"}],"about":[{"href":"https:\/\/www.cncmarketi.com\/index.php\/wp-json\/wp\/v2\/types\/product"}],"replies":[{"embeddable":true,"href":"https:\/\/www.cncmarketi.com\/index.php\/wp-json\/wp\/v2\/comments?post=6221"}],"version-history":[{"count":0,"href":"https:\/\/www.cncmarketi.com\/index.php\/wp-json\/wp\/v2\/product\/6221\/revisions"}],"wp:featuredmedia":[{"embeddable":true,"href":"https:\/\/www.cncmarketi.com\/index.php\/wp-json\/wp\/v2\/media\/6215"}],"wp:attachment":[{"href":"https:\/\/www.cncmarketi.com\/index.php\/wp-json\/wp\/v2\/media?parent=6221"}],"wp:term":[{"taxonomy":"brand","embeddable":true,"href":"https:\/\/www.cncmarketi.com\/index.php\/wp-json\/wp\/v2\/etheme_brands?post=6221"},{"taxonomy":"product_cat","embeddable":true,"href":"https:\/\/www.cncmarketi.com\/index.php\/wp-json\/wp\/v2\/product_cat?post=6221"},{"taxonomy":"product_tag","embeddable":true,"href":"https:\/\/www.cncmarketi.com\/index.php\/wp-json\/wp\/v2\/product_tag?post=6221"}],"curies":[{"name":"wp","href":"https:\/\/api.w.org\/{rel}","templated":true}]}}