{"id":6214,"date":"2023-08-06T08:33:15","date_gmt":"2023-08-06T05:33:15","guid":{"rendered":"https:\/\/www.cncmarketi.com\/index.php\/product\/taber-tipi-asinma-direnci-test-makinesi-taber-test-cihazi\/"},"modified":"2023-08-06T08:56:26","modified_gmt":"2023-08-06T05:56:26","slug":"taber-tipi-asinma-direnci-test-makinesi-taber-test-cihazi","status":"publish","type":"product","link":"https:\/\/www.cncmarketi.com\/index.php\/product\/taber-tipi-asinma-direnci-test-makinesi-taber-test-cihazi\/","title":{"rendered":"Taber tipi a\u015f\u0131nma direnci test makinesi, taber test cihaz\u0131"},"content":{"rendered":"<p>\u63cf\u8ff0<br \/>\nSummary:<br \/>\nTaber Abrasion Tester ASTM D7255 Leather Rotary Abraser for Wear Test applied to do the test of wear-resistant in skin, leather, cloth, paint, paper, flooring, plywood, glass and natural rubber.<br \/>\nThe method is using the standard knife cutting the specimen, and then using the regulated model<br \/>\nof grinding wheel with loading weight to be abrased, Specimen to be removed after rotation to<br \/>\nreach a certain number, observe the condition of the specimen or compare the weight with the<br \/>\nprevious materials, For the choice of grinding wheel models: H18, H22, CS17, S32, S33.<br \/>\nCorresponding standard:<br \/>\nDIN-53754,53799,53109,52347,TAPPI-T476,ASTM-D1044,D3884,ISO-5470<br \/>\nDin53754 Taber Abraser \/ Taber Abrasion Tester for Sale<br \/>\nApplicable industry<br \/>\nTaber Abraser Tester used in testing the performance of leather products, such as suitcases, carpets,cardboard, clothing, glass, plastic coating, ceramic tile, metal plating, paints, varnishes, decorative sheets,high-pressure sheets, plastics, textiles, flexible floor mats, traffic paint, anodizing layer, blankets, electronic components, decorative plates, wax, label, leather, dental materials, car ornaments, resin, furniture, and scientific research laboratories; commodity inspection, arbitration, and technical supervision department.<br \/>\nTesting reference:<br \/>\nPaint<br \/>\nBrick<br \/>\nPlywood<br \/>\nPlastic<br \/>\nCS10<br \/>\nCS17<br \/>\nCS17<br \/>\nS32<br \/>\nS33<br \/>\nCS17<br \/>\nH18H22<br \/>\nMachine Specifications:<br \/>\nAbrasion Whee;<br \/>\nDiameter 2 inches, Width 1\/2 inches<br \/>\nLoad<br \/>\n250g, 500g, 750g (1000g for optional)<br \/>\nCounter<br \/>\n6 digit electronic display, automatic shut down<br \/>\nTesting disk speed<br \/>\n1-82RPM, adjustable<br \/>\n(default set value 60RPM)<br \/>\nAccessories<br \/>\n\u25cf Vacuum cleaner 1<br \/>\n\u25cf Paster 3 pieces<br \/>\n\u25cf Abrasive paper 3 pieces<br \/>\n\u25cf 250g, 500g, 750g weight each for 2<br \/>\n\u25cf Wrench 1<br \/>\n\u25cf Taber Abrasive wheel<br \/>\nPower<br \/>\nAC220V \/ 50HZ<br \/>\nComputational formular<br \/>\nAbrasion index computational formula = Abrasion loss weight \u00d7100 Test turnover number<\/p>\n","protected":false},"excerpt":{"rendered":"<p>\u63cf\u8ff0 Summary: Taber Abrasion Tester ASTM D7255 Leather Rotary Abraser for Wear Test applied to do the test of wear-resistant in skin, leather, cloth, paint,&#8230;<\/p>\n","protected":false},"featured_media":6208,"comment_status":"open","ping_status":"closed","template":"","meta":[],"etheme_brands":[{"term_id":67,"name":"Newgoer","slug":"newgoer","term_group":0,"term_taxonomy_id":67,"taxonomy":"brand","description":"","parent":0,"count":271,"filter":"raw"}],"product_cat":[64],"product_tag":[],"_links":{"self":[{"href":"https:\/\/www.cncmarketi.com\/index.php\/wp-json\/wp\/v2\/product\/6214"}],"collection":[{"href":"https:\/\/www.cncmarketi.com\/index.php\/wp-json\/wp\/v2\/product"}],"about":[{"href":"https:\/\/www.cncmarketi.com\/index.php\/wp-json\/wp\/v2\/types\/product"}],"replies":[{"embeddable":true,"href":"https:\/\/www.cncmarketi.com\/index.php\/wp-json\/wp\/v2\/comments?post=6214"}],"version-history":[{"count":0,"href":"https:\/\/www.cncmarketi.com\/index.php\/wp-json\/wp\/v2\/product\/6214\/revisions"}],"wp:featuredmedia":[{"embeddable":true,"href":"https:\/\/www.cncmarketi.com\/index.php\/wp-json\/wp\/v2\/media\/6208"}],"wp:attachment":[{"href":"https:\/\/www.cncmarketi.com\/index.php\/wp-json\/wp\/v2\/media?parent=6214"}],"wp:term":[{"taxonomy":"brand","embeddable":true,"href":"https:\/\/www.cncmarketi.com\/index.php\/wp-json\/wp\/v2\/etheme_brands?post=6214"},{"taxonomy":"product_cat","embeddable":true,"href":"https:\/\/www.cncmarketi.com\/index.php\/wp-json\/wp\/v2\/product_cat?post=6214"},{"taxonomy":"product_tag","embeddable":true,"href":"https:\/\/www.cncmarketi.com\/index.php\/wp-json\/wp\/v2\/product_tag?post=6214"}],"curies":[{"name":"wp","href":"https:\/\/api.w.org\/{rel}","templated":true}]}}