{"id":6207,"date":"2023-08-06T08:33:06","date_gmt":"2023-08-06T05:33:06","guid":{"rendered":"https:\/\/www.cncmarketi.com\/index.php\/product\/termal-sok-direnc-testi-odasi-sicak-soguk-sok-iklim-test-cihazi\/"},"modified":"2023-08-06T08:56:26","modified_gmt":"2023-08-06T05:56:26","slug":"termal-sok-direnc-testi-odasi-sicak-soguk-sok-iklim-test-cihazi","status":"publish","type":"product","link":"https:\/\/www.cncmarketi.com\/index.php\/product\/termal-sok-direnc-testi-odasi-sicak-soguk-sok-iklim-test-cihazi\/","title":{"rendered":"Termal \u015eok Diren\u00e7 Testi Odas\u0131, S\u0131cak So\u011fuk \u015eok \u0130klim Test Cihaz\u0131"},"content":{"rendered":"<p>Thermal Shock Resistance Test Chamber, Hot Cold Shock Climatic Tester<br \/>\nModel<br \/>\nNG-CJ<br \/>\nMOQ<br \/>\n1 Set<br \/>\nLead Time<br \/>\n3-15 Working Days<br \/>\nCountry of Origin<br \/>\nChina<br \/>\nPackage<br \/>\nStandard Export Wooden Box<br \/>\nOEM &#038; ODM<br \/>\nSupport<br \/>\n\u63cf\u8ff0<br \/>\n\u7528\u6237\u8bc4\u8bba (0)<br \/>\n\u63cf\u8ff0<br \/>\nSummary:<br \/>\nThermal shock climatic test chamber can be used in testing composite material and material<br \/>\nstructure\u2019s result which under continuous environment with high temperature or low temperature shock in short time; It means this product can test the material\u2019s chemical change or physics change by expansion and contraction within short time. It\u2019s application to metal, plastic, rubber, electronic etc materials and can be used for product improvement\u2019s reference.<br \/>\nApplicable industries:<br \/>\nIt applied to aviation, military, ships, electrical, electronics, instruments and meters; medical equipment; civilian nuclear energy; colleges and universities; research laboratories; commodity inspection, arbitration, and technical supervision departments; Building materials ceramic; petroleum<br \/>\nand chemical products, for high and low temperature impact test.<br \/>\nStandards:<br \/>\nGB\/T2423.1-1989 low-temperature testing method<br \/>\n\u2022 GB\/T2423.2-1989 high-temperature testing method<br \/>\n\u2022 GB\/T2423.22-1989 temperature test<br \/>\n\u2022 GJB150.5-86 temperature impact test<br \/>\n\u2022 GJB360.7-87 temperature impact test<br \/>\n\u2022 GJB367.2-87 405 temperature impact test<br \/>\nFeatures:<br \/>\nThe thermal shock tester is divided into three sections: the high temperature chamber, the low temperature chamber and the testing chamber.<br \/>\nThe color touch panel control system was made in Japan can display Chinese \/ English. The big size liquid-crystal LCD has been adopted.<br \/>\nHigh temperature shock or low temperature impact, the maximum time up to 999H, the maximum cycle up to 9999 times.<br \/>\nAll equipment is fully automatic, and all process are precisely controlled with P.L.C.S.<br \/>\nOf any part of the malfunctions, the machine will automatically shuts down and a warning light switches o<br \/>\nMachine can be shut down automatically in case of electrical power instabilities.<br \/>\nCan test the impact of RT,perform to meet the standards and test method: 5; GJB360.7; GB\/2423.22<br \/>\nSpecification:<br \/>\nMain Technical Parameters<br \/>\nModel<br \/>\nNG-CJ50<br \/>\nNG-CJ80<br \/>\nNG-CJ150<br \/>\nNG-CJ225<br \/>\nNG-CJ408<br \/>\nInternal Dimension (cm)<br \/>\n36*35*40<br \/>\n50*40*40<br \/>\n60*50*50<br \/>\n50*75*60<br \/>\n60*85*80<br \/>\nTemperature range<br \/>\n-40\u2103\uff5e150\u2103<br \/>\nPreheating temperature<br \/>\nRT~180\u2103<br \/>\nPrecooling temperature<br \/>\nRT\uff5e-70\u2103<br \/>\nTemperature fluctuation<br \/>\n\u00b10.5\u2103<br \/>\nTemperature accuracy<br \/>\n\u00b12.0\u2103<br \/>\nTemperature recovering time<br \/>\n\u22643\uff5e5min<br \/>\nMechanical Structure and materials<br \/>\nInner material<br \/>\nSUS#304 stainless steel<br \/>\nOuter material<br \/>\nSUS#304 stainless steel<br \/>\nInsulation material<br \/>\nHigh-precision glass wool + PU foam rubber<br \/>\nAir conditioning<br \/>\nDraught fan; Heater; Evaporator; Ventilation door; Temperature sensor<br \/>\nStandard configuration<br \/>\nCompartment frame 2; Levelers 4; Trundle 6; Power line (3m) 1<br \/>\nRefrigeration System<br \/>\nWorking mode<br \/>\nCompressor binary refrigerating<br \/>\nRefrigeration compressor<br \/>\nFrance Tecumseh compressor 2 pcs<br \/>\nEvaporator<br \/>\nFin-speed heater<br \/>\nCondenser<br \/>\nDouble-pipe heat interchanger<br \/>\nThrottling device<br \/>\nOriginal imported electromagnetic valve, dry filter, capillary<br \/>\nEvaporative condenser<br \/>\nStainless steel welded plate heat exchanger<br \/>\nRefrigerator control mode<br \/>\nControl system PLC automatic adjust refrigerator and compressor<br \/>\nRefrigerant<br \/>\nR404a\/R23<br \/>\nHeating and Air circulation system<br \/>\n1. Multi-wing centrifugal circulating fan is connected to the power saving motor made in Japan through the stainless steel long axis.<br \/>\n2. Air supply: horizontal diffusion curved vertical heat exchange loop.<br \/>\n3. SSR used for automatic temperature control.<br \/>\n4. Nichrome strip heater.<br \/>\nElectrical apparatus control system<br \/>\n1. Displayer: Adopt original color touch screen large LCD display.<br \/>\n2. Automatic circulation shock and manual selective shock are all available in this system.<br \/>\n3. Two area or three area shock are all available as well as forward or reverse start.<br \/>\n4. Maximum cycle up to 9999 times.<br \/>\n5. If the instrument fails to work, the instrument will be shut down automatically with warning signals.<br \/>\n6. If you wants to set high or low temperature individually, time control up to 999H59M is available.<br \/>\nSecurity protection system<br \/>\n1. Thermal Shock Test Chamber is equipped with no fuse protection switch.<br \/>\n2. Under-voltage protection and translation protection are available in the control system.<br \/>\n3. There is a over-temperature protection switch.<br \/>\n4. Overload protection device and high-and-low pressure protection switch are equipped in the refrigeration compressor.<br \/>\n5. The fan motor and air-duct gate motor are also in the overload protection.<br \/>\n6. The instrument is equipped with the self-detection function to find the failure point for easy maintenance.<\/p>\n","protected":false},"excerpt":{"rendered":"<p>Thermal Shock Resistance Test Chamber, Hot Cold Shock Climatic Tester Model NG-CJ MOQ 1 Set Lead Time 3-15 Working Days Country of Origin China Package&#8230;<\/p>\n","protected":false},"featured_media":6201,"comment_status":"open","ping_status":"closed","template":"","meta":[],"etheme_brands":[{"term_id":67,"name":"Newgoer","slug":"newgoer","term_group":0,"term_taxonomy_id":67,"taxonomy":"brand","description":"","parent":0,"count":271,"filter":"raw"}],"product_cat":[64],"product_tag":[],"_links":{"self":[{"href":"https:\/\/www.cncmarketi.com\/index.php\/wp-json\/wp\/v2\/product\/6207"}],"collection":[{"href":"https:\/\/www.cncmarketi.com\/index.php\/wp-json\/wp\/v2\/product"}],"about":[{"href":"https:\/\/www.cncmarketi.com\/index.php\/wp-json\/wp\/v2\/types\/product"}],"replies":[{"embeddable":true,"href":"https:\/\/www.cncmarketi.com\/index.php\/wp-json\/wp\/v2\/comments?post=6207"}],"version-history":[{"count":0,"href":"https:\/\/www.cncmarketi.com\/index.php\/wp-json\/wp\/v2\/product\/6207\/revisions"}],"wp:featuredmedia":[{"embeddable":true,"href":"https:\/\/www.cncmarketi.com\/index.php\/wp-json\/wp\/v2\/media\/6201"}],"wp:attachment":[{"href":"https:\/\/www.cncmarketi.com\/index.php\/wp-json\/wp\/v2\/media?parent=6207"}],"wp:term":[{"taxonomy":"brand","embeddable":true,"href":"https:\/\/www.cncmarketi.com\/index.php\/wp-json\/wp\/v2\/etheme_brands?post=6207"},{"taxonomy":"product_cat","embeddable":true,"href":"https:\/\/www.cncmarketi.com\/index.php\/wp-json\/wp\/v2\/product_cat?post=6207"},{"taxonomy":"product_tag","embeddable":true,"href":"https:\/\/www.cncmarketi.com\/index.php\/wp-json\/wp\/v2\/product_tag?post=6207"}],"curies":[{"name":"wp","href":"https:\/\/api.w.org\/{rel}","templated":true}]}}