{"id":6186,"date":"2023-08-06T08:32:44","date_gmt":"2023-08-06T05:32:44","guid":{"rendered":"https:\/\/www.cncmarketi.com\/index.php\/product\/standart-isik-kaynagi-renk-degerlendirme-dolabi-kumas-renk-kontrol-kutusu\/"},"modified":"2023-08-06T08:56:26","modified_gmt":"2023-08-06T05:56:26","slug":"standart-isik-kaynagi-renk-degerlendirme-dolabi-kumas-renk-kontrol-kutusu","status":"publish","type":"product","link":"https:\/\/www.cncmarketi.com\/index.php\/product\/standart-isik-kaynagi-renk-degerlendirme-dolabi-kumas-renk-kontrol-kutusu\/","title":{"rendered":"Standart I\u015f\u0131k Kayna\u011f\u0131 Renk De\u011ferlendirme Dolab\u0131, Kuma\u015f Renk Kontrol Kutusu"},"content":{"rendered":"<p>\u63cf\u8ff0<br \/>\nApplication:<br \/>\nColors appear differently under different lighting sources. To avoid\/reduce the assessment error when<br \/>\nperforming color contrast, we can make use of a Light Booth \/ Viewing Booth \/ Color Light Box to<br \/>\nsimulate different light sources to obtain an objective assessment of color and color difference, anytime,<br \/>\nanywhere.<br \/>\nThe Color Light Box can be applied to the industries that need to perform color difference testing as follows:<br \/>\nas the premiere designer and manufacturer of color viewing and lighting products for the Graphic arts,<br \/>\nPhotographic, Textile, Dyeing, Packaging, Printing, Leather, Inks, Knitwear, Plastic, Automotive and<br \/>\nCeramics industries.<br \/>\nFeatures:<br \/>\nColor assessment cabinet \/ Color Viewing Cabinet \/ Color View Light Booth render color more accurately.<br \/>\nWith 6 different light sources(D65, TL84, CWF, TL83\/U30, F, UV), which can detect the metameris.<br \/>\n\u00d8 Meets or exceeds major international standards for visual color evaluation including: ASTM D1729,<br \/>\nISO3664, DIN, ANSI and BSI.<br \/>\n\u00d8 Easy to operate by using individual switches for each light source.<br \/>\n\u00d8 Elapsed time meter for tracking optimal lamp replacement.<br \/>\n\u00d8 Automatically alternating among light sources.<br \/>\n\u00d8 No warm-up time or flickering which insures quick and reliable color judgment.<br \/>\n\u00d8 Economic power consumption and low heat generation for high light efficiency.<br \/>\n\u00d8 The dimension can be made by customized.<br \/>\nStandard Equipped of Lamp:<br \/>\nDZ-GY6: D65 * 2 pcs, TL84 * 2pcs, CWF * 2pcs, F\/A * 2pcs, UV * 1pc, U30 * 2pcs.<br \/>\nDZ-GY5: D65 * 2 pcs, TL84 * 2pcs, CWF * 2pcs, F\/A * 2pcs, UV * 1pc.<br \/>\nDZ-GY4: D65 * 2 pcs, TL84 * 2pcs, F\/A * 2pcs, UV * 1pc, U30 * 2pcs.<br \/>\nIf you need more lamps for replacement, please contact us for price.<\/p>\n","protected":false},"excerpt":{"rendered":"<p>\u63cf\u8ff0 Application: Colors appear differently under different lighting sources. To avoid\/reduce the assessment error when performing color contrast, we can make use of a Light&#8230;<\/p>\n","protected":false},"featured_media":6180,"comment_status":"open","ping_status":"closed","template":"","meta":[],"etheme_brands":[{"term_id":67,"name":"Newgoer","slug":"newgoer","term_group":0,"term_taxonomy_id":67,"taxonomy":"brand","description":"","parent":0,"count":271,"filter":"raw"}],"product_cat":[64],"product_tag":[],"_links":{"self":[{"href":"https:\/\/www.cncmarketi.com\/index.php\/wp-json\/wp\/v2\/product\/6186"}],"collection":[{"href":"https:\/\/www.cncmarketi.com\/index.php\/wp-json\/wp\/v2\/product"}],"about":[{"href":"https:\/\/www.cncmarketi.com\/index.php\/wp-json\/wp\/v2\/types\/product"}],"replies":[{"embeddable":true,"href":"https:\/\/www.cncmarketi.com\/index.php\/wp-json\/wp\/v2\/comments?post=6186"}],"version-history":[{"count":0,"href":"https:\/\/www.cncmarketi.com\/index.php\/wp-json\/wp\/v2\/product\/6186\/revisions"}],"wp:featuredmedia":[{"embeddable":true,"href":"https:\/\/www.cncmarketi.com\/index.php\/wp-json\/wp\/v2\/media\/6180"}],"wp:attachment":[{"href":"https:\/\/www.cncmarketi.com\/index.php\/wp-json\/wp\/v2\/media?parent=6186"}],"wp:term":[{"taxonomy":"brand","embeddable":true,"href":"https:\/\/www.cncmarketi.com\/index.php\/wp-json\/wp\/v2\/etheme_brands?post=6186"},{"taxonomy":"product_cat","embeddable":true,"href":"https:\/\/www.cncmarketi.com\/index.php\/wp-json\/wp\/v2\/product_cat?post=6186"},{"taxonomy":"product_tag","embeddable":true,"href":"https:\/\/www.cncmarketi.com\/index.php\/wp-json\/wp\/v2\/product_tag?post=6186"}],"curies":[{"name":"wp","href":"https:\/\/api.w.org\/{rel}","templated":true}]}}