{"id":6165,"date":"2023-08-06T08:32:21","date_gmt":"2023-08-06T05:32:21","guid":{"rendered":"https:\/\/www.cncmarketi.com\/index.php\/product\/sus-stand-up-kizilotesi-insan-vucudu-sicakligi-tespit-tarayicisi\/"},"modified":"2023-08-06T08:56:26","modified_gmt":"2023-08-06T05:56:26","slug":"sus-stand-up-kizilotesi-insan-vucudu-sicakligi-tespit-tarayicisi","status":"publish","type":"product","link":"https:\/\/www.cncmarketi.com\/index.php\/product\/sus-stand-up-kizilotesi-insan-vucudu-sicakligi-tespit-tarayicisi\/","title":{"rendered":"Sus stand-up k\u0131z\u0131l\u00f6tesi insan v\u00fccudu s\u0131cakl\u0131\u011f\u0131 tespit taray\u0131c\u0131s\u0131"},"content":{"rendered":"<p>SUS Stand-Up Infrared Human Body Temperature Detection Scanner<br \/>\nModel<br \/>\nNG-8812<br \/>\nMOQ<br \/>\n1 Set<br \/>\nLead Time<br \/>\n3-15 Working Days<br \/>\nCountry of Origin<br \/>\nChina<br \/>\nPackage<br \/>\nStandard Export Wooden Box<br \/>\nOEM &#038; ODM<br \/>\nSupport<br \/>\n\u63cf\u8ff0<br \/>\n\u7528\u6237\u8bc4\u8bba (0)<br \/>\n\u63cf\u8ff0<br \/>\nSummary:<br \/>\nStand-up Temperature Scanner is an accurate and convenient detection device for detecting human body temperature. Whole construction SUS 304 material. It uses a non-contact body temperature preliminary screening method, which has a fast detection speed and can prevent personnel from being exposed to cross infection. At the same time, the common 7-inch LCD screen can display the measured temperature.<br \/>\nFeatures:<br \/>\nNon-contact temperature scanner: about 10-15 cm away from the probe, and the forehead\/wrist temperature can be detected.<br \/>\nLED Display doorpost light can display alarm zone visually and sound and light alarm at the same time.<br \/>\nHigh sensitivity:a piece of coin metal can be detected, and the influence of belt buckles, leather shoes, bras can be ruled out, and more than 200 grams of copper, aluminum, zinc and other metals or controlled knives and guns can be detected.<br \/>\nAdditional functions: optional remote control can be used to control parameters, reserve switching signals, and can be connected to computers, cameras, three rollers, etc.<br \/>\nSUS 304 Construction: Stable &#038; High Performance<br \/>\nHarmless: Harmless to cardiac pacemaker wearers, pregnant women, and magnetic media.<br \/>\nSpecifications:<br \/>\nDetection distance<br \/>\nForehead, wrist 5-15CM<br \/>\nTemperature measurement range<br \/>\n30\u2103\uff5e42\u2103<br \/>\nMinimum resolution<br \/>\n0.1\u2103<br \/>\nTemperature measurement module<br \/>\nMELEXIS<br \/>\nTemperature measurement accuracy<br \/>\n\u00b10.5\u2103\uff08Indoor Temperature\uff09<br \/>\nRepeat accuracy<br \/>\n\u00b10.2\u2103<br \/>\nResponse time<br \/>\n0.1S<br \/>\nMeasure time<br \/>\n0.5S-1.5S<br \/>\nDisplay<br \/>\n7 inch color touch screen<br \/>\nWorking environment<br \/>\n-10\u2103\u250035\u2103<br \/>\nExternal power<br \/>\n220V 50Hz<br \/>\nWeight<br \/>\nApprox 50Kg<br \/>\nWhole Dimension<br \/>\n1750(H) x 350(W) x 180(D) mm<\/p>\n","protected":false},"excerpt":{"rendered":"<p>SUS Stand-Up Infrared Human Body Temperature Detection Scanner Model NG-8812 MOQ 1 Set Lead Time 3-15 Working Days Country of Origin China Package Standard Export&#8230;<\/p>\n","protected":false},"featured_media":6159,"comment_status":"open","ping_status":"closed","template":"","meta":[],"etheme_brands":[{"term_id":67,"name":"Newgoer","slug":"newgoer","term_group":0,"term_taxonomy_id":67,"taxonomy":"brand","description":"","parent":0,"count":271,"filter":"raw"}],"product_cat":[64],"product_tag":[],"_links":{"self":[{"href":"https:\/\/www.cncmarketi.com\/index.php\/wp-json\/wp\/v2\/product\/6165"}],"collection":[{"href":"https:\/\/www.cncmarketi.com\/index.php\/wp-json\/wp\/v2\/product"}],"about":[{"href":"https:\/\/www.cncmarketi.com\/index.php\/wp-json\/wp\/v2\/types\/product"}],"replies":[{"embeddable":true,"href":"https:\/\/www.cncmarketi.com\/index.php\/wp-json\/wp\/v2\/comments?post=6165"}],"version-history":[{"count":0,"href":"https:\/\/www.cncmarketi.com\/index.php\/wp-json\/wp\/v2\/product\/6165\/revisions"}],"wp:featuredmedia":[{"embeddable":true,"href":"https:\/\/www.cncmarketi.com\/index.php\/wp-json\/wp\/v2\/media\/6159"}],"wp:attachment":[{"href":"https:\/\/www.cncmarketi.com\/index.php\/wp-json\/wp\/v2\/media?parent=6165"}],"wp:term":[{"taxonomy":"brand","embeddable":true,"href":"https:\/\/www.cncmarketi.com\/index.php\/wp-json\/wp\/v2\/etheme_brands?post=6165"},{"taxonomy":"product_cat","embeddable":true,"href":"https:\/\/www.cncmarketi.com\/index.php\/wp-json\/wp\/v2\/product_cat?post=6165"},{"taxonomy":"product_tag","embeddable":true,"href":"https:\/\/www.cncmarketi.com\/index.php\/wp-json\/wp\/v2\/product_tag?post=6165"}],"curies":[{"name":"wp","href":"https:\/\/api.w.org\/{rel}","templated":true}]}}