{"id":6158,"date":"2023-08-06T08:32:11","date_gmt":"2023-08-06T05:32:11","guid":{"rendered":"https:\/\/www.cncmarketi.com\/index.php\/product\/buhar-yaslanma-test-makinesi-cam-buhar-hizlandirilmis-yaslanma-test-merkezi\/"},"modified":"2023-08-06T08:56:26","modified_gmt":"2023-08-06T05:56:26","slug":"buhar-yaslanma-test-makinesi-cam-buhar-hizlandirilmis-yaslanma-test-merkezi","status":"publish","type":"product","link":"https:\/\/www.cncmarketi.com\/index.php\/product\/buhar-yaslanma-test-makinesi-cam-buhar-hizlandirilmis-yaslanma-test-merkezi\/","title":{"rendered":"Buhar Ya\u015flanma Test Makinesi, Cam Buhar H\u0131zland\u0131r\u0131lm\u0131\u015f Ya\u015flanma Test Merkezi"},"content":{"rendered":"<p>Steam Aging Test Machine, Glass Steam Accelerated Aging Tester<br \/>\nModel<br \/>\nNG-SZ<br \/>\nMOQ<br \/>\n1 Set<br \/>\nLead Time<br \/>\n3-15 Working Days<br \/>\nCountry of Origin<br \/>\nChina<br \/>\nPackage<br \/>\nStandard Export Wooden Box<br \/>\nOEM &#038; ODM<br \/>\nSupport<br \/>\n\u63cf\u8ff0<br \/>\n\u7528\u6237\u8bc4\u8bba (0)<br \/>\n\u63cf\u8ff0<br \/>\nApplication :<br \/>\nWidely used in hardware, chemistry, physics, glass, plastic shell, chemical and other scientific precision components industry, in line with the standard: GB\/T11944-2002 insulating Glass.<br \/>\nThis equipment is a special testing equipment manufactured according to the national standard gb9962-1999 \u201cLaminated Glass\u201d of the People\u2019s Republic of China.This equipment is mainly used to test the moisture resistance and heat resistance of laminated glass.The water boiling testing machine is suitable for building sandwich glass and car sandwich glass to put the sample in the boiling test box, keep it for 2 hours (adjustable), observe whether the sample has bubbles, glue opening and other phenomena.<br \/>\nFeatures :<br \/>\n1 Having safety device, including multi over-temperature protection and power off when out of water.<br \/>\n2 Testing high temperature\/high humidity to spare pares, components.<br \/>\n3 Digital electronic indicators + S. S. R with PID automatic calaulation capabilitty.<br \/>\n4 Have time planning function, the maximum setting is 9990 minutes<br \/>\nTechnical Parameters:<br \/>\nInner box size (W*H*D)<br \/>\n500*400*200MM<br \/>\nCarton size(W*H*D)<br \/>\n600*500*420MM<br \/>\nSteam temperature<br \/>\nUp to 97<br \/>\nController<br \/>\nPID+SCR<br \/>\nHeating time<br \/>\nabout 45 minutes<br \/>\nControl accuracy<br \/>\n0.5<br \/>\nTimer<br \/>\n9999H<br \/>\nVoltage<br \/>\n220V<br \/>\npower<br \/>\n2KW<\/p>\n","protected":false},"excerpt":{"rendered":"<p>Steam Aging Test Machine, Glass Steam Accelerated Aging Tester Model NG-SZ MOQ 1 Set Lead Time 3-15 Working Days Country of Origin China Package Standard&#8230;<\/p>\n","protected":false},"featured_media":6152,"comment_status":"open","ping_status":"closed","template":"","meta":[],"etheme_brands":[{"term_id":67,"name":"Newgoer","slug":"newgoer","term_group":0,"term_taxonomy_id":67,"taxonomy":"brand","description":"","parent":0,"count":271,"filter":"raw"}],"product_cat":[64],"product_tag":[],"_links":{"self":[{"href":"https:\/\/www.cncmarketi.com\/index.php\/wp-json\/wp\/v2\/product\/6158"}],"collection":[{"href":"https:\/\/www.cncmarketi.com\/index.php\/wp-json\/wp\/v2\/product"}],"about":[{"href":"https:\/\/www.cncmarketi.com\/index.php\/wp-json\/wp\/v2\/types\/product"}],"replies":[{"embeddable":true,"href":"https:\/\/www.cncmarketi.com\/index.php\/wp-json\/wp\/v2\/comments?post=6158"}],"version-history":[{"count":0,"href":"https:\/\/www.cncmarketi.com\/index.php\/wp-json\/wp\/v2\/product\/6158\/revisions"}],"wp:featuredmedia":[{"embeddable":true,"href":"https:\/\/www.cncmarketi.com\/index.php\/wp-json\/wp\/v2\/media\/6152"}],"wp:attachment":[{"href":"https:\/\/www.cncmarketi.com\/index.php\/wp-json\/wp\/v2\/media?parent=6158"}],"wp:term":[{"taxonomy":"brand","embeddable":true,"href":"https:\/\/www.cncmarketi.com\/index.php\/wp-json\/wp\/v2\/etheme_brands?post=6158"},{"taxonomy":"product_cat","embeddable":true,"href":"https:\/\/www.cncmarketi.com\/index.php\/wp-json\/wp\/v2\/product_cat?post=6158"},{"taxonomy":"product_tag","embeddable":true,"href":"https:\/\/www.cncmarketi.com\/index.php\/wp-json\/wp\/v2\/product_tag?post=6158"}],"curies":[{"name":"wp","href":"https:\/\/api.w.org\/{rel}","templated":true}]}}