{"id":6151,"date":"2023-08-06T08:32:04","date_gmt":"2023-08-06T05:32:04","guid":{"rendered":"https:\/\/www.cncmarketi.com\/index.php\/product\/kati-ve-sivi-yogunluk-olcer-evrensel-fonksiyon-kati-sivi-kullanilan-yogunluk-olcer-coklu-dansitometre\/"},"modified":"2023-08-06T08:56:26","modified_gmt":"2023-08-06T05:56:26","slug":"kati-ve-sivi-yogunluk-olcer-evrensel-fonksiyon-kati-sivi-kullanilan-yogunluk-olcer-coklu-dansitometre","status":"publish","type":"product","link":"https:\/\/www.cncmarketi.com\/index.php\/product\/kati-ve-sivi-yogunluk-olcer-evrensel-fonksiyon-kati-sivi-kullanilan-yogunluk-olcer-coklu-dansitometre\/","title":{"rendered":"Kat\u0131 ve S\u0131v\u0131 Yo\u011funluk \u00d6l\u00e7er, Evrensel Fonksiyon Kat\u0131 S\u0131v\u0131 Kullan\u0131lan Yo\u011funluk \u00d6l\u00e7er, \u00c7oklu Dansitometre"},"content":{"rendered":"<p>\u63cf\u8ff0<br \/>\nSummary<br \/>\nThe High-precision Universal Solid Liquid Density Meter is suitable for the determination of the density of all solid substances. It has many functions, high precision, simple operation and excellent performance.The solid densitometer adopts German HBM high-precision weighing sensor and does not need to bind the product to the water measuring device;The density can be measured instantaneously, with a variety of measurement methods such as saturation measurement method, surface covering waterproof treatment method, high viscosity medium liquid method, etc.With high measurement precision and reliable data, our densitometer simplifies the operation steps and methods, and upgrades the application function of software. It has the same reliability as similar products, making the application customer group more extensive.<br \/>\nApplication :<br \/>\nApplicable to: rubber, plastics, powder metallurgy, wire and cable, PVC, hard alloy, knife grinding products, manufacturing, auto parts, tungsten alloy parts, diamond, new material research laboratory.Suitable for basic material density research, high density product density test, micro and small product density test, quality and cost management control, new material formulation research and development\u2026And other fields of application.It covers all the solid material fields of hydroscopicity and non-hydroscopicity.<br \/>\nStandards :<br \/>\nAccording to the ASTM D792,ASTM D297,<br \/>\nGB\/T1033,GB\/T2951,JIS K6268,ISO 2781,ISO 1183,<br \/>\nGB\/T11540,GB\/T12206,GB\/T5518 standards etc.<br \/>\nPrinciple :<br \/>\nThe machine can measure the density of solid and liquid; Features of simple operation,wide application,full function; Alarm rings when judge density is unqualified through the top and bottom limitation setting.About the solid mode,function of measuring DIN volume abrasion loss and expansibility of rubber,actual density and apparent density of powder,oil content of oil bearing,density of high density products.etc. Adopt the memoryless dynamic measurement method for liquid mode; Function of measuring density with three mode,get out of the cumbersome operation of re-calibrate when change weight.Function of displaying concentration,density and baume.<br \/>\nFeatures:<br \/>\nNo need to open and close the lid,simple operation,shorter time measuring,according to the specification of new materials laboratory.<br \/>\nShow the percentage composition of mixed samples for researching and developing new materials.<br \/>\nAutomatically judge whether the density is qualified or not;prompt alarm.<br \/>\nFunction of solution compensation.whether liquid or water can be used as a medium for measurement.<br \/>\nFunction of setting actual water temperature,measuring density of medium,and density of water proof medium.<br \/>\nFunction of setting aerostatic buoyancy and the bound of density.<br \/>\nAdopt the completed high-capacity measurement accessories with the transparent injection mould tank,which can resist wear,fall off,and corrosion.<br \/>\nDensity value of samples with the temperature from normal to 100\u2103 can be measured.<br \/>\nTake samples conveniently. Only need 50CC would be okay.<br \/>\nIt is very easy to clean the measurement cup,and don\u2019t need to get the limitation of the size of pycnometer<br \/>\nVolatile liquid,corrosivity liquid,vicidity liquid,strong acid and strong lye<br \/>\nLiquid can be measured quickly.<br \/>\nAdopt the completed special windproof and dustproof cover,which makes the combination convenient and durable.<br \/>\nInterface of RS-232C is included .the printer of DE-40 will be available to connect PC and printer.<br \/>\nMeasurement procedure of solid mode:<br \/>\nPlace sample on the testing board to measure weight in air, press ENTER key to memory.<br \/>\nPlace sample into water to measure weight,press ENTER key to memory. density value will be displayed.<br \/>\nMeasurement procedure of liquid mode:<br \/>\nPlace breaker with samples on testing board. deduct the weight of pothook.<br \/>\nHave the standard weight hanged on the pothook and submerged into liquid to be test ed totally. press ENTER key to memory. Density value will be displayed.<br \/>\nMeasurement procedure of hydroscopicity products(porosity products):<br \/>\nPlace sample on testing board to measure weight in air,press ENTER key to memory.<br \/>\nPlace sample that did the waterproof treatment into water to measure weight in water, press the ENTER key to memory.density value will be displayed.<br \/>\nSpecification:<br \/>\nModel<br \/>\nNG-SL300<br \/>\nNG-SL300L<br \/>\nNG-SL120<br \/>\nMin. Weighing Precision<br \/>\n0.01g<br \/>\n0.005g<br \/>\n0.001g<br \/>\nMax. Weight Capacity<br \/>\n300g<br \/>\n300g<br \/>\n120g<br \/>\nDensity Precision<br \/>\n0.001g\/cm3<br \/>\n0.001g\/cm3<br \/>\n0.0001g\/cm3<br \/>\nSolid mode<br \/>\nMeasuring solid items<br \/>\nDensity of all forms of solid,including metal,rubber,plastic,film,floating body,Powder, foam,viscousbody,structure,tubing,wood,sponge,glass,pitch,cement,soil,gem, paper,<br \/>\nconcrete,graphite,coal,rock,ceramic.etc.(cover the products of hydroscopicity,non-absorbency,high-viscosity)<br \/>\nMeasuring mode<br \/>\nArchimedes principle<br \/>\nA.general solid measuring method<br \/>\nB.porosity materials saturation mode<br \/>\nC.porosity materials surface covering method mode.<br \/>\nD.professional constant volume mode method<br \/>\nE.professional rubber abrasion loss and expansibility mode method<br \/>\nF.professional hydroscopicity mode method<br \/>\nG.professional oil length mode method<br \/>\nMeasurable project<br \/>\nv density of general non-absorbency solid<br \/>\nv density of porosity materials<br \/>\nv oil length of oil bearing<br \/>\nv porosity of porosity materials<br \/>\nv DIN volume abrasion loss of rubber<br \/>\nv powder density<br \/>\nv water absorption rate<br \/>\nMeasuring time<br \/>\nabout 5 seconds<br \/>\nMemory method<br \/>\nmemory in shorter time by one procedure<br \/>\nSpecific gravity measurement frame<br \/>\ncompleted injection forming professional specific gravity measurement frame<br \/>\n(size:length13.5mm\u00d7wide5mm\u00d7high11.6mm)<br \/>\nMeasurement tank<br \/>\ncompleted injection forming transparent professional measurement tank<br \/>\n(size:length16.9mm\u00d7wide9.8mm\u00d7high8.3mm)<br \/>\nResult display<br \/>\nDisplay according to the model:density,specific gravity,apparent density,volume density,wet density,total porosity,effective porosity,oil content,water absorption,wear loss,wear index,expansibility,volume and so on.<br \/>\nFunction setting<br \/>\nwater temperature setting,density setting of medium of comparative solution,density setting of medium of waterproofing treatment ,bound setting,aerostatic buoyancy setting,<br \/>\nLoss value setting of fixed weight of reference glue,loss value setting of weight of reference glue,density setting of reference glue.<br \/>\nMixed<br \/>\nFunction introduction<br \/>\nautomatically read the percentage of the main material in the two kinds of mixed materials<br \/>\nmaterial percentage<br \/>\nsetting<br \/>\nfreely set the density value of main material and subordinate material<br \/>\ndisplay<br \/>\ndensity value,percentage of main material<br \/>\nLiquid mode<br \/>\nMeasurement type<br \/>\na: mobility liquid,vicidity liquid,volatile liquid,corrosivity liquid,high temperature<br \/>\nliquid,suspension liquid,emulsion and so on.<br \/>\nb: alcohol,scaling powder,essence,blood,sodium chloride,glycerol,electrolyte,<br \/>\ndiesel,refrigerating,hydrofluoric acid,dichloromethane,vitriol<br \/>\nMeasurement principle<br \/>\nArchimedes principle displacement method<br \/>\nMeasurement mode<br \/>\n3 groups<br \/>\nMeasurement time<br \/>\nabout 5 seconds<br \/>\nMemory mode<br \/>\nmemory in shorter time by one procedure<br \/>\nResult display<br \/>\ndensity and baume<br \/>\nSpecific gravity measurement frame<br \/>\nstainless steel specific gravity measurement frame<br \/>\nFunction setting<br \/>\nTemperature setting,density setting, measurement weights setting of standard sensor ball and weights setting in the water<br \/>\nMeasurement testing<br \/>\ndistilled testing<br \/>\nCalibration mode<br \/>\nauto correction with one button,auto detection.<br \/>\nOutput mode<br \/>\nstandard interface of RS-232,output and print testing data conveniently<br \/>\nStandard accessories<br \/>\nhost,tank,testing board,tweezers,thermometer,100G weight,windproof and dustproof dust cover,a set of measuring floating body parts ,power transformer,DE-20A standard liquid measurement assembly<br \/>\nOptional accessories<br \/>\nDE-40 printer,DE-20B anti corrosive liquid measurement assembly<br \/>\nPower supply<br \/>\nAC~220V \/ 50HZ;customer can choose other international standards<br \/>\nMain features<br \/>\ndata display,accuracy,speediness,convenience;durable,economy<\/p>\n","protected":false},"excerpt":{"rendered":"<p>\u63cf\u8ff0 Summary The High-precision Universal Solid Liquid Density Meter is suitable for the determination of the density of all solid substances. It has many functions,&#8230;<\/p>\n","protected":false},"featured_media":6145,"comment_status":"open","ping_status":"closed","template":"","meta":[],"etheme_brands":[{"term_id":67,"name":"Newgoer","slug":"newgoer","term_group":0,"term_taxonomy_id":67,"taxonomy":"brand","description":"","parent":0,"count":271,"filter":"raw"}],"product_cat":[64],"product_tag":[],"_links":{"self":[{"href":"https:\/\/www.cncmarketi.com\/index.php\/wp-json\/wp\/v2\/product\/6151"}],"collection":[{"href":"https:\/\/www.cncmarketi.com\/index.php\/wp-json\/wp\/v2\/product"}],"about":[{"href":"https:\/\/www.cncmarketi.com\/index.php\/wp-json\/wp\/v2\/types\/product"}],"replies":[{"embeddable":true,"href":"https:\/\/www.cncmarketi.com\/index.php\/wp-json\/wp\/v2\/comments?post=6151"}],"version-history":[{"count":0,"href":"https:\/\/www.cncmarketi.com\/index.php\/wp-json\/wp\/v2\/product\/6151\/revisions"}],"wp:featuredmedia":[{"embeddable":true,"href":"https:\/\/www.cncmarketi.com\/index.php\/wp-json\/wp\/v2\/media\/6145"}],"wp:attachment":[{"href":"https:\/\/www.cncmarketi.com\/index.php\/wp-json\/wp\/v2\/media?parent=6151"}],"wp:term":[{"taxonomy":"brand","embeddable":true,"href":"https:\/\/www.cncmarketi.com\/index.php\/wp-json\/wp\/v2\/etheme_brands?post=6151"},{"taxonomy":"product_cat","embeddable":true,"href":"https:\/\/www.cncmarketi.com\/index.php\/wp-json\/wp\/v2\/product_cat?post=6151"},{"taxonomy":"product_tag","embeddable":true,"href":"https:\/\/www.cncmarketi.com\/index.php\/wp-json\/wp\/v2\/product_tag?post=6151"}],"curies":[{"name":"wp","href":"https:\/\/api.w.org\/{rel}","templated":true}]}}