{"id":6130,"date":"2023-08-06T08:31:42","date_gmt":"2023-08-06T05:31:42","guid":{"rendered":"https:\/\/www.cncmarketi.com\/index.php\/product\/sunger-dusen-top-ribaund-esneklik-test-cihazi-kopuk-top-damla-ribaund-test-cihazi\/"},"modified":"2023-08-06T08:56:53","modified_gmt":"2023-08-06T05:56:53","slug":"sunger-dusen-top-ribaund-esneklik-test-cihazi-kopuk-top-damla-ribaund-test-cihazi","status":"publish","type":"product","link":"https:\/\/www.cncmarketi.com\/index.php\/product\/sunger-dusen-top-ribaund-esneklik-test-cihazi-kopuk-top-damla-ribaund-test-cihazi\/","title":{"rendered":"S\u00fcnger d\u00fc\u015fen top ribaund esneklik test cihaz\u0131, k\u00f6p\u00fck top damla ribaund test cihaz\u0131"},"content":{"rendered":"<p>Sponge Falling Ball Rebound Resilience Tester, Foam Ball Drop Rebound Tester<br \/>\nModel<br \/>\nNG-173<br \/>\nMOQ<br \/>\n1 Set<br \/>\nLead Time<br \/>\n3-15 Working Days<br \/>\nCountry of Origin<br \/>\nChina<br \/>\nPackage<br \/>\nStandard Export Wooden Box<br \/>\nOEM &#038; ODM<br \/>\nSupport<br \/>\n\u63cf\u8ff0<br \/>\n\u7528\u6237\u8bc4\u8bba (0)<br \/>\n\u63cf\u8ff0<br \/>\nSummary:<br \/>\nThe sponge ball rebound tester is suitable for the determination of soft polyurethane foam falling ball type can rebound resilience. This instrument through a given diameter and the quality of steel ball in the specified height on free falling on the foam sample, calculate the spring back of maximum height of steel ball and ball drop height ratio is the percentage of spring rate, expressed as a resilient rate of foam plastics can rebound resilience.This machine adopts microprocessor to control, LCD Chinese display, and can print test data.The machine is<br \/>\ncharacterized by safety, reliability and high measuring accuracy.<br \/>\nTest Theory:<br \/>\nThe steel ball with a given diameter and mass is free-falling on the foam plastic sample from the specified height. The time of the steel ball bouncing and falling is measured by the photoelectric sensor, and the recoil height of the steel ball is calculated by the microprocessor.<br \/>\nAccording to the test method of GB\/T6670, the spring back height of each sample was measured for 3 times. The maximum height was selected as the spring back height of this sample, and the average value of the maximum height of 3 times was taken as the spring back height of this material.<br \/>\nAccording to the test methods of ISO8307 and ASTM D3574, the spring back height of each sample was measured for 3 times, and the three samples were measured. The average value of 9 spring back heights was taken as the spring back height value of this material.Compared with the falling height of the steel ball, the percentage of this ratio is the rebound rate of the foam plastic.The resilience rate represents the resilience energy of foam plastics.<br \/>\nTest Standards:<br \/>\nGB\/T6670\u3001ISO8307\u3001ASTM D3574, ect.<br \/>\nSpecifications:<br \/>\nBall drop distance<br \/>\nGB\/T6670:460+0.5%mm<br \/>\nISO 8307 and ASTM D3574:500mm<br \/>\nSteel ball diameter<br \/>\n\u03a6 16-0.05 mm<br \/>\nSteel ball mass<br \/>\n16.7g<br \/>\nBounce rate accuracy<br \/>\n<0.5%\nSample size\n100 mm x 100 mm x 50mm\nPower supply\nAC220V\/50HZ\nWeight\n45kg\n<\/p>\n","protected":false},"excerpt":{"rendered":"<p>Sponge Falling Ball Rebound Resilience Tester, Foam Ball Drop Rebound Tester Model NG-173 MOQ 1 Set Lead Time 3-15 Working Days Country of Origin China&#8230;<\/p>\n","protected":false},"featured_media":6124,"comment_status":"open","ping_status":"closed","template":"","meta":[],"etheme_brands":[{"term_id":67,"name":"Newgoer","slug":"newgoer","term_group":0,"term_taxonomy_id":67,"taxonomy":"brand","description":"","parent":0,"count":271,"filter":"raw"}],"product_cat":[64],"product_tag":[],"_links":{"self":[{"href":"https:\/\/www.cncmarketi.com\/index.php\/wp-json\/wp\/v2\/product\/6130"}],"collection":[{"href":"https:\/\/www.cncmarketi.com\/index.php\/wp-json\/wp\/v2\/product"}],"about":[{"href":"https:\/\/www.cncmarketi.com\/index.php\/wp-json\/wp\/v2\/types\/product"}],"replies":[{"embeddable":true,"href":"https:\/\/www.cncmarketi.com\/index.php\/wp-json\/wp\/v2\/comments?post=6130"}],"version-history":[{"count":0,"href":"https:\/\/www.cncmarketi.com\/index.php\/wp-json\/wp\/v2\/product\/6130\/revisions"}],"wp:featuredmedia":[{"embeddable":true,"href":"https:\/\/www.cncmarketi.com\/index.php\/wp-json\/wp\/v2\/media\/6124"}],"wp:attachment":[{"href":"https:\/\/www.cncmarketi.com\/index.php\/wp-json\/wp\/v2\/media?parent=6130"}],"wp:term":[{"taxonomy":"brand","embeddable":true,"href":"https:\/\/www.cncmarketi.com\/index.php\/wp-json\/wp\/v2\/etheme_brands?post=6130"},{"taxonomy":"product_cat","embeddable":true,"href":"https:\/\/www.cncmarketi.com\/index.php\/wp-json\/wp\/v2\/product_cat?post=6130"},{"taxonomy":"product_tag","embeddable":true,"href":"https:\/\/www.cncmarketi.com\/index.php\/wp-json\/wp\/v2\/product_tag?post=6130"}],"curies":[{"name":"wp","href":"https:\/\/api.w.org\/{rel}","templated":true}]}}