{"id":6123,"date":"2023-08-06T08:31:34","date_gmt":"2023-08-06T05:31:34","guid":{"rendered":"https:\/\/www.cncmarketi.com\/index.php\/product\/simulasyon-tasima-titresim-test-makinesi-paket-icin-simule-tasima-titresim-test-cihazi\/"},"modified":"2023-08-06T08:56:53","modified_gmt":"2023-08-06T05:56:53","slug":"simulasyon-tasima-titresim-test-makinesi-paket-icin-simule-tasima-titresim-test-cihazi","status":"publish","type":"product","link":"https:\/\/www.cncmarketi.com\/index.php\/product\/simulasyon-tasima-titresim-test-makinesi-paket-icin-simule-tasima-titresim-test-cihazi\/","title":{"rendered":"Sim\u00fclasyon Ta\u015f\u0131ma Titre\u015fim Test Makinesi, Paket i\u00e7in Sim\u00fcle Ta\u015f\u0131ma Titre\u015fim Test Cihaz\u0131"},"content":{"rendered":"<p>Simulation Transport Vibration Testing Machine, Simulated Transport Vibration Tester for Package<br \/>\nModel<br \/>\nNG-603<br \/>\nMOQ<br \/>\n1 Set<br \/>\nLead Time<br \/>\n3-15 Working Days<br \/>\nCountry of Origin<br \/>\nChina<br \/>\nPackage<br \/>\nStandard Export Wooden Box<br \/>\nOEM &#038; ODM<br \/>\nSupport<br \/>\n\u63cf\u8ff0<br \/>\n\u7528\u6237\u8bc4\u8bba (0)<br \/>\n\u63cf\u8ff0<br \/>\nSummary:<br \/>\nCarton transport vibration test machine is based on the United States and European transport standards, and with reference to the United States of similar equipment to improve manufacturing.<br \/>\nThe use of eccentric bearings in rotating elliptical trajectories generated to simulate a car or ship the goods during transport the vibration of the collision. Test platform will be fixed on the<br \/>\neccentric bearing, when the eccentric bearing rotation, the test platform for the entire plane would produce an oval-shaped upper and lower front and rear movement, adjust the eccentric shaft with the rotation speed is equivalent to adjust the speed of motor vehicles or vessels.<br \/>\nStandards:<br \/>\nGB \/ T 4857.7-92 : \u201ctransport package fixed-frequency sinusoidal vibration test method\u201d<br \/>\nFeatures:<br \/>\nlow price, which is only 10% of the same products in the USA.<br \/>\n\u2022 The digital screen display the vibration frenquency.<br \/>\nUse rail track for the installation of the test sample, operate easily and safely<br \/>\nThe pedestal of the machine applies heavy style channel with vibration attenuation pad, convenient, stable,no need to install the land-end screw.<br \/>\nSpecification<br \/>\nSpeed<br \/>\n100-300RPM<br \/>\nSpeed display<br \/>\n0.1RPM<br \/>\nVibration method<br \/>\nreciprocation type<br \/>\nVibration amplitude<br \/>\n1 inch(25.4mm) +15%, to agree with ISTA\/EN71 transportation standard<br \/>\nMax load<br \/>\n100KG<br \/>\nEffective test area<br \/>\n1000\u00d71200mm<br \/>\nSpeed accuracy<br \/>\n\u2264 \u00b13RPM<br \/>\nTime setting range<br \/>\n0~99.99hour<br \/>\nMotor power<br \/>\n1HP<br \/>\nMax current<br \/>\n5A<br \/>\nPower<br \/>\n220V 50Hz single phase<\/p>\n","protected":false},"excerpt":{"rendered":"<p>Simulation Transport Vibration Testing Machine, Simulated Transport Vibration Tester for Package Model NG-603 MOQ 1 Set Lead Time 3-15 Working Days Country of Origin China&#8230;<\/p>\n","protected":false},"featured_media":6117,"comment_status":"open","ping_status":"closed","template":"","meta":[],"etheme_brands":[{"term_id":67,"name":"Newgoer","slug":"newgoer","term_group":0,"term_taxonomy_id":67,"taxonomy":"brand","description":"","parent":0,"count":271,"filter":"raw"}],"product_cat":[64],"product_tag":[],"_links":{"self":[{"href":"https:\/\/www.cncmarketi.com\/index.php\/wp-json\/wp\/v2\/product\/6123"}],"collection":[{"href":"https:\/\/www.cncmarketi.com\/index.php\/wp-json\/wp\/v2\/product"}],"about":[{"href":"https:\/\/www.cncmarketi.com\/index.php\/wp-json\/wp\/v2\/types\/product"}],"replies":[{"embeddable":true,"href":"https:\/\/www.cncmarketi.com\/index.php\/wp-json\/wp\/v2\/comments?post=6123"}],"version-history":[{"count":0,"href":"https:\/\/www.cncmarketi.com\/index.php\/wp-json\/wp\/v2\/product\/6123\/revisions"}],"wp:featuredmedia":[{"embeddable":true,"href":"https:\/\/www.cncmarketi.com\/index.php\/wp-json\/wp\/v2\/media\/6117"}],"wp:attachment":[{"href":"https:\/\/www.cncmarketi.com\/index.php\/wp-json\/wp\/v2\/media?parent=6123"}],"wp:term":[{"taxonomy":"brand","embeddable":true,"href":"https:\/\/www.cncmarketi.com\/index.php\/wp-json\/wp\/v2\/etheme_brands?post=6123"},{"taxonomy":"product_cat","embeddable":true,"href":"https:\/\/www.cncmarketi.com\/index.php\/wp-json\/wp\/v2\/product_cat?post=6123"},{"taxonomy":"product_tag","embeddable":true,"href":"https:\/\/www.cncmarketi.com\/index.php\/wp-json\/wp\/v2\/product_tag?post=6123"}],"curies":[{"name":"wp","href":"https:\/\/api.w.org\/{rel}","templated":true}]}}