{"id":6116,"date":"2023-08-06T08:31:27","date_gmt":"2023-08-06T05:31:27","guid":{"rendered":"https:\/\/www.cncmarketi.com\/index.php\/product\/snap-dugmesi-cekme-test-cihazi-oyuncaklar-giysileri-dugmesi-cekme-test-cihazi\/"},"modified":"2023-08-06T08:56:53","modified_gmt":"2023-08-06T05:56:53","slug":"snap-dugmesi-cekme-test-cihazi-oyuncaklar-giysileri-dugmesi-cekme-test-cihazi","status":"publish","type":"product","link":"https:\/\/www.cncmarketi.com\/index.php\/product\/snap-dugmesi-cekme-test-cihazi-oyuncaklar-giysileri-dugmesi-cekme-test-cihazi\/","title":{"rendered":"Snap D\u00fc\u011fmesi \u00c7ekme Test Cihaz\u0131, Oyuncaklar Giysileri D\u00fc\u011fmesi \u00c7ekme Test Cihaz\u0131"},"content":{"rendered":"<p>Snap Button Pull Tester, Toys Clothes Button Tensile Tester<br \/>\nModel<br \/>\nNG-316<br \/>\nMOQ<br \/>\n1 Set<br \/>\nLead Time<br \/>\n3-15 Working Days<br \/>\nCountry of Origin<br \/>\nChina<br \/>\nPackage<br \/>\nStandard Export Wooden Box<br \/>\nOEM &#038; ODM<br \/>\nSupport<br \/>\n\u63cf\u8ff0<br \/>\n\u7528\u6237\u8bc4\u8bba (0)<br \/>\n\u63cf\u8ff0<br \/>\nSummary:<br \/>\nSnap button tensile tester is used to determine the holding or breaking strength of prong-ring attached snap fasteners onto garments, prevent the buttons divorce from the clothing, which case the dangerous if baby swallowing the buttons. So that every button and fixed parts on the clothing are required the detection of the button pull test.<br \/>\nButton tensile tester is a important testing procedure,especially in Infant and children\u2019s clothing design and manufacturing. On the button fasteners apply a suitable power through the intensity of the instrument to record. When the tension table shows the appropriate intensity, the operator should immediately press the timer in order to calculate the time.<br \/>\nStandards:<br \/>\n16CFR 1500.51-53, ASTM WK4510 PS79-96, ASTM F963, EN71-Part1, M&#038;S P115A etc<br \/>\nFeatures:<br \/>\nThis test method used to measure the intensity of the vertical pull test buttons and clothing and the button does not pull to out of clothing.<br \/>\nThis test require button sewing specifications be in accordance with the standards set by the button<br \/>\nManufacturer.<br \/>\nThis test used to set up different dressed in the environment related,and to compare the different button types and brands.<br \/>\nScrew transmission, and precise displacement measurement head, lateral handwheel loading, simple and stable operation.<br \/>\nThe standard configuration of base platform, can move around, convenient for accurate clamping.<\/p>\n","protected":false},"excerpt":{"rendered":"<p>Snap Button Pull Tester, Toys Clothes Button Tensile Tester Model NG-316 MOQ 1 Set Lead Time 3-15 Working Days Country of Origin China Package Standard&#8230;<\/p>\n","protected":false},"featured_media":6110,"comment_status":"open","ping_status":"closed","template":"","meta":[],"etheme_brands":[{"term_id":67,"name":"Newgoer","slug":"newgoer","term_group":0,"term_taxonomy_id":67,"taxonomy":"brand","description":"","parent":0,"count":271,"filter":"raw"}],"product_cat":[64],"product_tag":[],"_links":{"self":[{"href":"https:\/\/www.cncmarketi.com\/index.php\/wp-json\/wp\/v2\/product\/6116"}],"collection":[{"href":"https:\/\/www.cncmarketi.com\/index.php\/wp-json\/wp\/v2\/product"}],"about":[{"href":"https:\/\/www.cncmarketi.com\/index.php\/wp-json\/wp\/v2\/types\/product"}],"replies":[{"embeddable":true,"href":"https:\/\/www.cncmarketi.com\/index.php\/wp-json\/wp\/v2\/comments?post=6116"}],"version-history":[{"count":0,"href":"https:\/\/www.cncmarketi.com\/index.php\/wp-json\/wp\/v2\/product\/6116\/revisions"}],"wp:featuredmedia":[{"embeddable":true,"href":"https:\/\/www.cncmarketi.com\/index.php\/wp-json\/wp\/v2\/media\/6110"}],"wp:attachment":[{"href":"https:\/\/www.cncmarketi.com\/index.php\/wp-json\/wp\/v2\/media?parent=6116"}],"wp:term":[{"taxonomy":"brand","embeddable":true,"href":"https:\/\/www.cncmarketi.com\/index.php\/wp-json\/wp\/v2\/etheme_brands?post=6116"},{"taxonomy":"product_cat","embeddable":true,"href":"https:\/\/www.cncmarketi.com\/index.php\/wp-json\/wp\/v2\/product_cat?post=6116"},{"taxonomy":"product_tag","embeddable":true,"href":"https:\/\/www.cncmarketi.com\/index.php\/wp-json\/wp\/v2\/product_tag?post=6116"}],"curies":[{"name":"wp","href":"https:\/\/api.w.org\/{rel}","templated":true}]}}