{"id":6109,"date":"2023-08-06T08:31:21","date_gmt":"2023-08-06T05:31:21","guid":{"rendered":"https:\/\/www.cncmarketi.com\/index.php\/product\/kucuk-yukleme-62-5-dijital-ekran-brinell-sertlik-test-cihazi-otomatik-brinell-sertlik-test-makinesi\/"},"modified":"2023-08-06T08:56:53","modified_gmt":"2023-08-06T05:56:53","slug":"kucuk-yukleme-62-5-dijital-ekran-brinell-sertlik-test-cihazi-otomatik-brinell-sertlik-test-makinesi","status":"publish","type":"product","link":"https:\/\/www.cncmarketi.com\/index.php\/product\/kucuk-yukleme-62-5-dijital-ekran-brinell-sertlik-test-cihazi-otomatik-brinell-sertlik-test-makinesi\/","title":{"rendered":"K\u00fc\u00e7\u00fck Y\u00fckleme 62.5 Dijital Ekran Brinell Sertlik Test Cihaz\u0131, Otomatik Brinell Sertlik Test Makinesi"},"content":{"rendered":"<p>\u63cf\u8ff0<br \/>\nSummary:<br \/>\nSmall Loading Brinell hardness testing machine can reflect the overall performance of the materials, but cant be influenced by the sample organization and composition micro-segregation uneven, so it is a hardness test of high precision. It is widely used in metallurgy, forging, casting, without hardened steel and non-ferrous metals industries, laboratories, universities and scientific research units. It is the closed loop sensor loading, the electronic automatic loading system, has 10 levels test force. The machine has high precision, high repeatability and stability, easy operation.<br \/>\nApplication Areas:<br \/>\nSuitable for the precision testing of parallel plane,<br \/>\nStable and reliable for the curved surface testing .<br \/>\nApplication Materials:<br \/>\nMeasuring Brinell hardness of ferrous metals, non-ferrous metals and bearing alloys; soft metals, small and thin parts.<br \/>\nFeatures:<br \/>\n4 inches LCD display, Menu structure<br \/>\nWith Motorized turret function<br \/>\n\u25cf Automatic test process, easy to operate<br \/>\n\u25cf High-definition optical system, light source brightness can be adjusted by 20 levels.<br \/>\n\u25cf With hardness value conversion function, hardness up and down tolerance judgment.<br \/>\n\u25cf Diagonal length D 1 and D 2 encoder input to reduce manual reading error.<br \/>\n\u25cf The objective lens and the pressure head can automatically switch and locate accurately.<br \/>\n\u25cf Test results and data processing, can be output through the printer.<br \/>\nSpecifications<br \/>\nProduct Name<br \/>\nBrinell Hardness Tester<br \/>\nModel<br \/>\nNG-HB62.5<br \/>\nTesting Range<br \/>\nKgf<br \/>\n1, 5, 10, 15.625, 30, 62.5<br \/>\nN<br \/>\n9.807, 49.03, 98.07, 153.2, 294.2, 612.9<br \/>\nMeasuring range<br \/>\n8-650HBW<br \/>\nMagnifications<br \/>\nObserving or Measuring 50X, Measuring 100X<br \/>\nScreen<br \/>\nLCD<br \/>\nMax Test Height<br \/>\n165mm<br \/>\nMin Measuring Unit<br \/>\n0.25um (depends on the optional object glass)<br \/>\nLoad control<br \/>\nAutomatic (loading, duration, unloading)<br \/>\nData input<br \/>\nBuilt-in Printer<br \/>\nDistance of Indenter to outer wall<br \/>\n130mm<br \/>\nPower Supply<br \/>\n220V AC, 50 \/ 60Hz<br \/>\nExecution Standard<br \/>\nEN, ISO 6507, EN ISO 6506, ASTM E-384, ASTM E-10-08, ASTM<br \/>\nE-384 GB\/T231.2\uff0cJJG150<br \/>\nStandard Accessories:<br \/>\nName<br \/>\nQuantity<br \/>\nName<br \/>\nQuantity<br \/>\nMain Unit<br \/>\n1<br \/>\nAccessory Case<br \/>\n1<br \/>\nObjectives (5X , 10X),<br \/>\nmicrometer (10X)<br \/>\nEach 1<br \/>\nDiameter \u03c62.5\u3001\u03c65\u3001\u03c610 mm<br \/>\nHard Alloy Steel Ball Indenter<br \/>\nEach 1<br \/>\nHBW\/3000\/10(150~250)<br \/>\nHBW\/1000\/10(75\uff5e125)<br \/>\nHBW\/187.5\/2.5(150\uff5e250)<br \/>\nEach 1<br \/>\nLarge, Medium, \u201cV\u201d shaped Testing Table<br \/>\nEach 1<br \/>\nDiameter fastening screw<br \/>\n1<br \/>\n2A Fuse<br \/>\n2<br \/>\nDust proof covering<br \/>\n1<br \/>\nPower Cable, Print paper<br \/>\nEach 1<br \/>\nHB Reference table<br \/>\n1<br \/>\nUsers\u2019 Manual<br \/>\nEach 1<br \/>\nOptional Accessories<br \/>\nXY work table\u3001CCD measurement system<\/p>\n","protected":false},"excerpt":{"rendered":"<p>\u63cf\u8ff0 Summary: Small Loading Brinell hardness testing machine can reflect the overall performance of the materials, but cant be influenced by the sample organization and&#8230;<\/p>\n","protected":false},"featured_media":6103,"comment_status":"open","ping_status":"closed","template":"","meta":[],"etheme_brands":[{"term_id":67,"name":"Newgoer","slug":"newgoer","term_group":0,"term_taxonomy_id":67,"taxonomy":"brand","description":"","parent":0,"count":271,"filter":"raw"}],"product_cat":[64],"product_tag":[],"_links":{"self":[{"href":"https:\/\/www.cncmarketi.com\/index.php\/wp-json\/wp\/v2\/product\/6109"}],"collection":[{"href":"https:\/\/www.cncmarketi.com\/index.php\/wp-json\/wp\/v2\/product"}],"about":[{"href":"https:\/\/www.cncmarketi.com\/index.php\/wp-json\/wp\/v2\/types\/product"}],"replies":[{"embeddable":true,"href":"https:\/\/www.cncmarketi.com\/index.php\/wp-json\/wp\/v2\/comments?post=6109"}],"version-history":[{"count":0,"href":"https:\/\/www.cncmarketi.com\/index.php\/wp-json\/wp\/v2\/product\/6109\/revisions"}],"wp:featuredmedia":[{"embeddable":true,"href":"https:\/\/www.cncmarketi.com\/index.php\/wp-json\/wp\/v2\/media\/6103"}],"wp:attachment":[{"href":"https:\/\/www.cncmarketi.com\/index.php\/wp-json\/wp\/v2\/media?parent=6109"}],"wp:term":[{"taxonomy":"brand","embeddable":true,"href":"https:\/\/www.cncmarketi.com\/index.php\/wp-json\/wp\/v2\/etheme_brands?post=6109"},{"taxonomy":"product_cat","embeddable":true,"href":"https:\/\/www.cncmarketi.com\/index.php\/wp-json\/wp\/v2\/product_cat?post=6109"},{"taxonomy":"product_tag","embeddable":true,"href":"https:\/\/www.cncmarketi.com\/index.php\/wp-json\/wp\/v2\/product_tag?post=6109"}],"curies":[{"name":"wp","href":"https:\/\/api.w.org\/{rel}","templated":true}]}}