{"id":6095,"date":"2023-08-06T08:31:05","date_gmt":"2023-08-06T05:31:05","guid":{"rendered":"https:\/\/www.cncmarketi.com\/index.php\/product\/ayakkabi-topuk-surekli-darbe-test-cihazi-ayakkabi-topuk-darbe-yorgunluk-test-cihazi\/"},"modified":"2023-08-06T08:56:53","modified_gmt":"2023-08-06T05:56:53","slug":"ayakkabi-topuk-surekli-darbe-test-cihazi-ayakkabi-topuk-darbe-yorgunluk-test-cihazi","status":"publish","type":"product","link":"https:\/\/www.cncmarketi.com\/index.php\/product\/ayakkabi-topuk-surekli-darbe-test-cihazi-ayakkabi-topuk-darbe-yorgunluk-test-cihazi\/","title":{"rendered":"Ayakkab\u0131 topuk s\u00fcrekli darbe test cihaz\u0131, ayakkab\u0131 topuk darbe yorgunluk test cihaz\u0131"},"content":{"rendered":"<p>Shoes Heel Continuous Impact Tester, Shoes Heel Impact Fatigue Tester<br \/>\nModel<br \/>\nNG-338<br \/>\nMOQ<br \/>\n1 Set<br \/>\nLead Time<br \/>\n3-15 Working Days<br \/>\nCountry of Origin<br \/>\nChina<br \/>\nPackage<br \/>\nStandard Export Wooden Box<br \/>\nOEM &#038; ODM<br \/>\nSupport<br \/>\n\u63cf\u8ff0<br \/>\n\u7528\u6237\u8bc4\u8bba (0)<br \/>\n\u63cf\u8ff0<br \/>\nApplication:<br \/>\nHeel Fatigue Tester is mainly to test the plastic heel, simulating the ability of the heel to resist continuous impact when wearing women\u2019s shoes. This machine is a pair of women\u2019s heels, moving once every second, free fall, 0.68J of energy, impact hammer falling from a horizontal position to a vertical position, impacting the specimen until the heel breaks or reaches the required number of fatigues.<br \/>\nStandard:<br \/>\nBS-5131, SATRA PM20, SATRA TM21<br \/>\nTechnical parameters:<br \/>\nImpact frequency<br \/>\n60 blow\/min<br \/>\nImpact energy<br \/>\n0.68 J\/blow<br \/>\nSwing arm<br \/>\n\u03a612.5mm<br \/>\nImpact hammer<br \/>\n\u03a657mm, thick 20mm<br \/>\nTesting angle<br \/>\n90\u00b0<br \/>\nSpecimen adjustable range<br \/>\nUp to down~90mm,left to righ~80mm,angle 0\u00b0~180\u00b0<br \/>\ntimer<br \/>\nLCD, 0~999,999<br \/>\nWeight<br \/>\n60kg<br \/>\nPower<br \/>\nAC220V, 50Hz<\/p>\n","protected":false},"excerpt":{"rendered":"<p>Shoes Heel Continuous Impact Tester, Shoes Heel Impact Fatigue Tester Model NG-338 MOQ 1 Set Lead Time 3-15 Working Days Country of Origin China Package&#8230;<\/p>\n","protected":false},"featured_media":6091,"comment_status":"open","ping_status":"closed","template":"","meta":[],"etheme_brands":[{"term_id":67,"name":"Newgoer","slug":"newgoer","term_group":0,"term_taxonomy_id":67,"taxonomy":"brand","description":"","parent":0,"count":271,"filter":"raw"}],"product_cat":[64],"product_tag":[],"_links":{"self":[{"href":"https:\/\/www.cncmarketi.com\/index.php\/wp-json\/wp\/v2\/product\/6095"}],"collection":[{"href":"https:\/\/www.cncmarketi.com\/index.php\/wp-json\/wp\/v2\/product"}],"about":[{"href":"https:\/\/www.cncmarketi.com\/index.php\/wp-json\/wp\/v2\/types\/product"}],"replies":[{"embeddable":true,"href":"https:\/\/www.cncmarketi.com\/index.php\/wp-json\/wp\/v2\/comments?post=6095"}],"version-history":[{"count":0,"href":"https:\/\/www.cncmarketi.com\/index.php\/wp-json\/wp\/v2\/product\/6095\/revisions"}],"wp:featuredmedia":[{"embeddable":true,"href":"https:\/\/www.cncmarketi.com\/index.php\/wp-json\/wp\/v2\/media\/6091"}],"wp:attachment":[{"href":"https:\/\/www.cncmarketi.com\/index.php\/wp-json\/wp\/v2\/media?parent=6095"}],"wp:term":[{"taxonomy":"brand","embeddable":true,"href":"https:\/\/www.cncmarketi.com\/index.php\/wp-json\/wp\/v2\/etheme_brands?post=6095"},{"taxonomy":"product_cat","embeddable":true,"href":"https:\/\/www.cncmarketi.com\/index.php\/wp-json\/wp\/v2\/product_cat?post=6095"},{"taxonomy":"product_tag","embeddable":true,"href":"https:\/\/www.cncmarketi.com\/index.php\/wp-json\/wp\/v2\/product_tag?post=6095"}],"curies":[{"name":"wp","href":"https:\/\/api.w.org\/{rel}","templated":true}]}}