{"id":6090,"date":"2023-08-06T08:31:00","date_gmt":"2023-08-06T05:31:00","guid":{"rendered":"https:\/\/www.cncmarketi.com\/index.php\/product\/basit-yerlestirme-ve-ekstraksiyon-omru-test-cihazi-konektor-fis-ekleme-omru-test-makinesi\/"},"modified":"2023-08-06T08:56:53","modified_gmt":"2023-08-06T05:56:53","slug":"basit-yerlestirme-ve-ekstraksiyon-omru-test-cihazi-konektor-fis-ekleme-omru-test-makinesi","status":"publish","type":"product","link":"https:\/\/www.cncmarketi.com\/index.php\/product\/basit-yerlestirme-ve-ekstraksiyon-omru-test-cihazi-konektor-fis-ekleme-omru-test-makinesi\/","title":{"rendered":"Basit yerle\u015ftirme ve ekstraksiyon \u00f6mr\u00fc test cihaz\u0131, konekt\u00f6r fi\u015f ekleme \u00f6mr\u00fc test makinesi"},"content":{"rendered":"<p>Simple Insertion and Extraction Life Tester, Connector Plug Insertion Lifetime Testing Machine<br \/>\nModel<br \/>\nNG-213<br \/>\nMOQ<br \/>\n1 Set<br \/>\nLead Time<br \/>\n3-15 Working Days<br \/>\nCountry of Origin<br \/>\nChina<br \/>\nPackage<br \/>\nStandard Export Wooden Box<br \/>\nOEM &#038; ODM<br \/>\nSupport<br \/>\n\u63cf\u8ff0<br \/>\n\u7528\u6237\u8bc4\u8bba (0)<br \/>\n\u63cf\u8ff0<br \/>\nSummary:<br \/>\nCell Phone \/ Connector Plug Insertion Life Test machine\/Usb plug life tester, USB Tester is a kind of latest testing equipment. It simulates human action to test insertion and extraction lifetime of plugins. It adopts LED mode, the testing number and testing speed are settable, it can reduce the manpower and improve the product quality and receive high praise.<br \/>\nMain Parameters<br \/>\nDisplay<br \/>\nLED<br \/>\nTransmission<br \/>\nRotating eccentric<br \/>\nSpeed<br \/>\n0-60 \/min (adjustable)<br \/>\nLED counter<br \/>\n0-999999 times<br \/>\nDimension<br \/>\n550mm*470mm*450 mm<br \/>\nStroke<br \/>\n0-50mm(adjustable)<br \/>\nPower<br \/>\nSingle phase, 220V<\/p>\n","protected":false},"excerpt":{"rendered":"<p>Simple Insertion and Extraction Life Tester, Connector Plug Insertion Lifetime Testing Machine Model NG-213 MOQ 1 Set Lead Time 3-15 Working Days Country of Origin&#8230;<\/p>\n","protected":false},"featured_media":6085,"comment_status":"open","ping_status":"closed","template":"","meta":[],"etheme_brands":[{"term_id":67,"name":"Newgoer","slug":"newgoer","term_group":0,"term_taxonomy_id":67,"taxonomy":"brand","description":"","parent":0,"count":271,"filter":"raw"}],"product_cat":[64],"product_tag":[],"_links":{"self":[{"href":"https:\/\/www.cncmarketi.com\/index.php\/wp-json\/wp\/v2\/product\/6090"}],"collection":[{"href":"https:\/\/www.cncmarketi.com\/index.php\/wp-json\/wp\/v2\/product"}],"about":[{"href":"https:\/\/www.cncmarketi.com\/index.php\/wp-json\/wp\/v2\/types\/product"}],"replies":[{"embeddable":true,"href":"https:\/\/www.cncmarketi.com\/index.php\/wp-json\/wp\/v2\/comments?post=6090"}],"version-history":[{"count":0,"href":"https:\/\/www.cncmarketi.com\/index.php\/wp-json\/wp\/v2\/product\/6090\/revisions"}],"wp:featuredmedia":[{"embeddable":true,"href":"https:\/\/www.cncmarketi.com\/index.php\/wp-json\/wp\/v2\/media\/6085"}],"wp:attachment":[{"href":"https:\/\/www.cncmarketi.com\/index.php\/wp-json\/wp\/v2\/media?parent=6090"}],"wp:term":[{"taxonomy":"brand","embeddable":true,"href":"https:\/\/www.cncmarketi.com\/index.php\/wp-json\/wp\/v2\/etheme_brands?post=6090"},{"taxonomy":"product_cat","embeddable":true,"href":"https:\/\/www.cncmarketi.com\/index.php\/wp-json\/wp\/v2\/product_cat?post=6090"},{"taxonomy":"product_tag","embeddable":true,"href":"https:\/\/www.cncmarketi.com\/index.php\/wp-json\/wp\/v2\/product_tag?post=6090"}],"curies":[{"name":"wp","href":"https:\/\/api.w.org\/{rel}","templated":true}]}}