{"id":6084,"date":"2023-08-06T08:30:55","date_gmt":"2023-08-06T05:30:55","guid":{"rendered":"https:\/\/www.cncmarketi.com\/index.php\/product\/shore-sertlik-test-cihazi-kiyi-durometresi-a-c-d-sertlik-test-cihazi\/"},"modified":"2023-08-06T08:56:53","modified_gmt":"2023-08-06T05:56:53","slug":"shore-sertlik-test-cihazi-kiyi-durometresi-a-c-d-sertlik-test-cihazi","status":"publish","type":"product","link":"https:\/\/www.cncmarketi.com\/index.php\/product\/shore-sertlik-test-cihazi-kiyi-durometresi-a-c-d-sertlik-test-cihazi\/","title":{"rendered":"Shore sertlik test cihaz\u0131, k\u0131y\u0131 durometresi A C D sertlik test cihaz\u0131"},"content":{"rendered":"<p>\u63cf\u8ff0<br \/>\nSummary:<br \/>\nShore hardness tester is applied to test the hardness of vulcanized rubber and plastic. The hardness head is installed on the stand. You can also take the head from the stand to carry spot testing. Display can make a digital meter.<br \/>\nApplication Standards:<br \/>\nISO7619-1:2004: Rubber, vulcanized or thermoplastic\u2013Determination of indentation hardness-part 1: Duromerer method ( shore hardness)<br \/>\nISO 868:2003: Plastics and ebonite-Determination of indentation hardness by means of a duromerer ( shore hardness)<br \/>\nEtc\u2026<br \/>\nFeatures:<br \/>\nInstruction pointer, easy reading, accurate, high precision.<br \/>\nHand held design and easy to carry, can be hand-held measurement can also be installed on the<br \/>\nSupporting rack test.<br \/>\nInstructions:<br \/>\nThe sample on strong plane, take the hardness tester, pressure needle distance sample at least 12 mm edge smooth put pressure on foot pressure in the sample, makes the needle vertical pressure into the sample, until the feet and sample completely contact pressure when within 1 s reading. Measuring at least 6 mm apart in different positions of the measurement hardness value 5 times, take the average (micro porous materials are measuring at least 15 mm). In order to stabilize determination conditions, to enhance determination accuracy, hardness tester device should be in the same determination on supporting producer determination.<br \/>\nSpecifications<br \/>\nModel<br \/>\nNG-ZHS100A<br \/>\nNG-ZHS100C<br \/>\nNG-ZHS100D<br \/>\nTest range<br \/>\n20~90HA<br \/>\n20~90HC<br \/>\n20~90HD<br \/>\nAvailable test range<br \/>\n20~90HA<br \/>\n20~90HC<br \/>\n20~90HD<br \/>\nDisplay method<br \/>\nDial display<br \/>\nPress needle diameter<br \/>\n1.25mm\u00b10.15mm<br \/>\nPress needle telos diameter<br \/>\n0.79mm\u00b10.03mm<br \/>\nPress needle taper angle<br \/>\n35\u00b0\u00b10.25\u00b0<br \/>\nDial range<br \/>\n0HA-100HA6<br \/>\nStroke<br \/>\n2.5mm<br \/>\nTip dimension<br \/>\nSR0.1mm<br \/>\nWeight<br \/>\nabout 0.5kg.<br \/>\nAttention:<br \/>\nType A: applicable to general rubber, synthetic rubber, vulcanized rubber, soft rubber, leather, wax, etc.<br \/>\nType C: applicable to the hardness test of rubber microporous material.<br \/>\nType D: applicable to hard rubber, hard resin, acrylic, glass, cushiony plastic cement, printing plates, fiber, etc.<\/p>\n","protected":false},"excerpt":{"rendered":"<p>\u63cf\u8ff0 Summary: Shore hardness tester is applied to test the hardness of vulcanized rubber and plastic. The hardness head is installed on the stand. You&#8230;<\/p>\n","protected":false},"featured_media":6078,"comment_status":"open","ping_status":"closed","template":"","meta":[],"etheme_brands":[{"term_id":67,"name":"Newgoer","slug":"newgoer","term_group":0,"term_taxonomy_id":67,"taxonomy":"brand","description":"","parent":0,"count":271,"filter":"raw"}],"product_cat":[64],"product_tag":[],"_links":{"self":[{"href":"https:\/\/www.cncmarketi.com\/index.php\/wp-json\/wp\/v2\/product\/6084"}],"collection":[{"href":"https:\/\/www.cncmarketi.com\/index.php\/wp-json\/wp\/v2\/product"}],"about":[{"href":"https:\/\/www.cncmarketi.com\/index.php\/wp-json\/wp\/v2\/types\/product"}],"replies":[{"embeddable":true,"href":"https:\/\/www.cncmarketi.com\/index.php\/wp-json\/wp\/v2\/comments?post=6084"}],"version-history":[{"count":0,"href":"https:\/\/www.cncmarketi.com\/index.php\/wp-json\/wp\/v2\/product\/6084\/revisions"}],"wp:featuredmedia":[{"embeddable":true,"href":"https:\/\/www.cncmarketi.com\/index.php\/wp-json\/wp\/v2\/media\/6078"}],"wp:attachment":[{"href":"https:\/\/www.cncmarketi.com\/index.php\/wp-json\/wp\/v2\/media?parent=6084"}],"wp:term":[{"taxonomy":"brand","embeddable":true,"href":"https:\/\/www.cncmarketi.com\/index.php\/wp-json\/wp\/v2\/etheme_brands?post=6084"},{"taxonomy":"product_cat","embeddable":true,"href":"https:\/\/www.cncmarketi.com\/index.php\/wp-json\/wp\/v2\/product_cat?post=6084"},{"taxonomy":"product_tag","embeddable":true,"href":"https:\/\/www.cncmarketi.com\/index.php\/wp-json\/wp\/v2\/product_tag?post=6084"}],"curies":[{"name":"wp","href":"https:\/\/api.w.org\/{rel}","templated":true}]}}