{"id":6077,"date":"2023-08-06T08:30:48","date_gmt":"2023-08-06T05:30:48","guid":{"rendered":"https:\/\/www.cncmarketi.com\/index.php\/product\/ayakkabi-kayma-direnc-test-cihazi-astm-f1677-tasinabilir-mafsalli-strut-ayakkabi-sole-slip-direnc-test-cihazi\/"},"modified":"2023-09-05T20:27:25","modified_gmt":"2023-09-05T17:27:25","slug":"ayakkabi-kayma-direnc-test-cihazi-astm-f1677-tasinabilir-mafsalli-strut-ayakkabi-sole-slip-direnc-test-cihazi","status":"publish","type":"product","link":"https:\/\/www.cncmarketi.com\/index.php\/product\/ayakkabi-kayma-direnc-test-cihazi-astm-f1677-tasinabilir-mafsalli-strut-ayakkabi-sole-slip-direnc-test-cihazi\/","title":{"rendered":"Ayakkab\u0131 Kayma Diren\u00e7 Test Cihaz\u0131, ASTM F1677 Ta\u015f\u0131nabilir Mafsall\u0131 Strut Ayakkab\u0131 Sole Slip Diren\u00e7 Test Cihaz\u0131"},"content":{"rendered":"<p>Shoes Slip Resistance Tester, ASTM F1677 Portable Articulated Strut Shoe Sole Slip Resistance Tester<br \/>\nModel<br \/>\nNG-524<br \/>\nMOQ<br \/>\n1 Set<br \/>\nLead Time<br \/>\n3-15 Working Days<br \/>\nCountry of Origin<br \/>\nChina<br \/>\nPackage<br \/>\nStandard Export Wooden Box<br \/>\nOEM &#038; ODM<br \/>\nSupport<br \/>\n\u63cf\u8ff0<br \/>\n\u7528\u6237\u8bc4\u8bba (0)<br \/>\n\u63cf\u8ff0<br \/>\nProduct Description<br \/>\nThis tester, the Shoes Slip Resistance Tester is used to determine the slip resistance of footwear sole, heel or related materials against planar waJkway surface or walkway surrogates under dry, wet or contaminated conditions.<br \/>\nPurpose<br \/>\nBased on the principle of the ratio of horizontal and vertical forces under load, the MARKII portable elbow joint anti-slip testing machine tests the zUI large static friction coefficient between the design and the ground. The tester is portable and can be used on dry, wet or soil-contaminated floors to test the anti-slip performance of rubber, tire, PU and PVC materials<br \/>\nStandard: ASTM-F1677<br \/>\nSpecifications:<br \/>\nLoad<br \/>\n10lb<br \/>\nSlider diameter<br \/>\n\u00d812mm<br \/>\nThickness of holder<br \/>\n31.8mm<br \/>\nThickness of base<br \/>\n19.1mm<br \/>\nArea of sample<br \/>\n3\u2019\u2019x3\u2019\u2019(76.2\u00d776.2mm)<br \/>\nSurface area<br \/>\n4\u2019\u2019x4\u2019\u2019 or more<br \/>\nFloor requirements<br \/>\nlevel of ground surface<br \/>\nMachine size<br \/>\n400x220x390mm<br \/>\nWeight<br \/>\n15kg<\/p>\n","protected":false},"excerpt":{"rendered":"<p>Shoes Slip Resistance Tester, ASTM F1677 Portable Articulated Strut Shoe Sole Slip Resistance Tester Model NG-524 MOQ 1 Set Lead Time 3-15 Working Days Country&#8230;<\/p>\n","protected":false},"featured_media":6071,"comment_status":"open","ping_status":"closed","template":"","meta":[],"etheme_brands":[{"term_id":67,"name":"Newgoer","slug":"newgoer","term_group":0,"term_taxonomy_id":67,"taxonomy":"brand","description":"","parent":0,"count":271,"filter":"raw"}],"product_cat":[64],"product_tag":[],"_links":{"self":[{"href":"https:\/\/www.cncmarketi.com\/index.php\/wp-json\/wp\/v2\/product\/6077"}],"collection":[{"href":"https:\/\/www.cncmarketi.com\/index.php\/wp-json\/wp\/v2\/product"}],"about":[{"href":"https:\/\/www.cncmarketi.com\/index.php\/wp-json\/wp\/v2\/types\/product"}],"replies":[{"embeddable":true,"href":"https:\/\/www.cncmarketi.com\/index.php\/wp-json\/wp\/v2\/comments?post=6077"}],"version-history":[{"count":0,"href":"https:\/\/www.cncmarketi.com\/index.php\/wp-json\/wp\/v2\/product\/6077\/revisions"}],"wp:featuredmedia":[{"embeddable":true,"href":"https:\/\/www.cncmarketi.com\/index.php\/wp-json\/wp\/v2\/media\/6071"}],"wp:attachment":[{"href":"https:\/\/www.cncmarketi.com\/index.php\/wp-json\/wp\/v2\/media?parent=6077"}],"wp:term":[{"taxonomy":"brand","embeddable":true,"href":"https:\/\/www.cncmarketi.com\/index.php\/wp-json\/wp\/v2\/etheme_brands?post=6077"},{"taxonomy":"product_cat","embeddable":true,"href":"https:\/\/www.cncmarketi.com\/index.php\/wp-json\/wp\/v2\/product_cat?post=6077"},{"taxonomy":"product_tag","embeddable":true,"href":"https:\/\/www.cncmarketi.com\/index.php\/wp-json\/wp\/v2\/product_tag?post=6077"}],"curies":[{"name":"wp","href":"https:\/\/api.w.org\/{rel}","templated":true}]}}