{"id":6037,"date":"2023-08-06T08:30:03","date_gmt":"2023-08-06T05:30:03","guid":{"rendered":"https:\/\/www.cncmarketi.com\/index.php\/product\/guvenlik-ayakkabi-damla-etki-test-makinesi-guvenlik-ayakkabi-etki-test-cihazi\/"},"modified":"2023-08-06T08:56:53","modified_gmt":"2023-08-06T05:56:53","slug":"guvenlik-ayakkabi-damla-etki-test-makinesi-guvenlik-ayakkabi-etki-test-cihazi","status":"publish","type":"product","link":"https:\/\/www.cncmarketi.com\/index.php\/product\/guvenlik-ayakkabi-damla-etki-test-makinesi-guvenlik-ayakkabi-etki-test-cihazi\/","title":{"rendered":"G\u00fcvenlik Ayakkab\u0131 Damla Etki Test Makinesi, G\u00fcvenlik Ayakkab\u0131 Etki Test Cihaz\u0131"},"content":{"rendered":"<p>Safety Shoes Drop Impact Testing Machine, Safety Footwear Impact Tester<br \/>\nModel<br \/>\nNG-351<br \/>\nMOQ<br \/>\n1 Set<br \/>\nLead Time<br \/>\n3-15 Working Days<br \/>\nCountry of Origin<br \/>\nChina<br \/>\nPackage<br \/>\nStandard Export Wooden Box<br \/>\nOEM &#038; ODM<br \/>\nSupport<br \/>\n\u63cf\u8ff0<br \/>\n\u7528\u6237\u8bc4\u8bba (0)<br \/>\n\u63cf\u8ff0<br \/>\nIntroduce:<br \/>\nBest Safety Shoes Footwear Impact Resistance Tester is installed a steel striker adaptered to fall freely on vertical guides from a predetermined height to give the required impact energy to<br \/>\nthe toe of safety footwear for measuring the degree of the dent. In addition, the toecap should not<br \/>\ndevelop any cracks on the test axis with go through the material.<br \/>\nStandard:<br \/>\nIt complies with BS-953, EN-344, ANSI-41, CSA-Z195, ISO 8782<br \/>\nTechnology Parameters:<br \/>\nStriker Weight<br \/>\n(EN) 20\u00b10.2kg, (BS, ANSI) 22.7KG<br \/>\nDrop Height<br \/>\n0~1100mm auto adjustable<br \/>\nImpact Energy<br \/>\n(EN)200J, (BS, ANSI)1002J<br \/>\nStriker<br \/>\n(EN)3\u00b10.1mm, (ANSI)\u00f825.4<br \/>\nDimension<br \/>\n70\u00d770\u00d7180cm<br \/>\nWeight<br \/>\n185kg<br \/>\nPower<br \/>\nAC220V\/50Hz or others<br \/>\nFunction instruction:<br \/>\n(up): Control the beam and its rise when it grips the impact head<br \/>\n(down):Control the beam and its fall when it grips the impact head<br \/>\nON\/OFF:Switch on the control panel<br \/>\n(release):The impact falls down (the test method is as follow)<br \/>\nNote :The impact speed in the range of 4.35~4.5 is normal<br \/>\n(The speed is shown on the speed chart)<\/p>\n","protected":false},"excerpt":{"rendered":"<p>Safety Shoes Drop Impact Testing Machine, Safety Footwear Impact Tester Model NG-351 MOQ 1 Set Lead Time 3-15 Working Days Country of Origin China Package&#8230;<\/p>\n","protected":false},"featured_media":6031,"comment_status":"open","ping_status":"closed","template":"","meta":[],"etheme_brands":[{"term_id":67,"name":"Newgoer","slug":"newgoer","term_group":0,"term_taxonomy_id":67,"taxonomy":"brand","description":"","parent":0,"count":271,"filter":"raw"}],"product_cat":[64],"product_tag":[],"_links":{"self":[{"href":"https:\/\/www.cncmarketi.com\/index.php\/wp-json\/wp\/v2\/product\/6037"}],"collection":[{"href":"https:\/\/www.cncmarketi.com\/index.php\/wp-json\/wp\/v2\/product"}],"about":[{"href":"https:\/\/www.cncmarketi.com\/index.php\/wp-json\/wp\/v2\/types\/product"}],"replies":[{"embeddable":true,"href":"https:\/\/www.cncmarketi.com\/index.php\/wp-json\/wp\/v2\/comments?post=6037"}],"version-history":[{"count":0,"href":"https:\/\/www.cncmarketi.com\/index.php\/wp-json\/wp\/v2\/product\/6037\/revisions"}],"wp:featuredmedia":[{"embeddable":true,"href":"https:\/\/www.cncmarketi.com\/index.php\/wp-json\/wp\/v2\/media\/6031"}],"wp:attachment":[{"href":"https:\/\/www.cncmarketi.com\/index.php\/wp-json\/wp\/v2\/media?parent=6037"}],"wp:term":[{"taxonomy":"brand","embeddable":true,"href":"https:\/\/www.cncmarketi.com\/index.php\/wp-json\/wp\/v2\/etheme_brands?post=6037"},{"taxonomy":"product_cat","embeddable":true,"href":"https:\/\/www.cncmarketi.com\/index.php\/wp-json\/wp\/v2\/product_cat?post=6037"},{"taxonomy":"product_tag","embeddable":true,"href":"https:\/\/www.cncmarketi.com\/index.php\/wp-json\/wp\/v2\/product_tag?post=6037"}],"curies":[{"name":"wp","href":"https:\/\/api.w.org\/{rel}","templated":true}]}}