{"id":6007,"date":"2023-08-06T08:29:26","date_gmt":"2023-08-06T05:29:26","guid":{"rendered":"https:\/\/www.cncmarketi.com\/index.php\/product\/kaucuk-geri-tepme-esnekligi-test-cihazi\/"},"modified":"2023-08-06T08:57:12","modified_gmt":"2023-08-06T05:57:12","slug":"kaucuk-geri-tepme-esnekligi-test-cihazi","status":"publish","type":"product","link":"https:\/\/www.cncmarketi.com\/index.php\/product\/kaucuk-geri-tepme-esnekligi-test-cihazi\/","title":{"rendered":"Kau\u00e7uk geri tepme esnekli\u011fi test cihaz\u0131"},"content":{"rendered":"<p>Rubber Rebound Resilience Elasticity Tester<br \/>\nModel<br \/>\nNG-3216<br \/>\nMOQ<br \/>\n1 Set<br \/>\nLead Time<br \/>\n3-15 Working Days<br \/>\nCountry of Origin<br \/>\nChina<br \/>\nPackage<br \/>\nStandard Export Wooden Box<br \/>\nOEM &#038; ODM<br \/>\nSupport<br \/>\n\u63cf\u8ff0<br \/>\n\u7528\u6237\u8bc4\u8bba (0)<br \/>\n\u63cf\u8ff0<br \/>\nSummary:<br \/>\nRubber Rebound Resilience Elasticity Tester is used to measure the impact resistance of elastic material<br \/>\nand flexible cellular materials. The test results of this tester can be used for understanding the difference<br \/>\nbetween different materials, and can be used to measure the change of elasticity after specimen being<br \/>\naged. This would be a good reference for purchase or for quality research and improvement.<br \/>\nIt is used for determining the rebound resilience of rubber the hardness of which lies between 30IRHD~85IRHD. The resilience elasticity is defined as the ratio of the regained energy in relation to the applied energy. This ratio of energy corresponds with the quotient of the height of the resilience and the height of<br \/>\nthe drop of the pendulum.<br \/>\nStandard:<br \/>\nGB \/ T 1681: Determination of vulcanized rubber elasticity<br \/>\nISO4662: Rubber, vulcanized or thermoplastic \u2013 Determination of rebound resilience<br \/>\nDIN53512: Determining the rebound resilience of rubber using the Schob pendulum<br \/>\nFeatures:<br \/>\nAfter the test, this function displays the test results and automatic storage or direct printing;<br \/>\nAfter the test, this function displays the data of angle energy<br \/>\nWith safety protection devices and electric shock button, to ensure that test security.<br \/>\nSpecifications:<br \/>\nImpact energy<br \/>\n0.5J<br \/>\nInstruction Range<br \/>\n0\uff5e100%<br \/>\nMarking scale<br \/>\n1%<br \/>\nAdjustable range of specimen thickness<br \/>\n0~60mm<br \/>\nScale mark<br \/>\n1mm<br \/>\nImpact speed<br \/>\n1.40-2.04m\/sec<br \/>\nDimension<br \/>\n62\u00d719\u00d736.5cm<br \/>\nPower supply<br \/>\nAC220V, 50Hz, 1000w<br \/>\nWeight<br \/>\n38kg<\/p>\n","protected":false},"excerpt":{"rendered":"<p>Rubber Rebound Resilience Elasticity Tester Model NG-3216 MOQ 1 Set Lead Time 3-15 Working Days Country of Origin China Package Standard Export Wooden Box OEM&#8230;<\/p>\n","protected":false},"featured_media":6001,"comment_status":"open","ping_status":"closed","template":"","meta":[],"etheme_brands":[{"term_id":67,"name":"Newgoer","slug":"newgoer","term_group":0,"term_taxonomy_id":67,"taxonomy":"brand","description":"","parent":0,"count":271,"filter":"raw"}],"product_cat":[64],"product_tag":[],"_links":{"self":[{"href":"https:\/\/www.cncmarketi.com\/index.php\/wp-json\/wp\/v2\/product\/6007"}],"collection":[{"href":"https:\/\/www.cncmarketi.com\/index.php\/wp-json\/wp\/v2\/product"}],"about":[{"href":"https:\/\/www.cncmarketi.com\/index.php\/wp-json\/wp\/v2\/types\/product"}],"replies":[{"embeddable":true,"href":"https:\/\/www.cncmarketi.com\/index.php\/wp-json\/wp\/v2\/comments?post=6007"}],"version-history":[{"count":0,"href":"https:\/\/www.cncmarketi.com\/index.php\/wp-json\/wp\/v2\/product\/6007\/revisions"}],"wp:featuredmedia":[{"embeddable":true,"href":"https:\/\/www.cncmarketi.com\/index.php\/wp-json\/wp\/v2\/media\/6001"}],"wp:attachment":[{"href":"https:\/\/www.cncmarketi.com\/index.php\/wp-json\/wp\/v2\/media?parent=6007"}],"wp:term":[{"taxonomy":"brand","embeddable":true,"href":"https:\/\/www.cncmarketi.com\/index.php\/wp-json\/wp\/v2\/etheme_brands?post=6007"},{"taxonomy":"product_cat","embeddable":true,"href":"https:\/\/www.cncmarketi.com\/index.php\/wp-json\/wp\/v2\/product_cat?post=6007"},{"taxonomy":"product_tag","embeddable":true,"href":"https:\/\/www.cncmarketi.com\/index.php\/wp-json\/wp\/v2\/product_tag?post=6007"}],"curies":[{"name":"wp","href":"https:\/\/api.w.org\/{rel}","templated":true}]}}