{"id":6000,"date":"2023-08-06T08:29:18","date_gmt":"2023-08-06T05:29:18","guid":{"rendered":"https:\/\/www.cncmarketi.com\/index.php\/product\/guvenlik-ayakkabilari-sikistirma-ve-ponksiyon-test-cihazi-ehs-guvenlik-sikistirma-delin-test-cihazi\/"},"modified":"2023-08-06T08:57:12","modified_gmt":"2023-08-06T05:57:12","slug":"guvenlik-ayakkabilari-sikistirma-ve-ponksiyon-test-cihazi-ehs-guvenlik-sikistirma-delin-test-cihazi","status":"publish","type":"product","link":"https:\/\/www.cncmarketi.com\/index.php\/product\/guvenlik-ayakkabilari-sikistirma-ve-ponksiyon-test-cihazi-ehs-guvenlik-sikistirma-delin-test-cihazi\/","title":{"rendered":"G\u00fcvenlik Ayakkab\u0131lar\u0131 S\u0131k\u0131\u015ft\u0131rma ve Ponksiyon Test Cihaz\u0131, EHS G\u00fcvenlik S\u0131k\u0131\u015ft\u0131rma Delin Test Cihaz\u0131"},"content":{"rendered":"<p>\u63cf\u8ff0<br \/>\nSummary:<br \/>\nThe safety shoes compression and puncture tester detect the cranial anti-compression of shoes, as well as puncture-resistant of steel plate, to prevent the injury happening to<br \/>\nworker who wearing the shoes in the workplace by the shoes poor quality. Testing equipment can be arbitrarily adjusted according to customer requirements, and also has kg, N, lb 3kinds of units can be arbitrary switching, it also has a micro-printer, you can print out the testing results.<br \/>\nStandards:<br \/>\nEN12568,ANSI, JIS, CSA, GB120171989, LD501994 etc.<br \/>\nTest Principle<br \/>\nCompression test: By using the corresponding standard pressure (EN standard: 15KN\u00b1 0.1kN;The anti-compressibility of the toe cap is assessed by measuring the minimum height (i.e., the safety height) retained by the cylinder below when pressing the toe cap at an ANSI standard of 1000\u00b150LBS.<br \/>\nPuncture resistance test of steel plate:The puncture resistance of a steel plate is evaluated by measuring the maximum force at which the steel plate penetrates or whether the steel plate penetrates under a given force.<br \/>\nSpecifications<br \/>\nShoes Compression and Puncture Tester<br \/>\nstandard<br \/>\nBS, EN-344, ANSI-Z41, ISO-20344, LD50, GB<br \/>\nDisplay<br \/>\nEnglish display<br \/>\nCompression strength<br \/>\n\uff08EN\uff0915\u00b10.1kn,(ANSI)1000\u00b150\uff5e10000\u00b1501bs<br \/>\nCompression speed<br \/>\n\uff08EN\uff095\u00b12mm\/min,(ANSI)501bs\/sec<br \/>\nUnits<br \/>\nkg, N, LB can exchange<br \/>\nResolution<br \/>\n1\/10000<br \/>\nMax load<br \/>\n2000kg<br \/>\nPrinting<br \/>\nCan print, query test results<br \/>\nOther features<br \/>\nIt can be set the date and time for experiment; have limit<br \/>\nProtection and peak retention feature that automatically shut down<br \/>\nPressing plate hardness<br \/>\n(EN) 60HRC<br \/>\nWeight<br \/>\n150kg<br \/>\nPower<br \/>\n1\u03a6,AC220V,15A<\/p>\n","protected":false},"excerpt":{"rendered":"<p>\u63cf\u8ff0 Summary: The safety shoes compression and puncture tester detect the cranial anti-compression of shoes, as well as puncture-resistant of steel plate, to prevent the&#8230;<\/p>\n","protected":false},"featured_media":5994,"comment_status":"open","ping_status":"closed","template":"","meta":[],"etheme_brands":[{"term_id":67,"name":"Newgoer","slug":"newgoer","term_group":0,"term_taxonomy_id":67,"taxonomy":"brand","description":"","parent":0,"count":271,"filter":"raw"}],"product_cat":[64],"product_tag":[],"_links":{"self":[{"href":"https:\/\/www.cncmarketi.com\/index.php\/wp-json\/wp\/v2\/product\/6000"}],"collection":[{"href":"https:\/\/www.cncmarketi.com\/index.php\/wp-json\/wp\/v2\/product"}],"about":[{"href":"https:\/\/www.cncmarketi.com\/index.php\/wp-json\/wp\/v2\/types\/product"}],"replies":[{"embeddable":true,"href":"https:\/\/www.cncmarketi.com\/index.php\/wp-json\/wp\/v2\/comments?post=6000"}],"version-history":[{"count":0,"href":"https:\/\/www.cncmarketi.com\/index.php\/wp-json\/wp\/v2\/product\/6000\/revisions"}],"wp:featuredmedia":[{"embeddable":true,"href":"https:\/\/www.cncmarketi.com\/index.php\/wp-json\/wp\/v2\/media\/5994"}],"wp:attachment":[{"href":"https:\/\/www.cncmarketi.com\/index.php\/wp-json\/wp\/v2\/media?parent=6000"}],"wp:term":[{"taxonomy":"brand","embeddable":true,"href":"https:\/\/www.cncmarketi.com\/index.php\/wp-json\/wp\/v2\/etheme_brands?post=6000"},{"taxonomy":"product_cat","embeddable":true,"href":"https:\/\/www.cncmarketi.com\/index.php\/wp-json\/wp\/v2\/product_cat?post=6000"},{"taxonomy":"product_tag","embeddable":true,"href":"https:\/\/www.cncmarketi.com\/index.php\/wp-json\/wp\/v2\/product_tag?post=6000"}],"curies":[{"name":"wp","href":"https:\/\/api.w.org\/{rel}","templated":true}]}}