{"id":5986,"date":"2023-08-06T08:29:04","date_gmt":"2023-08-06T05:29:04","guid":{"rendered":"https:\/\/www.cncmarketi.com\/index.php\/product\/guvenlik-kask-damla-agirlik-etki-test-cihazi-kask-etki-direnci-ponks-test-cihazi\/"},"modified":"2023-08-06T08:57:12","modified_gmt":"2023-08-06T05:57:12","slug":"guvenlik-kask-damla-agirlik-etki-test-cihazi-kask-etki-direnci-ponks-test-cihazi","status":"publish","type":"product","link":"https:\/\/www.cncmarketi.com\/index.php\/product\/guvenlik-kask-damla-agirlik-etki-test-cihazi-kask-etki-direnci-ponks-test-cihazi\/","title":{"rendered":"G\u00fcvenlik Kask Damla A\u011f\u0131rl\u0131k Etki Test Cihaz\u0131, Kask Etki Direnci Ponks Test Cihaz\u0131"},"content":{"rendered":"<p>Safety Helmet Drop Weight Impact Tester, Helmet Impact Resistance Puncture Tester<br \/>\nModel<br \/>\nNG-800<br \/>\nMOQ<br \/>\n1 Set<br \/>\nLead Time<br \/>\n3-15 Working Days<br \/>\nCountry of Origin<br \/>\nChina<br \/>\nPackage<br \/>\nStandard Export Wooden Box<br \/>\nOEM &#038; ODM<br \/>\nSupport<br \/>\n\u63cf\u8ff0<br \/>\n\u7528\u6237\u8bc4\u8bba (0)<br \/>\n\u63cf\u8ff0<br \/>\nSummary:<br \/>\nThis machine specially test fire helmets impact resistance performance, can also do the anti-penetration properties test. Determination of fire helmets impact resistance performance, put the special head model with a good helmet (aluminium magnesium alloy materials) installed in the high sensitivity of the sensor, then use the 5kg hammer from 1 m height of impact, and the high sensitivity strength induction device detect the impact instantaneous force value to judge helmet shock absorption performance is good or bad.<br \/>\nPrinciple:<br \/>\nDetermination of the helmet antipenetration properties test, first fix the head model on the base, make head model,Steel cone and electrical contact display device to form a closed circuit, then put 3kg steel cone from 1 m height fall to puncture helmet, after puncture observation electrical contact display device. Judge helmet anti-penetration properties is good or bad.<br \/>\nSpecifications:<br \/>\nItem<br \/>\nSafety Helmet Impact Puncture Tester<br \/>\nDrop Hammer<br \/>\nImpact Hammber, Puncture Hammber<br \/>\nImpact Hammber Weight<br \/>\n5 + 0.01kg<br \/>\nRadius of Impact Hammer<br \/>\nR=48mm<br \/>\nMaterial of Impact Hammer<br \/>\n45 # steel<br \/>\nForce Sensor<br \/>\n20KN<br \/>\nTest Range<br \/>\n2%-100%FS<br \/>\nMin. Reading<br \/>\n1N<br \/>\nPuncture Hammer Weight<br \/>\n3 + 0.05kg<br \/>\nPuncture Hammer Cone Angle<br \/>\n60 \u00b0<br \/>\nRadius of Puncture Hammer Cone<br \/>\nR=0.5mm<br \/>\nLength of Puncture Hammer<br \/>\n40mm<br \/>\nMax. Diameter of Puncture Hammer<br \/>\n28mm<br \/>\nDrop Height<br \/>\n1000mm\u00b15mm<br \/>\nPower<br \/>\n220V, 50Hz<br \/>\nStandard:<br \/>\nGB \/ T 2812-2006: Test method for safety helmet<br \/>\nISO 3873: Industrial safety helmets<br \/>\nGB2811-2007: Safety Helmet<br \/>\nOther international Safety Helmet Test Method<br \/>\nFeatures:<br \/>\n1, Drop hammer and hammer to replace simple operation.<br \/>\n2,With automatic guidance system to ensure accurate impact hammer and hammer down exactly hit the helmet.<br \/>\n3, The puncture hammer adopt a closed circuit, will alarm after puncture<br \/>\n4, wallop professional precision sensors, range is 2t, accuracy is \u00b1 0.02%.<br \/>\n5, LED digital display, auto-save maximum force.<br \/>\n6, The height of impact hammer and puncture hammber can be adjustable.<\/p>\n","protected":false},"excerpt":{"rendered":"<p>Safety Helmet Drop Weight Impact Tester, Helmet Impact Resistance Puncture Tester Model NG-800 MOQ 1 Set Lead Time 3-15 Working Days Country of Origin China&#8230;<\/p>\n","protected":false},"featured_media":5980,"comment_status":"open","ping_status":"closed","template":"","meta":[],"etheme_brands":[{"term_id":67,"name":"Newgoer","slug":"newgoer","term_group":0,"term_taxonomy_id":67,"taxonomy":"brand","description":"","parent":0,"count":271,"filter":"raw"}],"product_cat":[64],"product_tag":[],"_links":{"self":[{"href":"https:\/\/www.cncmarketi.com\/index.php\/wp-json\/wp\/v2\/product\/5986"}],"collection":[{"href":"https:\/\/www.cncmarketi.com\/index.php\/wp-json\/wp\/v2\/product"}],"about":[{"href":"https:\/\/www.cncmarketi.com\/index.php\/wp-json\/wp\/v2\/types\/product"}],"replies":[{"embeddable":true,"href":"https:\/\/www.cncmarketi.com\/index.php\/wp-json\/wp\/v2\/comments?post=5986"}],"version-history":[{"count":0,"href":"https:\/\/www.cncmarketi.com\/index.php\/wp-json\/wp\/v2\/product\/5986\/revisions"}],"wp:featuredmedia":[{"embeddable":true,"href":"https:\/\/www.cncmarketi.com\/index.php\/wp-json\/wp\/v2\/media\/5980"}],"wp:attachment":[{"href":"https:\/\/www.cncmarketi.com\/index.php\/wp-json\/wp\/v2\/media?parent=5986"}],"wp:term":[{"taxonomy":"brand","embeddable":true,"href":"https:\/\/www.cncmarketi.com\/index.php\/wp-json\/wp\/v2\/etheme_brands?post=5986"},{"taxonomy":"product_cat","embeddable":true,"href":"https:\/\/www.cncmarketi.com\/index.php\/wp-json\/wp\/v2\/product_cat?post=5986"},{"taxonomy":"product_tag","embeddable":true,"href":"https:\/\/www.cncmarketi.com\/index.php\/wp-json\/wp\/v2\/product_tag?post=5986"}],"curies":[{"name":"wp","href":"https:\/\/api.w.org\/{rel}","templated":true}]}}