{"id":5979,"date":"2023-08-06T08:28:58","date_gmt":"2023-08-06T05:28:58","guid":{"rendered":"https:\/\/www.cncmarketi.com\/index.php\/product\/rotawash-renkli-fitness-test-cihazi-yikama-icin-tekstil-renk-fitness-test-cihazi\/"},"modified":"2023-08-06T08:57:12","modified_gmt":"2023-08-06T05:57:12","slug":"rotawash-renkli-fitness-test-cihazi-yikama-icin-tekstil-renk-fitness-test-cihazi","status":"publish","type":"product","link":"https:\/\/www.cncmarketi.com\/index.php\/product\/rotawash-renkli-fitness-test-cihazi-yikama-icin-tekstil-renk-fitness-test-cihazi\/","title":{"rendered":"Rotawash Renkli Fitness Test Cihaz\u0131, Y\u0131kama i\u00e7in Tekstil Renk Fitness Test Cihaz\u0131"},"content":{"rendered":"<p>Summary:<br \/>\nRotawash color fastness tester is used to determine color fastness to washing or dry cleaning of fabrics<br \/>\nconsisting of cotton, wool, silk, ramie, chemical fiber, etc. And to examine the dye washing color fastness capability for dyeing industries, textiles inspection departments and research departments, etc .<br \/>\nStandard:<br \/>\nM&#038;S C4, C4A, 5, 37, C49, P3B<br \/>\nISO 105<br \/>\nIWST7, 115,177,193,199,240,241<br \/>\nAATCC 2,3,28,61,62,86,132<br \/>\nBS 1006<br \/>\nJIS L0884<br \/>\nGB\/T3921<br \/>\nGB\/T5711<br \/>\nFeatures:<br \/>\n* Double working chamber, the temperature, working time, rotation state and drainage of both chambers<br \/>\nare controlled independent;<br \/>\n* Chamber temperature and heating time are controlled by MCU with PID function, more excellent<br \/>\nstability and avoid over-heating;<br \/>\n* Equipped with SIEMENSTM solid-state relay to control heater, no mechanical touch point, keep<br \/>\nconstant temperature, low noise, and more endurable;<br \/>\n* Digital timer with audible warning after cycle time is over;<br \/>\n* Fitted with over temperature protection device to shut down the unit in case of overheating;<br \/>\n* Chamber temperature and cycle time pre-settable and duly displayed on the LED panel;<br \/>\n* Stainless steel construction of water bath chamber, test chamber and washing pots;<br \/>\n* Equipped with water level detection and protection system for two working chamber to avoid damage<br \/>\nfor low water level.<br \/>\nSpecifications:<br \/>\nWash pot volume: 550mL (For ISO) \/ 1200mL (For AATCC) (optional)<br \/>\nNumber of wash pot: 12 (For ISO) \/ 6 (For AATCC) (can free combination)<br \/>\nRotating speed: 40\u00b12r\/min<br \/>\nMax test time: 0~999min\u00b15s<br \/>\nRange of temperature: room temperature~99.9\u00b0C<br \/>\nTemperature accuracy: \u00b11\u00b0C<br \/>\nPower supply: AC220V 50Hz<br \/>\nDimension: 1120\u00d7600\u00d71130mm<br \/>\nNEWGOER is a professional manufacturer for various test equipment, we denote ourselves to making best quality products and service for providing you a suitable solutions!<br \/>\nWe focus on every details of product quality and precision.<\/p>\n","protected":false},"excerpt":{"rendered":"<p>Summary: Rotawash color fastness tester is used to determine color fastness to washing or dry cleaning of fabrics consisting of cotton, wool, silk, ramie, chemical&#8230;<\/p>\n","protected":false},"featured_media":5973,"comment_status":"open","ping_status":"closed","template":"","meta":[],"etheme_brands":[{"term_id":67,"name":"Newgoer","slug":"newgoer","term_group":0,"term_taxonomy_id":67,"taxonomy":"brand","description":"","parent":0,"count":271,"filter":"raw"}],"product_cat":[64],"product_tag":[],"_links":{"self":[{"href":"https:\/\/www.cncmarketi.com\/index.php\/wp-json\/wp\/v2\/product\/5979"}],"collection":[{"href":"https:\/\/www.cncmarketi.com\/index.php\/wp-json\/wp\/v2\/product"}],"about":[{"href":"https:\/\/www.cncmarketi.com\/index.php\/wp-json\/wp\/v2\/types\/product"}],"replies":[{"embeddable":true,"href":"https:\/\/www.cncmarketi.com\/index.php\/wp-json\/wp\/v2\/comments?post=5979"}],"version-history":[{"count":0,"href":"https:\/\/www.cncmarketi.com\/index.php\/wp-json\/wp\/v2\/product\/5979\/revisions"}],"wp:featuredmedia":[{"embeddable":true,"href":"https:\/\/www.cncmarketi.com\/index.php\/wp-json\/wp\/v2\/media\/5973"}],"wp:attachment":[{"href":"https:\/\/www.cncmarketi.com\/index.php\/wp-json\/wp\/v2\/media?parent=5979"}],"wp:term":[{"taxonomy":"brand","embeddable":true,"href":"https:\/\/www.cncmarketi.com\/index.php\/wp-json\/wp\/v2\/etheme_brands?post=5979"},{"taxonomy":"product_cat","embeddable":true,"href":"https:\/\/www.cncmarketi.com\/index.php\/wp-json\/wp\/v2\/product_cat?post=5979"},{"taxonomy":"product_tag","embeddable":true,"href":"https:\/\/www.cncmarketi.com\/index.php\/wp-json\/wp\/v2\/product_tag?post=5979"}],"curies":[{"name":"wp","href":"https:\/\/api.w.org\/{rel}","templated":true}]}}