{"id":5965,"date":"2023-08-06T08:28:42","date_gmt":"2023-08-06T05:28:42","guid":{"rendered":"https:\/\/www.cncmarketi.com\/index.php\/product\/kaucuk-dusuk-sicaklik-kirilganlik-test-cihazi\/"},"modified":"2023-08-06T08:57:12","modified_gmt":"2023-08-06T05:57:12","slug":"kaucuk-dusuk-sicaklik-kirilganlik-test-cihazi","status":"publish","type":"product","link":"https:\/\/www.cncmarketi.com\/index.php\/product\/kaucuk-dusuk-sicaklik-kirilganlik-test-cihazi\/","title":{"rendered":"Kau\u00e7uk D\u00fc\u015f\u00fck S\u0131cakl\u0131k K\u0131r\u0131lganl\u0131k Test Cihaz\u0131"},"content":{"rendered":"<p>Rubber Low Temperature Brittleness Tester<br \/>\nModel<br \/>\nNG-3207<br \/>\nMOQ<br \/>\n1 Set<br \/>\nLead Time<br \/>\n3-15 Working Days<br \/>\nCountry of Origin<br \/>\nChina<br \/>\nPackage<br \/>\nStandard Export Wooden Box<br \/>\nOEM &#038; ODM<br \/>\nSupport<br \/>\n\u63cf\u8ff0<br \/>\n\u7528\u6237\u8bc4\u8bba (0)<br \/>\n\u63cf\u8ff0<br \/>\nSummary:<br \/>\nRubber Low Temperature Brittleness tester is used to measure the highest temperature when vulcanized rubber<br \/>\nis impacted to damage under special condition, and the temperature is called brittle temperature.<br \/>\nIt is used to identify the different usability between non-rigid plastic and other flexible materials under low temperature conditions. It also can measure the brittle temperature and low temperature performance quality of different kinds of materials or different formula vulcanized rubber. So no matter in the scientific materials and its<br \/>\nproducts quality inspection, production process control, etc are indispensable.<br \/>\nStandard:<br \/>\nISO 812 ISO 974 ASTM D2137, GB \/ T 1682-82, GB \/ T 15256-94 etc<br \/>\nFeatures:<br \/>\nThe core components using fully enclosed compressor and control protection system for low-temperature test to provide a reliable guarantee;<br \/>\nEquipped with type A and type B impact device, to meet different customer needs;<br \/>\nTest temperature digital settings, digital display, with automatically alarm function for temperature reach;<br \/>\nConvenient operating system, eye-catching display.<br \/>\nCan test 10 A type or 5 B type sample at one time<br \/>\nSpecifications:<br \/>\nTemperature range<br \/>\n-70\u2103~0\u2103<br \/>\nTemperature fluctuation<br \/>\n<\u00b10.5\u2103\nTemperature resolution\n0.1\u2103\nTemperature accuracy\n\u00b10.5\u2103\nTest speed\n2m\/s \u00b10.2m\/s\nImpact head radius\nR1.5 \u00b1 0.1mm (single sample method),\nR1.6 \u00b1 0.1mm (multi-sample method)\nThe distance of impactor center to holder bottom\n11 \u00b1 0.5mm (single sample method),\n8 \u00b1 0.3mm (multi-sample method)\nPower supply\nAC220V, 50Hz, 1000w\nDimensions\n720\u00d7700\u00d71380mm\n<\/p>\n","protected":false},"excerpt":{"rendered":"<p>Rubber Low Temperature Brittleness Tester Model NG-3207 MOQ 1 Set Lead Time 3-15 Working Days Country of Origin China Package Standard Export Wooden Box OEM&#8230;<\/p>\n","protected":false},"featured_media":5959,"comment_status":"open","ping_status":"closed","template":"","meta":[],"etheme_brands":[{"term_id":67,"name":"Newgoer","slug":"newgoer","term_group":0,"term_taxonomy_id":67,"taxonomy":"brand","description":"","parent":0,"count":271,"filter":"raw"}],"product_cat":[64],"product_tag":[],"_links":{"self":[{"href":"https:\/\/www.cncmarketi.com\/index.php\/wp-json\/wp\/v2\/product\/5965"}],"collection":[{"href":"https:\/\/www.cncmarketi.com\/index.php\/wp-json\/wp\/v2\/product"}],"about":[{"href":"https:\/\/www.cncmarketi.com\/index.php\/wp-json\/wp\/v2\/types\/product"}],"replies":[{"embeddable":true,"href":"https:\/\/www.cncmarketi.com\/index.php\/wp-json\/wp\/v2\/comments?post=5965"}],"version-history":[{"count":0,"href":"https:\/\/www.cncmarketi.com\/index.php\/wp-json\/wp\/v2\/product\/5965\/revisions"}],"wp:featuredmedia":[{"embeddable":true,"href":"https:\/\/www.cncmarketi.com\/index.php\/wp-json\/wp\/v2\/media\/5959"}],"wp:attachment":[{"href":"https:\/\/www.cncmarketi.com\/index.php\/wp-json\/wp\/v2\/media?parent=5965"}],"wp:term":[{"taxonomy":"brand","embeddable":true,"href":"https:\/\/www.cncmarketi.com\/index.php\/wp-json\/wp\/v2\/etheme_brands?post=5965"},{"taxonomy":"product_cat","embeddable":true,"href":"https:\/\/www.cncmarketi.com\/index.php\/wp-json\/wp\/v2\/product_cat?post=5965"},{"taxonomy":"product_tag","embeddable":true,"href":"https:\/\/www.cncmarketi.com\/index.php\/wp-json\/wp\/v2\/product_tag?post=5965"}],"curies":[{"name":"wp","href":"https:\/\/api.w.org\/{rel}","templated":true}]}}