{"id":5958,"date":"2023-08-06T08:28:33","date_gmt":"2023-08-06T05:28:33","guid":{"rendered":"https:\/\/www.cncmarketi.com\/index.php\/product\/kaucuk-sikistirma-set-test-cihazi-kaucuk-kalici-sikistirma-deformasyon-test-makinesi\/"},"modified":"2023-08-06T08:57:12","modified_gmt":"2023-08-06T05:57:12","slug":"kaucuk-sikistirma-set-test-cihazi-kaucuk-kalici-sikistirma-deformasyon-test-makinesi","status":"publish","type":"product","link":"https:\/\/www.cncmarketi.com\/index.php\/product\/kaucuk-sikistirma-set-test-cihazi-kaucuk-kalici-sikistirma-deformasyon-test-makinesi\/","title":{"rendered":"Kau\u00e7uk S\u0131k\u0131\u015ft\u0131rma Set Test Cihaz\u0131, Kau\u00e7uk Kal\u0131c\u0131 S\u0131k\u0131\u015ft\u0131rma Deformasyon Test Makinesi"},"content":{"rendered":"<p>Rubber Compression Set Tester, Rubber Permanent Compression Deformation Testing Machine<br \/>\nModel<br \/>\nNG-YB<br \/>\nMOQ<br \/>\n1 Set<br \/>\nLead Time<br \/>\n3-15 Working Days<br \/>\nCountry of Origin<br \/>\nChina<br \/>\nPackage<br \/>\nStandard Export Wooden Box<br \/>\nOEM &#038; ODM<br \/>\nSupport<br \/>\n\u63cf\u8ff0<br \/>\n\u7528\u6237\u8bc4\u8bba (0)<br \/>\n\u63cf\u8ff0<br \/>\nSummary:<br \/>\nContain by parallel steel plates, limiters and fasteners, used for vulcanized rubber, thermoplastic rubber in room temperature, high temperature and low temperature conditions, at a constant compression rate, after a certain compression time determination of the amount of deformation of rubber.<br \/>\nStandard:<br \/>\nGB7759-2015, ASTM-D395, ISO815-1:2008 etc.<br \/>\nSpecifications<br \/>\nSample<br \/>\nA: dia. 29mm, height: 12.5mm<br \/>\nB: dia. 13mm, height: 6.3mm<br \/>\nLimiters height<br \/>\ncompression rate 25%<br \/>\nA: 9.3 ~ 9.4<br \/>\nB: 4.7 ~ 4.8<br \/>\nCompression rate 15%<br \/>\nA: 10.6 ~ 10.7<br \/>\nB: 5.3 ~ 5.4<br \/>\nCompression rate 10%<br \/>\nA: 11.25 ~~ 11.3<br \/>\nB: 5.65 ~~ 5.7<br \/>\nDimensions<br \/>\nDiameter 115mm high about 110mm<br \/>\nWeight<br \/>\n10kg<\/p>\n","protected":false},"excerpt":{"rendered":"<p>Rubber Compression Set Tester, Rubber Permanent Compression Deformation Testing Machine Model NG-YB MOQ 1 Set Lead Time 3-15 Working Days Country of Origin China Package&#8230;<\/p>\n","protected":false},"featured_media":5953,"comment_status":"open","ping_status":"closed","template":"","meta":[],"etheme_brands":[{"term_id":67,"name":"Newgoer","slug":"newgoer","term_group":0,"term_taxonomy_id":67,"taxonomy":"brand","description":"","parent":0,"count":271,"filter":"raw"}],"product_cat":[64],"product_tag":[],"_links":{"self":[{"href":"https:\/\/www.cncmarketi.com\/index.php\/wp-json\/wp\/v2\/product\/5958"}],"collection":[{"href":"https:\/\/www.cncmarketi.com\/index.php\/wp-json\/wp\/v2\/product"}],"about":[{"href":"https:\/\/www.cncmarketi.com\/index.php\/wp-json\/wp\/v2\/types\/product"}],"replies":[{"embeddable":true,"href":"https:\/\/www.cncmarketi.com\/index.php\/wp-json\/wp\/v2\/comments?post=5958"}],"version-history":[{"count":0,"href":"https:\/\/www.cncmarketi.com\/index.php\/wp-json\/wp\/v2\/product\/5958\/revisions"}],"wp:featuredmedia":[{"embeddable":true,"href":"https:\/\/www.cncmarketi.com\/index.php\/wp-json\/wp\/v2\/media\/5953"}],"wp:attachment":[{"href":"https:\/\/www.cncmarketi.com\/index.php\/wp-json\/wp\/v2\/media?parent=5958"}],"wp:term":[{"taxonomy":"brand","embeddable":true,"href":"https:\/\/www.cncmarketi.com\/index.php\/wp-json\/wp\/v2\/etheme_brands?post=5958"},{"taxonomy":"product_cat","embeddable":true,"href":"https:\/\/www.cncmarketi.com\/index.php\/wp-json\/wp\/v2\/product_cat?post=5958"},{"taxonomy":"product_tag","embeddable":true,"href":"https:\/\/www.cncmarketi.com\/index.php\/wp-json\/wp\/v2\/product_tag?post=5958"}],"curies":[{"name":"wp","href":"https:\/\/api.w.org\/{rel}","templated":true}]}}