{"id":5945,"date":"2023-08-06T08:28:16","date_gmt":"2023-08-06T05:28:16","guid":{"rendered":"https:\/\/www.cncmarketi.com\/index.php\/product\/serit-dokuma-asinma-test-makinesi-guvenlik-kemeri-dokuma-asinma-test-cihazi\/"},"modified":"2023-08-06T08:57:13","modified_gmt":"2023-08-06T05:57:13","slug":"serit-dokuma-asinma-test-makinesi-guvenlik-kemeri-dokuma-asinma-test-cihazi","status":"publish","type":"product","link":"https:\/\/www.cncmarketi.com\/index.php\/product\/serit-dokuma-asinma-test-makinesi-guvenlik-kemeri-dokuma-asinma-test-cihazi\/","title":{"rendered":"\u015eerit dokuma a\u015f\u0131nma test makinesi, g\u00fcvenlik kemeri dokuma a\u015f\u0131nma test cihaz\u0131"},"content":{"rendered":"<p>\u63cf\u8ff0<br \/>\nItem<br \/>\nHex Bar Abrasion Resistance of Textile Webbing<br \/>\nWorking stations<br \/>\n3 stations (or specified)<br \/>\nSpeed<br \/>\n(30 \u00b1 1) times\/min<br \/>\nTest stroke<br \/>\n300 \u00b1 20mm<br \/>\nDrum diameter<br \/>\n400mm<br \/>\nAbrasion angle<br \/>\n85 \u00b1 2 \u00b0<br \/>\nTest load<br \/>\n(0.9\u00b10.06) kg, (1.8\u00b10.06) kg, (2.4\u00b10.06) kg<br \/>\nSix angle rods<br \/>\n6.35 + 0.03mm; radius 0.5 + 0.2mm<br \/>\nCounting mode<br \/>\nDigital display<br \/>\nPower<br \/>\n220V, 50\/60Hz or specified<br \/>\nWebbing Abrasion Tester is suitable for the abrasion test of all kinds of webbing using a hex bar method.<br \/>\nThe sample and the six angle bar are rubbed at a certain angle, and the wear effect is judged under certain rotation number.<br \/>\nTest Method:<br \/>\nAbrasion resistance is measured by subjecting the specimen to unidirectional reciprocal rubbing over a specific bar under specified conditions of tension, stroke length and time. Resistance to abrasion is evaluated by determining the percent retention of breaking force of an abraded specimen compared to an unabraded specimen.<br \/>\nApplication Standards:<br \/>\nASTM D6770: Standard Test Method for Abrasion Resistance of Textile Webbing (Hex Bar Method)<br \/>\nFED STD 191-5309: Abrasion Resistance of Textile Webbing<br \/>\nFMVSS 209, S5 1 (d), SAE J339, MIL-T8363B, MIL-232223B Etc.<br \/>\nThese standards only for your reference, more details please contact us.<br \/>\nFeatures:<br \/>\n1.The way of multi angle friction, allowing you to test precise and effective.<br \/>\n2.The LED digital set counter, can be arbitrarily set the number of tests, the actual number of direct test.<br \/>\nSignificance:<br \/>\nEvaluate abrasion resistance of webbing and belting materials.<br \/>\nTextile webbing is often used for safety belts, restraint harnesses, helmet straps and cargo tie-downs. Over time, adjustment hardware or common use may cause abrasion damage and jeopardize the integrity of the webbing material. The Webbing Abrasion Tester provides a cost effective means to perform abrasion testing. Included weights permit testing of webbing with breaking strengths over 13,500 N to ASTM D6770.<br \/>\nRubbing action simulates field damage in controlled laboratory setting.<br \/>\nA fixed weight is attached to the end of a test specimen before it is subjected to a unidirectional reciprocal<br \/>\nrubbing over a steel hexagonal rod, also known as a hex abrasion bar. After the specified number of test cycles, the percent retention of breaking force is calculated. Comparing results to an unabraded specimen provides a measure of how abrasion resistant the material is.<br \/>\nBased on established test procedures, instrument offers unique features.<br \/>\nA twelve inch hex abrasion bar permits testing of up to three specimens simultaneously. Thumb screws permit quick rotation or change of the hex abrasion bar. A specimen roller ensures an angle of 85\u00b0 \u00b12\u00b0 is maintained between the specimen and hex bar. Test fixture assembly is reversible and may be mounted on either right or left side.<\/p>\n","protected":false},"excerpt":{"rendered":"<p>\u63cf\u8ff0 Item Hex Bar Abrasion Resistance of Textile Webbing Working stations 3 stations (or specified) Speed (30 \u00b1 1) times\/min Test stroke 300 \u00b1 20mm&#8230;<\/p>\n","protected":false},"featured_media":5939,"comment_status":"open","ping_status":"closed","template":"","meta":[],"etheme_brands":[{"term_id":67,"name":"Newgoer","slug":"newgoer","term_group":0,"term_taxonomy_id":67,"taxonomy":"brand","description":"","parent":0,"count":271,"filter":"raw"}],"product_cat":[64],"product_tag":[],"_links":{"self":[{"href":"https:\/\/www.cncmarketi.com\/index.php\/wp-json\/wp\/v2\/product\/5945"}],"collection":[{"href":"https:\/\/www.cncmarketi.com\/index.php\/wp-json\/wp\/v2\/product"}],"about":[{"href":"https:\/\/www.cncmarketi.com\/index.php\/wp-json\/wp\/v2\/types\/product"}],"replies":[{"embeddable":true,"href":"https:\/\/www.cncmarketi.com\/index.php\/wp-json\/wp\/v2\/comments?post=5945"}],"version-history":[{"count":0,"href":"https:\/\/www.cncmarketi.com\/index.php\/wp-json\/wp\/v2\/product\/5945\/revisions"}],"wp:featuredmedia":[{"embeddable":true,"href":"https:\/\/www.cncmarketi.com\/index.php\/wp-json\/wp\/v2\/media\/5939"}],"wp:attachment":[{"href":"https:\/\/www.cncmarketi.com\/index.php\/wp-json\/wp\/v2\/media?parent=5945"}],"wp:term":[{"taxonomy":"brand","embeddable":true,"href":"https:\/\/www.cncmarketi.com\/index.php\/wp-json\/wp\/v2\/etheme_brands?post=5945"},{"taxonomy":"product_cat","embeddable":true,"href":"https:\/\/www.cncmarketi.com\/index.php\/wp-json\/wp\/v2\/product_cat?post=5945"},{"taxonomy":"product_tag","embeddable":true,"href":"https:\/\/www.cncmarketi.com\/index.php\/wp-json\/wp\/v2\/product_tag?post=5945"}],"curies":[{"name":"wp","href":"https:\/\/api.w.org\/{rel}","templated":true}]}}