{"id":5938,"date":"2023-08-06T08:28:08","date_gmt":"2023-08-06T05:28:08","guid":{"rendered":"https:\/\/www.cncmarketi.com\/index.php\/product\/rca-asinma-test-cihazi-norman-rca-asinma-asinma-test-makinesi\/"},"modified":"2023-08-06T08:57:13","modified_gmt":"2023-08-06T05:57:13","slug":"rca-asinma-test-cihazi-norman-rca-asinma-asinma-test-makinesi","status":"publish","type":"product","link":"https:\/\/www.cncmarketi.com\/index.php\/product\/rca-asinma-test-cihazi-norman-rca-asinma-asinma-test-makinesi\/","title":{"rendered":"RCA a\u015f\u0131nma test cihaz\u0131 Norman RCA a\u015f\u0131nma a\u015f\u0131nma test makinesi"},"content":{"rendered":"<p>RCA Abrasion Tester Norman RCA Abrasion Wear Testing Machine<br \/>\nModel<br \/>\nNG-205<br \/>\nMOQ<br \/>\n1 Set<br \/>\nLead Time<br \/>\n3-15 Working Days<br \/>\nCountry of Origin<br \/>\nChina<br \/>\nPackage<br \/>\nStandard Export Wooden Box<br \/>\nOEM &#038; ODM<br \/>\nSupport<br \/>\n\u63cf\u8ff0<br \/>\n\u7528\u6237\u8bc4\u8bba (0)<br \/>\n\u63cf\u8ff0<br \/>\nSummary:<br \/>\nThe RCA Abrasion Wear Tester is used to test surfaces for resistance to abrasion and wear. Typically used on painted or plated organic finishes, foil, and inked key pad lettering. This tester is widely used as a standard for many silicone key pad and membrane switch manufacturers. This abrader is used as a standard to the auto, appliance, cell phone, plastics, and coating industries. It uses an inexpensive roll of throw away abrasion paper. All build-up error is eliminated and consistent readings are easily obtained.<br \/>\nApplication Standards:<br \/>\nASTM F2357-04: Standard Test Method for Determining the Abrasion Resistance of Inks and Coatings on Membrane Switches Using the Norman Tool RCA Abrader.<br \/>\nFeatures:<br \/>\nEasy set-up and operation<br \/>\nAutomatic shut-off<br \/>\nRepeatable and consistent results<br \/>\n3 load settings, 55g 175g 275g<br \/>\nAbrasion Debris does not affect test<br \/>\nContinuously uses inexpensive unused abrasive media<br \/>\nSpecifications<br \/>\nSurface meter<br \/>\nOne<br \/>\nTools<br \/>\nOne group<br \/>\nTest Load<br \/>\n55g, 175g, 275g<br \/>\nDust Cover<br \/>\nOne<br \/>\nMagnifier<br \/>\nOne<br \/>\nPan-use Fixer<br \/>\nOne<br \/>\nO-Ring<br \/>\nThree<br \/>\nPaper Tape<br \/>\nOne Roll<br \/>\nCounter range<br \/>\n0-999999<br \/>\nDimensions<br \/>\n80*38*38cm\uff08H*D*W)<br \/>\nWeight<br \/>\n30KG<br \/>\nPower<br \/>\n220V, 5A<\/p>\n","protected":false},"excerpt":{"rendered":"<p>RCA Abrasion Tester Norman RCA Abrasion Wear Testing Machine Model NG-205 MOQ 1 Set Lead Time 3-15 Working Days Country of Origin China Package Standard&#8230;<\/p>\n","protected":false},"featured_media":5932,"comment_status":"open","ping_status":"closed","template":"","meta":[],"etheme_brands":[{"term_id":67,"name":"Newgoer","slug":"newgoer","term_group":0,"term_taxonomy_id":67,"taxonomy":"brand","description":"","parent":0,"count":271,"filter":"raw"}],"product_cat":[64],"product_tag":[],"_links":{"self":[{"href":"https:\/\/www.cncmarketi.com\/index.php\/wp-json\/wp\/v2\/product\/5938"}],"collection":[{"href":"https:\/\/www.cncmarketi.com\/index.php\/wp-json\/wp\/v2\/product"}],"about":[{"href":"https:\/\/www.cncmarketi.com\/index.php\/wp-json\/wp\/v2\/types\/product"}],"replies":[{"embeddable":true,"href":"https:\/\/www.cncmarketi.com\/index.php\/wp-json\/wp\/v2\/comments?post=5938"}],"version-history":[{"count":0,"href":"https:\/\/www.cncmarketi.com\/index.php\/wp-json\/wp\/v2\/product\/5938\/revisions"}],"wp:featuredmedia":[{"embeddable":true,"href":"https:\/\/www.cncmarketi.com\/index.php\/wp-json\/wp\/v2\/media\/5932"}],"wp:attachment":[{"href":"https:\/\/www.cncmarketi.com\/index.php\/wp-json\/wp\/v2\/media?parent=5938"}],"wp:term":[{"taxonomy":"brand","embeddable":true,"href":"https:\/\/www.cncmarketi.com\/index.php\/wp-json\/wp\/v2\/etheme_brands?post=5938"},{"taxonomy":"product_cat","embeddable":true,"href":"https:\/\/www.cncmarketi.com\/index.php\/wp-json\/wp\/v2\/product_cat?post=5938"},{"taxonomy":"product_tag","embeddable":true,"href":"https:\/\/www.cncmarketi.com\/index.php\/wp-json\/wp\/v2\/product_tag?post=5938"}],"curies":[{"name":"wp","href":"https:\/\/api.w.org\/{rel}","templated":true}]}}