{"id":5924,"date":"2023-08-06T08:27:52","date_gmt":"2023-08-06T05:27:52","guid":{"rendered":"https:\/\/www.cncmarketi.com\/index.php\/product\/yagmur-spary-direnc-test-cihazi-ipx-su-sproof-sinif-test-odasi\/"},"modified":"2023-08-06T08:57:13","modified_gmt":"2023-08-06T05:57:13","slug":"yagmur-spary-direnc-test-cihazi-ipx-su-sproof-sinif-test-odasi","status":"publish","type":"product","link":"https:\/\/www.cncmarketi.com\/index.php\/product\/yagmur-spary-direnc-test-cihazi-ipx-su-sproof-sinif-test-odasi\/","title":{"rendered":"Ya\u011fmur Spary Diren\u00e7 Test Cihaz\u0131, IPX Su Sproof S\u0131n\u0131f Test Odas\u0131"},"content":{"rendered":"<p>Summary:<br \/>\nThis Rain water resistance spray testing is used to simulating the lighting , auto parts , household<br \/>\nappliances and other products in condition of moisture or rain , to see the influence of water to<br \/>\nthe products. Through this can test the resistance to the rain penetration and moisture proof ability<br \/>\nof products.Rain spray testing through a rigorous scientific design, making it can realistically simulate dripping rain, splashing water , water spray and other environment. It uses advanced controlling system and inverter technology , making the rotation angle of the specimen frame, the swing angle of the oscillating bar and the water swing rate can be automatically adjusted.<br \/>\nStandard:<br \/>\nGB2423.38 \u2013 90 , GB5170.20 -90 , GB 4208-93, IPX4 waterproof test methods etc\u2026<br \/>\nFeatures:<br \/>\nComply with requirement of IEC60529 standard IPX3 water pouring test and IPX4 water splash test.<br \/>\nThe test sample will be put or installed on the center of the half-round sinuous pipe and make the<br \/>\nbottom of the test samples and the oscillating axis in a horizontal position. During test, the sample<br \/>\nwould spin around the center line.<br \/>\nCan manual default the test parameters, complete testing automatically shut off the water supply and pendulum pipe angle automatic zeroing and automatic eliminate seeper, avoid scale blockage needle tip.<br \/>\nInner case\u2019s material is imported steel plates; shell is made of #304 stainless steel.<br \/>\nWater pressure and flow rate adjustable.<br \/>\nUnique sprinkler can stably control the rain quantity and pressure.<br \/>\nSpecifications:<br \/>\nIPX1, IPX2<br \/>\nWater drop rate: 1~5mm\/min (\u00b10.5mm\/min)<br \/>\nWater falling area: 0.4m2<br \/>\nDistance between water drop holes: 20x20mm<br \/>\nDrip hole: \u03a60.4mm<br \/>\nTest table angle: 0\u00b0 and 15\u00b0 respectively.<br \/>\nWater supply pressure: \u22650.01Mpa<br \/>\nIPX3, IPX4<br \/>\nInternal Dimension(W*D*H)\uff1a800*800*800mm<br \/>\nTest Speed (rpm): 1~5 can be adjustable, wheel diameter 300mm, can be adjustable 15\u00b0<br \/>\ntilt angle, rotary table height is adjustable 200mm.<br \/>\nWater ring radius: 300mm<br \/>\nNozzle hole: \u03c6 0.4mm, Pitch of holes: 50mm<br \/>\nPendulum Swing tube range: About\u00b1180\u00b0(can adjustable to \u00b145\u00b0\u00b160\u00b0\u00b190\u00b0)<br \/>\nThe flow of each blowhole \uff1a0.07 L\/min +5%<br \/>\nSpray nozzle swing speed \uff1aIP3 15 times\/min; IP4 10 times\/min<br \/>\nEnvironment temperature: RT~50\u00b0C<br \/>\nEnvironment humidity: \u226485%RH<br \/>\nTest of time \uff1a1-999,999min (Can be set)<br \/>\nThe water pressure\uff1a80~150Kpa (Can be Adjusted)<br \/>\nPower: 220V 50Hz<\/p>\n","protected":false},"excerpt":{"rendered":"<p>Summary: This Rain water resistance spray testing is used to simulating the lighting , auto parts , household appliances and other products in condition of&#8230;<\/p>\n","protected":false},"featured_media":5918,"comment_status":"open","ping_status":"closed","template":"","meta":[],"etheme_brands":[{"term_id":67,"name":"Newgoer","slug":"newgoer","term_group":0,"term_taxonomy_id":67,"taxonomy":"brand","description":"","parent":0,"count":271,"filter":"raw"}],"product_cat":[64],"product_tag":[],"_links":{"self":[{"href":"https:\/\/www.cncmarketi.com\/index.php\/wp-json\/wp\/v2\/product\/5924"}],"collection":[{"href":"https:\/\/www.cncmarketi.com\/index.php\/wp-json\/wp\/v2\/product"}],"about":[{"href":"https:\/\/www.cncmarketi.com\/index.php\/wp-json\/wp\/v2\/types\/product"}],"replies":[{"embeddable":true,"href":"https:\/\/www.cncmarketi.com\/index.php\/wp-json\/wp\/v2\/comments?post=5924"}],"version-history":[{"count":0,"href":"https:\/\/www.cncmarketi.com\/index.php\/wp-json\/wp\/v2\/product\/5924\/revisions"}],"wp:featuredmedia":[{"embeddable":true,"href":"https:\/\/www.cncmarketi.com\/index.php\/wp-json\/wp\/v2\/media\/5918"}],"wp:attachment":[{"href":"https:\/\/www.cncmarketi.com\/index.php\/wp-json\/wp\/v2\/media?parent=5924"}],"wp:term":[{"taxonomy":"brand","embeddable":true,"href":"https:\/\/www.cncmarketi.com\/index.php\/wp-json\/wp\/v2\/etheme_brands?post=5924"},{"taxonomy":"product_cat","embeddable":true,"href":"https:\/\/www.cncmarketi.com\/index.php\/wp-json\/wp\/v2\/product_cat?post=5924"},{"taxonomy":"product_tag","embeddable":true,"href":"https:\/\/www.cncmarketi.com\/index.php\/wp-json\/wp\/v2\/product_tag?post=5924"}],"curies":[{"name":"wp","href":"https:\/\/api.w.org\/{rel}","templated":true}]}}