{"id":5910,"date":"2023-08-06T08:27:36","date_gmt":"2023-08-06T05:27:36","guid":{"rendered":"https:\/\/www.cncmarketi.com\/index.php\/product\/programlanabilir-sicaklik-ve-himidite-testi-odasi-yuksek-dusuk-sicaklik-iklim-test-cihazi-3\/"},"modified":"2023-08-06T08:57:13","modified_gmt":"2023-08-06T05:57:13","slug":"programlanabilir-sicaklik-ve-himidite-testi-odasi-yuksek-dusuk-sicaklik-iklim-test-cihazi-3","status":"publish","type":"product","link":"https:\/\/www.cncmarketi.com\/index.php\/product\/programlanabilir-sicaklik-ve-himidite-testi-odasi-yuksek-dusuk-sicaklik-iklim-test-cihazi-3\/","title":{"rendered":"Programlanabilir S\u0131cakl\u0131k ve Himidite Testi Odas\u0131, Y\u00fcksek D\u00fc\u015f\u00fck S\u0131cakl\u0131k \u0130klim Test Cihaz\u0131"},"content":{"rendered":"<p>\u63cf\u8ff0<br \/>\nAppliance:<br \/>\nTemperature Humidity Climatic Test Chamber Price is applied to test the materials in heat-resistance, cold-resistance, dry-resistance, moisture-resistance. It is simple to operate and program easy to edit. It can show the set values and operative time.<br \/>\nTemperature Humidity Climatic Test Chamber Price applied to test the prodcuts quality, such as electronic, plastic products, electrical appliances, instruments, food, vehicles, metals, chemicals, building materials, aerospace, medical care and so on.<br \/>\nStandards:<br \/>\nThe performance index meets the requirements of GB5170, 2, 3, 5, 6-95 verification methods for basic parameters of<br \/>\nenvironmental test equipment for electrical and electronic products low temperature, high temperature, constant humidity and alternating humidity heat test equipment<br \/>\nBasic environmental test procedures for electrical and electronic products test a: low temperature test method GB 2423.1-89 (IEC68-2-1)<br \/>\nBasic environmental test procedures for electrical and electronic products test B: high temperature test method GB 2423.2-89 (IEC68-2-2)<br \/>\nBasic environmental test procedures for electrical and electronic products test CA: constant damp heat test method GB\/T2423.3-93 (IEC68-2-3)<br \/>\nBasic environmental test procedures for electrical and electronic products test Da: alternating damp heat test method GB\/T2423.4-93 (IEC68-2-30)<br \/>\nETC\u2026<br \/>\nRefrigeration system:<br \/>\nCompressor: fully hermetic compressor imported from France<br \/>\nRefrigerant: Environmental refrigerant R404A<br \/>\nCondenser: fin type with heat dissipation motor<br \/>\nEvaporator: fin type multi section automatic load capacity adjustment<br \/>\nOther accessories: desiccant, refrigerant flow window, repair valve<br \/>\nExpansion system: refrigeration system with capacity control<br \/>\nControl system:<br \/>\nImported from Korea, all Chinese LCD 7 \u201cLCD touch panel, drawing face to talk input data, temperature and humidity can be programmed at the same time, curve display, set value \/ display value curve. It supports the direct export of temperature and humidity record data by U disk, and can display various alarms respectively. When the fault occurs, it can display the fault on the screen to eliminate the fault and misoperation. Multi group PID control function, precise monitoring function, and display on the screen in the form of data.<br \/>\nController specification:<br \/>\n1. Accuracy: temperature \u00b1 0.1 \u2103 + 1digit, humidity \u00b1 1% RH + 1digit<br \/>\n2. Resolution: temperature \u00b1 0.01, humidity 0.1% R.H<br \/>\n3. With upper and lower limit standby and alarm functions<br \/>\n4. Temperature and humidity input signal selection PT 100 \u03a9\u00d7 2 (dry bulb and wet bulb)<br \/>\n5. Temperature and humidity conversion output: 4 ~ 20mA<br \/>\n6. Six groups of P.I.D control parameter setting, P.I.D automatic calculation, dry and wet bulb automatic correction<br \/>\nSpecifications:<br \/>\nItem Name<br \/>\nTemperature and humidity test chamber\/machine<br \/>\nCapacity(L)<br \/>\n80, 150, 225, 408, 500, 800, 1000L(optional, or custom-made)<br \/>\nPerformance<br \/>\nControl Methods<br \/>\nBalanced temperature humidity control system (BTHC) PID intelligent adjust<br \/>\nTemperature and Humidity Range<br \/>\n-70\u00b0C~150\u00b0C; 20%-98%R.H<br \/>\nAccuracy<br \/>\n\u00b11.0\u00b0C, \u00b12%RH \/ \u00b10.5\u00b0C, \u00b12%RH<br \/>\nResolution<br \/>\n\u00b10.1\u00b0C, \u00b10.1%RH \/ \u00b11\u00b0C, \u00b13%RH<br \/>\nHeating Rate<br \/>\n\u22643\u00b0C\/min<br \/>\nCooling Rate<br \/>\nAverage 1\u00b0C\/min<br \/>\nInternal Material<br \/>\nSUS#304 stainless steel<br \/>\nExternal Material<br \/>\nSUS#304 stainless steel or Antirust processing cold-rolled steel sheet(Spray)<br \/>\nInsulation Material<br \/>\nSuperfine wool + polyurethane foam<br \/>\nRegulator<br \/>\nCooling Mode<br \/>\nMechanical binary refrigeration way<br \/>\nCompressor<br \/>\nClosed compressor (French Tecumseh or German Copeland )<br \/>\nRefrigerant<br \/>\nR23\/R404A<br \/>\nCondensing Way<br \/>\nAir-cooling and Water-cooling<br \/>\nHumidifier<br \/>\nStainless steel humidifying tube<br \/>\nAirflow Way<br \/>\nBroadband-type forced air circulation<br \/>\nController<br \/>\nOperate Interfaces<br \/>\nKorea TEMI 880 LCD touch screen<br \/>\nMemory capacity<br \/>\n120 groups, each program 100 segment<br \/>\nInput<br \/>\nPT100 or T thermocouple<br \/>\nCommunicate Interface<br \/>\nRS-232<br \/>\nSubsidiary function<br \/>\nUpper and lower alarm; self diagnosis ; alarm display(fault cause); time sequence protection (Automatic turn on or turn off )<br \/>\nWater supply<br \/>\nWater supply<br \/>\nCirculating water supply<br \/>\nWater tank<br \/>\nBuilt-in hand type(30Kg capacity)<br \/>\nWater quality<br \/>\nresistance >500\u03a9.m<br \/>\nStandard Configuration<br \/>\nOne observe window(Double hollow toughened glass);one test pattern D50mm(on the left); 2 layers sample frame; one floodlight(fluorescent lamp);one water feeding tank;<br \/>\nSafety device<br \/>\nPower leakage protection; Dry heating protection; Water protection Over-temperature protection switch; Temperature deviation alarm, Compressor Overpressure; overload; Water shortage; Phrase shortage, etc.<br \/>\nPower supply<br \/>\n220VAC \u00b110%50\/60Hz &#038; 380VAC \u00b110%50\/60Hz<\/p>\n","protected":false},"excerpt":{"rendered":"<p>\u63cf\u8ff0 Appliance: Temperature Humidity Climatic Test Chamber Price is applied to test the materials in heat-resistance, cold-resistance, dry-resistance, moisture-resistance. It is simple to operate and&#8230;<\/p>\n","protected":false},"featured_media":5903,"comment_status":"open","ping_status":"closed","template":"","meta":[],"etheme_brands":[{"term_id":67,"name":"Newgoer","slug":"newgoer","term_group":0,"term_taxonomy_id":67,"taxonomy":"brand","description":"","parent":0,"count":271,"filter":"raw"}],"product_cat":[64],"product_tag":[],"_links":{"self":[{"href":"https:\/\/www.cncmarketi.com\/index.php\/wp-json\/wp\/v2\/product\/5910"}],"collection":[{"href":"https:\/\/www.cncmarketi.com\/index.php\/wp-json\/wp\/v2\/product"}],"about":[{"href":"https:\/\/www.cncmarketi.com\/index.php\/wp-json\/wp\/v2\/types\/product"}],"replies":[{"embeddable":true,"href":"https:\/\/www.cncmarketi.com\/index.php\/wp-json\/wp\/v2\/comments?post=5910"}],"version-history":[{"count":0,"href":"https:\/\/www.cncmarketi.com\/index.php\/wp-json\/wp\/v2\/product\/5910\/revisions"}],"wp:featuredmedia":[{"embeddable":true,"href":"https:\/\/www.cncmarketi.com\/index.php\/wp-json\/wp\/v2\/media\/5903"}],"wp:attachment":[{"href":"https:\/\/www.cncmarketi.com\/index.php\/wp-json\/wp\/v2\/media?parent=5910"}],"wp:term":[{"taxonomy":"brand","embeddable":true,"href":"https:\/\/www.cncmarketi.com\/index.php\/wp-json\/wp\/v2\/etheme_brands?post=5910"},{"taxonomy":"product_cat","embeddable":true,"href":"https:\/\/www.cncmarketi.com\/index.php\/wp-json\/wp\/v2\/product_cat?post=5910"},{"taxonomy":"product_tag","embeddable":true,"href":"https:\/\/www.cncmarketi.com\/index.php\/wp-json\/wp\/v2\/product_tag?post=5910"}],"curies":[{"name":"wp","href":"https:\/\/api.w.org\/{rel}","templated":true}]}}