{"id":5895,"date":"2023-08-06T08:27:20","date_gmt":"2023-08-06T05:27:20","guid":{"rendered":"https:\/\/www.cncmarketi.com\/index.php\/product\/pnomatik-dugme-yasam-test-makinesi-dugme-anahtar-yasam-yorgunluk-test-cihazi\/"},"modified":"2023-08-06T08:57:13","modified_gmt":"2023-08-06T05:57:13","slug":"pnomatik-dugme-yasam-test-makinesi-dugme-anahtar-yasam-yorgunluk-test-cihazi","status":"publish","type":"product","link":"https:\/\/www.cncmarketi.com\/index.php\/product\/pnomatik-dugme-yasam-test-makinesi-dugme-anahtar-yasam-yorgunluk-test-cihazi\/","title":{"rendered":"Pn\u00f6matik D\u00fc\u011fme Ya\u015fam Test Makinesi, D\u00fc\u011fme Anahtar Ya\u015fam Yorgunluk Test Cihaz\u0131"},"content":{"rendered":"<p>Pneumatic Button Life Test Machine, Button Key Life Fatigue Tester<br \/>\nModel<br \/>\nNG-210<br \/>\nMOQ<br \/>\n1 Set<br \/>\nLead Time<br \/>\n3-15 Working Days<br \/>\nCountry of Origin<br \/>\nChina<br \/>\nPackage<br \/>\nStandard Export Wooden Box<br \/>\nOEM &#038; ODM<br \/>\nSupport<br \/>\n\u63cf\u8ff0<br \/>\n\u7528\u6237\u8bc4\u8bba (0)<br \/>\n\u63cf\u8ff0<br \/>\nSummary:<br \/>\nApply for key stoke life-Span test for mobile, telephone,car entertainment devices, PDA, Bluetooth \/ Earphone, Automobile TV remote controller, MP3\/CD and so on.<br \/>\nFeatures:<br \/>\nThe modes of sorting and same time clicking test can shift, and can simulate the mobile phone\u2019s normal working condition;<br \/>\nAdopt precise pneumatic component, hitting-strength is adjustable and long lifespan.<br \/>\nAdopt touch LCD and PLC program controller.<br \/>\nCan test two sets mobile phone in the same time, any directions of the grips is adjustable, can satisfy to test keys toke of different kinds of products.<br \/>\nCan satisfy the testing of backside and front side of mobile phone, with click strength calibrating system which can response the anti-clicking ability of ke<br \/>\nSpecifications<br \/>\nModel<br \/>\nNG-210<br \/>\nTest station<br \/>\n1, 2 (optional or specify)<br \/>\nControl<br \/>\nTouch screen control, easy and convenient<br \/>\nMotion pattern<br \/>\nThe cylinder drives the head to move up and down<br \/>\nTest sample thickness<br \/>\n10\uff5e50mm<br \/>\nTest speed<br \/>\n10~60 times\/min<br \/>\nClamping<br \/>\nBoth side of lower cover<br \/>\nHeight adjust<br \/>\nManual adjustable<br \/>\nPower<br \/>\n220V 50Hz<\/p>\n","protected":false},"excerpt":{"rendered":"<p>Pneumatic Button Life Test Machine, Button Key Life Fatigue Tester Model NG-210 MOQ 1 Set Lead Time 3-15 Working Days Country of Origin China Package&#8230;<\/p>\n","protected":false},"featured_media":5889,"comment_status":"open","ping_status":"closed","template":"","meta":[],"etheme_brands":[{"term_id":67,"name":"Newgoer","slug":"newgoer","term_group":0,"term_taxonomy_id":67,"taxonomy":"brand","description":"","parent":0,"count":271,"filter":"raw"}],"product_cat":[64],"product_tag":[],"_links":{"self":[{"href":"https:\/\/www.cncmarketi.com\/index.php\/wp-json\/wp\/v2\/product\/5895"}],"collection":[{"href":"https:\/\/www.cncmarketi.com\/index.php\/wp-json\/wp\/v2\/product"}],"about":[{"href":"https:\/\/www.cncmarketi.com\/index.php\/wp-json\/wp\/v2\/types\/product"}],"replies":[{"embeddable":true,"href":"https:\/\/www.cncmarketi.com\/index.php\/wp-json\/wp\/v2\/comments?post=5895"}],"version-history":[{"count":0,"href":"https:\/\/www.cncmarketi.com\/index.php\/wp-json\/wp\/v2\/product\/5895\/revisions"}],"wp:featuredmedia":[{"embeddable":true,"href":"https:\/\/www.cncmarketi.com\/index.php\/wp-json\/wp\/v2\/media\/5889"}],"wp:attachment":[{"href":"https:\/\/www.cncmarketi.com\/index.php\/wp-json\/wp\/v2\/media?parent=5895"}],"wp:term":[{"taxonomy":"brand","embeddable":true,"href":"https:\/\/www.cncmarketi.com\/index.php\/wp-json\/wp\/v2\/etheme_brands?post=5895"},{"taxonomy":"product_cat","embeddable":true,"href":"https:\/\/www.cncmarketi.com\/index.php\/wp-json\/wp\/v2\/product_cat?post=5895"},{"taxonomy":"product_tag","embeddable":true,"href":"https:\/\/www.cncmarketi.com\/index.php\/wp-json\/wp\/v2\/product_tag?post=5895"}],"curies":[{"name":"wp","href":"https:\/\/api.w.org\/{rel}","templated":true}]}}