{"id":5888,"date":"2023-08-06T08:27:09","date_gmt":"2023-08-06T05:27:09","guid":{"rendered":"https:\/\/www.cncmarketi.com\/index.php\/product\/tasinabilir-kizilotesi-insan-vucut-sicakligi-tespit-sistemi-tasinabilir-sicaklik-tarayicisi\/"},"modified":"2023-08-06T08:57:13","modified_gmt":"2023-08-06T05:57:13","slug":"tasinabilir-kizilotesi-insan-vucut-sicakligi-tespit-sistemi-tasinabilir-sicaklik-tarayicisi","status":"publish","type":"product","link":"https:\/\/www.cncmarketi.com\/index.php\/product\/tasinabilir-kizilotesi-insan-vucut-sicakligi-tespit-sistemi-tasinabilir-sicaklik-tarayicisi\/","title":{"rendered":"Ta\u015f\u0131nabilir k\u0131z\u0131l\u00f6tesi insan v\u00fccut s\u0131cakl\u0131\u011f\u0131 tespit sistemi, ta\u015f\u0131nabilir s\u0131cakl\u0131k taray\u0131c\u0131s\u0131"},"content":{"rendered":"<p>Portable Infrared Human Body Temperature Detection System, Portable Temperature Scanner<br \/>\nModel<br \/>\nNG-8813<br \/>\nMOQ<br \/>\n1 Set<br \/>\nLead Time<br \/>\n3-15 Working Days<br \/>\nCountry of Origin<br \/>\nChina<br \/>\nPackage<br \/>\nStandard Export Wooden Box<br \/>\nOEM &#038; ODM<br \/>\nSupport<br \/>\n\u63cf\u8ff0<br \/>\n\u7528\u6237\u8bc4\u8bba (0)<br \/>\n\u63cf\u8ff0<br \/>\nSummary:<br \/>\nTemperature scanner is an accurate and convenient detection device for detecting human body temperature.<br \/>\nIt uses a non-contact body temperature preliminary screening method, which has a fast detection speed and can prevent personnel from being exposed to cross infection. At the same time, the common 7-inch LCD screen can display the measured temperature.<br \/>\nFeatures:<br \/>\nNon-contact temperature scanner:about 5-10 cm away from the probe, and the forehead\/wrist temperature can be detected.<br \/>\nFAST &#038; Precise &#038; Stable Performance Melexis sensor deliver great precision<br \/>\nLCD Touch Screen 7 inch touch Screen. Can switch language\/ Temperature mode\/ Voice volume., etc by a single touch<br \/>\nLanguage Default language are Chinese &#038; English. National language can be customized upon request.<br \/>\nVoice Announcement Normal &#038; Abnormal different announcement, intuitive understand<br \/>\nEasy Operation: Compact &#038; light design, portable &#038; easy operation<br \/>\nSpecifications:<br \/>\nDetection distance<br \/>\nForehead, wrist 5-15CM<br \/>\nTemperature measurement range<br \/>\n30\u2103\uff5e42\u2103<br \/>\nMinimum resolution<br \/>\n0.1\u2103<br \/>\nTemperature measurement module<br \/>\nMELEXIS<br \/>\nTemperature measurement accuracy<br \/>\n\u00b10.5\u2103\uff08Indoor Temperature\uff09<br \/>\nRepeat accuracy<br \/>\n\u00b10.2\u2103<br \/>\nResponse time<br \/>\n0.1S<br \/>\nMeasure time<br \/>\n0.5S-1.5S<br \/>\nDisplay<br \/>\n7 inch color touch screen<br \/>\nWorking environment<br \/>\n10\u2103\u250035\u2103<br \/>\nExternal power<br \/>\n110~240V 50\/60Hz (can be customized)<br \/>\nSurface Materials<br \/>\nSUS 304<br \/>\nLanguage<br \/>\nEnglish (Other language can be customized)<br \/>\nWeight<br \/>\n3.8Kg<br \/>\nMain circuit board<br \/>\nST 32-bit microprocessor<br \/>\nAlert Sound<br \/>\nYes<\/p>\n","protected":false},"excerpt":{"rendered":"<p>Portable Infrared Human Body Temperature Detection System, Portable Temperature Scanner Model NG-8813 MOQ 1 Set Lead Time 3-15 Working Days Country of Origin China Package&#8230;<\/p>\n","protected":false},"featured_media":5882,"comment_status":"open","ping_status":"closed","template":"","meta":[],"etheme_brands":[{"term_id":67,"name":"Newgoer","slug":"newgoer","term_group":0,"term_taxonomy_id":67,"taxonomy":"brand","description":"","parent":0,"count":271,"filter":"raw"}],"product_cat":[64],"product_tag":[],"_links":{"self":[{"href":"https:\/\/www.cncmarketi.com\/index.php\/wp-json\/wp\/v2\/product\/5888"}],"collection":[{"href":"https:\/\/www.cncmarketi.com\/index.php\/wp-json\/wp\/v2\/product"}],"about":[{"href":"https:\/\/www.cncmarketi.com\/index.php\/wp-json\/wp\/v2\/types\/product"}],"replies":[{"embeddable":true,"href":"https:\/\/www.cncmarketi.com\/index.php\/wp-json\/wp\/v2\/comments?post=5888"}],"version-history":[{"count":0,"href":"https:\/\/www.cncmarketi.com\/index.php\/wp-json\/wp\/v2\/product\/5888\/revisions"}],"wp:featuredmedia":[{"embeddable":true,"href":"https:\/\/www.cncmarketi.com\/index.php\/wp-json\/wp\/v2\/media\/5882"}],"wp:attachment":[{"href":"https:\/\/www.cncmarketi.com\/index.php\/wp-json\/wp\/v2\/media?parent=5888"}],"wp:term":[{"taxonomy":"brand","embeddable":true,"href":"https:\/\/www.cncmarketi.com\/index.php\/wp-json\/wp\/v2\/etheme_brands?post=5888"},{"taxonomy":"product_cat","embeddable":true,"href":"https:\/\/www.cncmarketi.com\/index.php\/wp-json\/wp\/v2\/product_cat?post=5888"},{"taxonomy":"product_tag","embeddable":true,"href":"https:\/\/www.cncmarketi.com\/index.php\/wp-json\/wp\/v2\/product_tag?post=5888"}],"curies":[{"name":"wp","href":"https:\/\/api.w.org\/{rel}","templated":true}]}}