{"id":5874,"date":"2023-08-06T08:26:56","date_gmt":"2023-08-06T05:26:56","guid":{"rendered":"https:\/\/www.cncmarketi.com\/index.php\/product\/pnomatik-numune-kesme-makinesi-otomatik-dambil-ornek-pres-makinesi\/"},"modified":"2023-08-06T08:58:14","modified_gmt":"2023-08-06T05:58:14","slug":"pnomatik-numune-kesme-makinesi-otomatik-dambil-ornek-pres-makinesi","status":"publish","type":"product","link":"https:\/\/www.cncmarketi.com\/index.php\/product\/pnomatik-numune-kesme-makinesi-otomatik-dambil-ornek-pres-makinesi\/","title":{"rendered":"Pn\u00f6matik numune kesme makinesi, otomatik damb\u0131l \u00f6rnek pres makinesi"},"content":{"rendered":"<p>Pneumatic Sample Cutting Machine, Automatic Dumbbell Sample Press Machine<br \/>\nModel<br \/>\nNG-370<br \/>\nMOQ<br \/>\n1 Set<br \/>\nLead Time<br \/>\n3-15 Working Days<br \/>\nCountry of Origin<br \/>\nChina<br \/>\nPackage<br \/>\nStandard Export Wooden Box<br \/>\nOEM &#038; ODM<br \/>\nSupport<br \/>\n\u63cf\u8ff0<br \/>\n\u7528\u6237\u8bc4\u8bba (0)<br \/>\n\u63cf\u8ff0<br \/>\nSummary:<br \/>\nPneumatic Rubber Dumbbell Cutting Machine \/ Sample Cutter used pneumatic as motive power and it can operate once connect to the air pressure source. The machine can be appliable in cutting rubber, adhesive tape, leather and so on.<br \/>\nThe experience will use dumbbell specimen and other special material, such as laminate<br \/>\nboard and series of composite material.Easy and safety to operate.<br \/>\nSpecifications:<br \/>\nMax. Force<br \/>\n1T (or 5 ton for optional)<br \/>\nStroke<br \/>\n100mm<br \/>\nWorkbench size<br \/>\n230mm*250mm<br \/>\nPress plate diameter<br \/>\n120mm<br \/>\nOutput source<br \/>\nMin.4kg\/cm2<br \/>\nEffective height<br \/>\n100mm<br \/>\nSize<br \/>\nApprox 780*430*400mm<br \/>\nWeight<br \/>\nApprox 70kg<br \/>\nOperation:<br \/>\nPlacing the machine on a flat surface and adjust the four foot to make them smooth, put on the<br \/>\ncutting pad.<br \/>\nOpen the air source, adjust the valve switch of the oil and water separator behind, and adjust the<br \/>\nair pressure gauge to be at least 4KG.<br \/>\nPutting PU rubber on the cutting pad, then put on the cutting die and press the red button switch<br \/>\nwith both hands (For security, please must press with two hands together). The pressure plate<br \/>\ndownward pressure onto the die and hold for a few seconds to allow the rubber to be fully cut off,<br \/>\nthen let go hands and take out the specimen.<br \/>\nPlease turn off the air supply source after using.<\/p>\n","protected":false},"excerpt":{"rendered":"<p>Pneumatic Sample Cutting Machine, Automatic Dumbbell Sample Press Machine Model NG-370 MOQ 1 Set Lead Time 3-15 Working Days Country of Origin China Package Standard&#8230;<\/p>\n","protected":false},"featured_media":5868,"comment_status":"open","ping_status":"closed","template":"","meta":[],"etheme_brands":[{"term_id":67,"name":"Newgoer","slug":"newgoer","term_group":0,"term_taxonomy_id":67,"taxonomy":"brand","description":"","parent":0,"count":271,"filter":"raw"}],"product_cat":[64],"product_tag":[],"_links":{"self":[{"href":"https:\/\/www.cncmarketi.com\/index.php\/wp-json\/wp\/v2\/product\/5874"}],"collection":[{"href":"https:\/\/www.cncmarketi.com\/index.php\/wp-json\/wp\/v2\/product"}],"about":[{"href":"https:\/\/www.cncmarketi.com\/index.php\/wp-json\/wp\/v2\/types\/product"}],"replies":[{"embeddable":true,"href":"https:\/\/www.cncmarketi.com\/index.php\/wp-json\/wp\/v2\/comments?post=5874"}],"version-history":[{"count":0,"href":"https:\/\/www.cncmarketi.com\/index.php\/wp-json\/wp\/v2\/product\/5874\/revisions"}],"wp:featuredmedia":[{"embeddable":true,"href":"https:\/\/www.cncmarketi.com\/index.php\/wp-json\/wp\/v2\/media\/5868"}],"wp:attachment":[{"href":"https:\/\/www.cncmarketi.com\/index.php\/wp-json\/wp\/v2\/media?parent=5874"}],"wp:term":[{"taxonomy":"brand","embeddable":true,"href":"https:\/\/www.cncmarketi.com\/index.php\/wp-json\/wp\/v2\/etheme_brands?post=5874"},{"taxonomy":"product_cat","embeddable":true,"href":"https:\/\/www.cncmarketi.com\/index.php\/wp-json\/wp\/v2\/product_cat?post=5874"},{"taxonomy":"product_tag","embeddable":true,"href":"https:\/\/www.cncmarketi.com\/index.php\/wp-json\/wp\/v2\/product_tag?post=5874"}],"curies":[{"name":"wp","href":"https:\/\/api.w.org\/{rel}","templated":true}]}}