{"id":5867,"date":"2023-08-06T08:26:48","date_gmt":"2023-08-06T05:26:48","guid":{"rendered":"https:\/\/www.cncmarketi.com\/index.php\/product\/plastik-endustriyel-su-sogutma-sogutucu-endustriyel-chiller\/"},"modified":"2023-08-06T08:58:14","modified_gmt":"2023-08-06T05:58:14","slug":"plastik-endustriyel-su-sogutma-sogutucu-endustriyel-chiller","status":"publish","type":"product","link":"https:\/\/www.cncmarketi.com\/index.php\/product\/plastik-endustriyel-su-sogutma-sogutucu-endustriyel-chiller\/","title":{"rendered":"Plastik End\u00fcstriyel Su So\u011futma So\u011futucu, End\u00fcstriyel Chiller"},"content":{"rendered":"<p>Plastic Industrial Water Cooling Chiller, Industrial Chiller<br \/>\nModel<br \/>\nNG-3310<br \/>\nMOQ<br \/>\n1 Set<br \/>\nLead Time<br \/>\n3-15 Working Days<br \/>\nCountry of Origin<br \/>\nChina<br \/>\nPackage<br \/>\nStandard Export Wooden Box<br \/>\nOEM &#038; ODM<br \/>\nSupport<br \/>\n\u63cf\u8ff0<br \/>\n\u7528\u6237\u8bc4\u8bba (0)<br \/>\n\u63cf\u8ff0<br \/>\nMachine configuration<br \/>\nEquipped with exact electric temperature controller which control the water temperature between 5-20\u2103.inside which there is a overload protector, high pressure abnormal protector, imported dry filter and swell valve for stable running and easy repairing and maintaince.<br \/>\nOptional scheme<br \/>\nChoose different specifications to meet different water pump pressure choose different electric voltage frequency requirements for power supply.<br \/>\nPump configuration for option<br \/>\nImported high efficiency pump is available according to customer\u2019s requirement<br \/>\nMultiple function operation panel<br \/>\nThere are current monitor, compressor on-off switch, pump on-off switch, electric temperature controller, safety running alert light on the panel<br \/>\nSpecification\uff1a<br \/>\nModel<br \/>\nUnit<br \/>\nNG-3311-05<br \/>\nNG-3311-10<br \/>\nNG-3311-12<br \/>\nNG-3311-15<br \/>\nNG-3311-20<br \/>\nNG-3311-24<br \/>\nNG-3311-30<br \/>\nNG-3311-40<br \/>\nRefrigeration capacity<br \/>\nkw<br \/>\n15<br \/>\n30.5<br \/>\n34.3<br \/>\n45<br \/>\n61<br \/>\n69<br \/>\n92<br \/>\n122<br \/>\nkcal\/h<br \/>\n12900<br \/>\n26230<br \/>\n29498<br \/>\n38700<br \/>\n52460<br \/>\n59340<br \/>\n79120<br \/>\n104920<br \/>\nCompressor<br \/>\nInput power<br \/>\nkw<br \/>\n3.75<br \/>\n3.75\u00d72<br \/>\n9<br \/>\n11<br \/>\n15<br \/>\n18<br \/>\n22<br \/>\n30<br \/>\nOutput power<br \/>\nhp<br \/>\n5<br \/>\n5\u00d72<br \/>\n12<br \/>\n15<br \/>\n10\u00d72<br \/>\n12\u00d72<br \/>\n10\u00d73<br \/>\n20\u00d72<br \/>\nEvaporator<br \/>\nType<br \/>\nPipe coil evaporator<br \/>\nShell evaporator<br \/>\nPipe diameter<br \/>\nInch<br \/>\n1<br \/>\n1.5<br \/>\n2<br \/>\n2<br \/>\n2-1\/2<br \/>\n2-1\/2<br \/>\n2-1\/2<br \/>\n3<br \/>\nRefrigerant<br \/>\nType<br \/>\nR22<br \/>\nQuality<br \/>\nkg<br \/>\n2.5<br \/>\n5<br \/>\n6<br \/>\n7.5<br \/>\n10<br \/>\n11<br \/>\n12<br \/>\n18<br \/>\nAir cooled condenser<br \/>\nType<br \/>\nFinned condenser<br \/>\nPipe diameter<br \/>\nInch<br \/>\n0.19\u00d72<br \/>\n0.25\u00d72<br \/>\n0.5\u00d72<br \/>\n0.55\u00d72<br \/>\n0.5\u00d74<br \/>\n0.5\u00d74<br \/>\n0.4\u00d76<br \/>\n0.4\u00d78<br \/>\nChill water flow rate<br \/>\nL\/min<br \/>\n70<br \/>\n110<br \/>\n150<br \/>\n170<br \/>\n230<br \/>\n270<br \/>\n330<br \/>\n480<br \/>\nWater tank capacity<br \/>\nliter<br \/>\n50<br \/>\n70<br \/>\n125<br \/>\n125<br \/>\n140<br \/>\n140<br \/>\n150<br \/>\n180<br \/>\nPump<br \/>\nPower<br \/>\nkw<br \/>\n0.55<br \/>\n1.1<br \/>\n1.5<br \/>\n1.5<br \/>\n2.2<br \/>\n2.2<br \/>\n4<br \/>\n4<br \/>\nhp<br \/>\n0.75<br \/>\n1.5<br \/>\n2<br \/>\n2<br \/>\n3<br \/>\n3<br \/>\n5<br \/>\n5<br \/>\nFlow rate<br \/>\nl\/min<br \/>\n100<br \/>\n100<br \/>\n200<br \/>\n200<br \/>\n300<br \/>\n300<br \/>\n300<br \/>\n300<br \/>\nPipe connection size<br \/>\nCooling water-outlet<br \/>\nInch<br \/>\n3\/8\u00d74<br \/>\n1.5<br \/>\n2<br \/>\n2<br \/>\n2-1\/2<br \/>\n2-1\/2<br \/>\n2-1\/2<br \/>\n3<br \/>\nCooling water inlet<br \/>\nInch<br \/>\n3\/8\u00d74<br \/>\n1.5<br \/>\n2<br \/>\n2<br \/>\n2-1\/2<br \/>\n2-1\/2<br \/>\n2-1\/2<br \/>\n3<\/p>\n","protected":false},"excerpt":{"rendered":"<p>Plastic Industrial Water Cooling Chiller, Industrial Chiller Model NG-3310 MOQ 1 Set Lead Time 3-15 Working Days Country of Origin China Package Standard Export Wooden&#8230;<\/p>\n","protected":false},"featured_media":5862,"comment_status":"open","ping_status":"closed","template":"","meta":[],"etheme_brands":[{"term_id":67,"name":"Newgoer","slug":"newgoer","term_group":0,"term_taxonomy_id":67,"taxonomy":"brand","description":"","parent":0,"count":271,"filter":"raw"}],"product_cat":[64],"product_tag":[],"_links":{"self":[{"href":"https:\/\/www.cncmarketi.com\/index.php\/wp-json\/wp\/v2\/product\/5867"}],"collection":[{"href":"https:\/\/www.cncmarketi.com\/index.php\/wp-json\/wp\/v2\/product"}],"about":[{"href":"https:\/\/www.cncmarketi.com\/index.php\/wp-json\/wp\/v2\/types\/product"}],"replies":[{"embeddable":true,"href":"https:\/\/www.cncmarketi.com\/index.php\/wp-json\/wp\/v2\/comments?post=5867"}],"version-history":[{"count":0,"href":"https:\/\/www.cncmarketi.com\/index.php\/wp-json\/wp\/v2\/product\/5867\/revisions"}],"wp:featuredmedia":[{"embeddable":true,"href":"https:\/\/www.cncmarketi.com\/index.php\/wp-json\/wp\/v2\/media\/5862"}],"wp:attachment":[{"href":"https:\/\/www.cncmarketi.com\/index.php\/wp-json\/wp\/v2\/media?parent=5867"}],"wp:term":[{"taxonomy":"brand","embeddable":true,"href":"https:\/\/www.cncmarketi.com\/index.php\/wp-json\/wp\/v2\/etheme_brands?post=5867"},{"taxonomy":"product_cat","embeddable":true,"href":"https:\/\/www.cncmarketi.com\/index.php\/wp-json\/wp\/v2\/product_cat?post=5867"},{"taxonomy":"product_tag","embeddable":true,"href":"https:\/\/www.cncmarketi.com\/index.php\/wp-json\/wp\/v2\/product_tag?post=5867"}],"curies":[{"name":"wp","href":"https:\/\/api.w.org\/{rel}","templated":true}]}}