{"id":5861,"date":"2023-08-06T08:26:41","date_gmt":"2023-08-06T05:26:41","guid":{"rendered":"https:\/\/www.cncmarketi.com\/index.php\/product\/plastik-polimerler-cekme-test-cihazi-plastik-malzemeler-icin-evrensel-cekme-test-makinesi\/"},"modified":"2023-08-06T08:58:14","modified_gmt":"2023-08-06T05:58:14","slug":"plastik-polimerler-cekme-test-cihazi-plastik-malzemeler-icin-evrensel-cekme-test-makinesi","status":"publish","type":"product","link":"https:\/\/www.cncmarketi.com\/index.php\/product\/plastik-polimerler-cekme-test-cihazi-plastik-malzemeler-icin-evrensel-cekme-test-makinesi\/","title":{"rendered":"Plastik Polimerler \u00c7ekme Test Cihaz\u0131, Plastik Malzemeler \u0130\u00e7in Evrensel \u00c7ekme Test Makinesi"},"content":{"rendered":"<p>\u63cf\u8ff0<br \/>\nItems<br \/>\nPlastic, Polymers Materials Tensile Testing Machine<br \/>\nCapacity<br \/>\n20, 50, 100, 200, 500, 1000, 2000Kg<br \/>\nUnit<br \/>\nG, KG, N, LB can be exchanged<br \/>\nAccurate Grade<br \/>\n0.5grade<br \/>\nDisplay Device<br \/>\nPC<br \/>\nResolution<br \/>\n1\/250,000<br \/>\nEffective Accuracy<br \/>\n\u00b10.2%(0.5grade)<br \/>\nMax.Stroke<br \/>\n800mm (Column height 143cm)<br \/>\nSpeed Range<br \/>\n0.01-500mm\/min (adjustable )<br \/>\nMotor<br \/>\nServo Motor + High Precise Ball Screw<br \/>\nElongation Accuracy<br \/>\n0.001mm<br \/>\nPower<br \/>\nAC220V, 50\/60HZ(custom-made)<br \/>\nStandard Accessories<br \/>\nTensile clamp, Computer system, English software CD,<br \/>\nUser manual<br \/>\nPlastics, polymers and composites can be tensile tested to measure product quality. Tensile tests measure the load required to break a plastic test sample and specimen stretch or elongation to that breaking load. The resulting test data helps specify materials, design parts to withstand forces, and key quality control checks for materials. Plastic composite tensile test equipment, testers and electromechanical universal test machines feature constant rate of crosshead extension or CRE because plastics tensile test behavior is time rate test speed dependent. Plastic tensile coupons (dogbone-shaped specimens with defined width and load stress psi) are made to ASTM, EN, DIN and ISO tensile test sample dimensions. Plastics composite tensile tester machine speed should always rely on standard specifications. Plastic tensile test standards ASTM D638 and ISO 527 both require axial extensometers to measure strain below 20 percent extension values. High travel or strain can be measured by the machine crosshead or digital encoder. Thin film sheet samples should follow ASTM D882.<br \/>\nApplicable Testing Standards<br \/>\n\u2022 ISO 527 \u2013 Tensile Test of Plastics Composites<br \/>\n\u2022 ASTM D638 Tension Testing for Plastics<br \/>\n\u2022 ASTM D882 Tensile Testing for Thin Plastic Sheeting<br \/>\n\u2022 ASTM D3039 Tensile Testing for Advanced Composite Materials<br \/>\nASTM D638 Tension Testing for Plastics<br \/>\nASTM D638 is one of the most common plastic strength specifications and covers the tensile properties of unreinforced and reinforced plastics. This test method uses standard \u201cdumbell\u201d or \u201cdogbone\u201d shaped specimens under 14mm of thickness. A universal testing machine (tensile testing machine) is needed to perform this test.<br \/>\nTest Procedure:<br \/>\n1. Cut or injection mold your material into one of the five \u201cdumbbell\u201d shapes. The exact shape you use is dependent upon your material\u2019s rigidity and thickness.<br \/>\n2. Load the specimen into tensile grips.<br \/>\n3. Attach the extensometer to the sample<br \/>\n4. Begin the test by separating the tensile grips at a constant rate of speed. Speed depends on specimen shape and can range from 0.05 \u2013 20 inches per minute. The target time from start of test to break should be from 30 seconds to 5 minutes.<br \/>\n5. End the test after sample break (rupture)<br \/>\nRecommended Plastic, Polymers Materials Tensile Testing Machine Our Model NG-101, Servo Universal Tensile Tester with Extensometer<br \/>\nNewgory factory Research and Development Prodessional Extensometer<br \/>\nCommon Tensile Grips<br \/>\nProfessional designed software. PC to view test results, analysis of data and graph<\/p>\n","protected":false},"excerpt":{"rendered":"<p>\u63cf\u8ff0 Items Plastic, Polymers Materials Tensile Testing Machine Capacity 20, 50, 100, 200, 500, 1000, 2000Kg Unit G, KG, N, LB can be exchanged Accurate&#8230;<\/p>\n","protected":false},"featured_media":5855,"comment_status":"open","ping_status":"closed","template":"","meta":[],"etheme_brands":[{"term_id":67,"name":"Newgoer","slug":"newgoer","term_group":0,"term_taxonomy_id":67,"taxonomy":"brand","description":"","parent":0,"count":271,"filter":"raw"}],"product_cat":[64],"product_tag":[],"_links":{"self":[{"href":"https:\/\/www.cncmarketi.com\/index.php\/wp-json\/wp\/v2\/product\/5861"}],"collection":[{"href":"https:\/\/www.cncmarketi.com\/index.php\/wp-json\/wp\/v2\/product"}],"about":[{"href":"https:\/\/www.cncmarketi.com\/index.php\/wp-json\/wp\/v2\/types\/product"}],"replies":[{"embeddable":true,"href":"https:\/\/www.cncmarketi.com\/index.php\/wp-json\/wp\/v2\/comments?post=5861"}],"version-history":[{"count":0,"href":"https:\/\/www.cncmarketi.com\/index.php\/wp-json\/wp\/v2\/product\/5861\/revisions"}],"wp:featuredmedia":[{"embeddable":true,"href":"https:\/\/www.cncmarketi.com\/index.php\/wp-json\/wp\/v2\/media\/5855"}],"wp:attachment":[{"href":"https:\/\/www.cncmarketi.com\/index.php\/wp-json\/wp\/v2\/media?parent=5861"}],"wp:term":[{"taxonomy":"brand","embeddable":true,"href":"https:\/\/www.cncmarketi.com\/index.php\/wp-json\/wp\/v2\/etheme_brands?post=5861"},{"taxonomy":"product_cat","embeddable":true,"href":"https:\/\/www.cncmarketi.com\/index.php\/wp-json\/wp\/v2\/product_cat?post=5861"},{"taxonomy":"product_tag","embeddable":true,"href":"https:\/\/www.cncmarketi.com\/index.php\/wp-json\/wp\/v2\/product_tag?post=5861"}],"curies":[{"name":"wp","href":"https:\/\/api.w.org\/{rel}","templated":true}]}}