{"id":5847,"date":"2023-08-06T08:26:24","date_gmt":"2023-08-06T05:26:24","guid":{"rendered":"https:\/\/www.cncmarketi.com\/index.php\/product\/plastik-sarkac-etki-test-cihazi-izod-ve-charpy-darbe-test-ekipmani\/"},"modified":"2023-08-06T08:58:15","modified_gmt":"2023-08-06T05:58:15","slug":"plastik-sarkac-etki-test-cihazi-izod-ve-charpy-darbe-test-ekipmani","status":"publish","type":"product","link":"https:\/\/www.cncmarketi.com\/index.php\/product\/plastik-sarkac-etki-test-cihazi-izod-ve-charpy-darbe-test-ekipmani\/","title":{"rendered":"Plastik Sarka\u00e7 Etki Test Cihaz\u0131, Izod ve Charpy Darbe Test Ekipman\u0131"},"content":{"rendered":"<p>Plastic Pendulum Impact Tester, IZOD &#038; CHARPY Impact Test Equipment<br \/>\nModel<br \/>\nNG-XJ<br \/>\nMOQ<br \/>\n1 Set<br \/>\nLead Time<br \/>\n3-15 Working Days<br \/>\nCountry of Origin<br \/>\nChina<br \/>\nPackage<br \/>\nStandard Export Wooden Box<br \/>\nOEM &#038; ODM<br \/>\nSupport<br \/>\n\u63cf\u8ff0<br \/>\n\u7528\u6237\u8bc4\u8bba (0)<br \/>\n\u63cf\u8ff0<br \/>\nSummary:<br \/>\nDigital IZOD &#038; CHARPY Pendulum Impact Tester is used to test the impact toughness of the non-metallic materials such as rigid plastic, reinforced nylon, glass fiber reinforced plastic, ceramics, cast stone, plastic appliance and insulation materials. It is widely used in the scientific research institutes, universities and chemical industry as the common quality test equipment.<br \/>\nIt is compatible with Izod test and Charpy test, the IZOD and CHARPY test method can be switchable which easy to use, easy to operate and high test accuracy.<br \/>\nStandard:<br \/>\nISO179\u20142000: Determination of Plastics \u2013 Hard Materials Charpy Impact Strength<br \/>\nISO180\u20142000: Determination of Plastics \u2013 Hard Materials Izod Impact Strength )<br \/>\nGB\/T1043\u20142008: Rigid Plastic Charpy Impact Test Method<br \/>\nJB\/T8762\u20141998: Plastics Charpy Impact Testing Machine<br \/>\nGB\/T 18743-2002: Charpy Impact Test Method for Fluid Transport Via Thermoplastic Pipe (Suitable for pipe pieces)<br \/>\nASTM D256-2010: Standard Test Methods for Determining the Izod Pendulum Impact Resistance of Plastics<br \/>\nFeatures:<br \/>\nHigh-precision intelligent controller equipped with LCD display which you can read the data intuitively and accurately;<br \/>\nChina\u2019s first carbon fiber lever (It has been patented); it succeeds in doing experiments without shaking involving the impact direction, improving the rigidity of materials, and concentrating impacting strength on the centroid of the pendulum, and using life increases.<br \/>\nImported high-resolution digital encoders, higher and more stable angle measurement accuracy;<br \/>\nAerodynamic impact hammer and imported ball bearings greatly reduce mechanical friction losses<br \/>\nE.Automatic calculation of the final result, 12 sets of the test data can be stored and averaged;<br \/>\nOptional interface of Chinese and English; units ( J \/ m, KJ \/ m2, kg-cm \/ cm, ft-ib \/ in )can be customized according to customers\u2019 requirements.<br \/>\nBuilt-in mini printer to print the test data<br \/>\nSpecifications:<br \/>\nItem<br \/>\nCharpy Impact<br \/>\nIzod Impact<br \/>\nPendulum energy<br \/>\nNG-XJ5: 1J, 2J, 4J, 5J;<br \/>\nNG-XJ15: 7.5J, 15J;<br \/>\nNG-XJ50: 25J, 50J<br \/>\n(Optional)<br \/>\n1J, 2.75J, 5.5J<br \/>\nDisplay mode<br \/>\nColor touch screen<br \/>\nPendulum angle<br \/>\n150\u00b0<br \/>\nImpact speed<br \/>\n2.9m\/s (3.8m\/s)<br \/>\n3.5m\/s<br \/>\nImpact center distance<br \/>\n230mm, 395mm<br \/>\nBlade angle<br \/>\n30\u00b0<br \/>\n70\u00b0<br \/>\nBlade filleted radius<br \/>\nR=2mm\u00b10.5m<br \/>\n0.8mm<br \/>\nSeat filleted radius<br \/>\nR=1m<br \/>\nBlade front angle<br \/>\n5\u00b0<br \/>\nBlade back angle<br \/>\n10\u00b0<br \/>\nSample type&#038; dimension<br \/>\n(L x W x T) mm3<br \/>\n(ISO180-2000 or GB\/T 1843-2008)<br \/>\nType-1:80\u00d710\u00d74<br \/>\nType-2: 63.5\u00d712.7\u00d76.4<br \/>\nType-3: 63.5\u00d712.7\u00d73.2<br \/>\nAngle accuracy<br \/>\nOriginal OMRON encoder, 0.01\u00b0<br \/>\nPower<br \/>\n220V\u00b110% 50HZ<\/p>\n","protected":false},"excerpt":{"rendered":"<p>Plastic Pendulum Impact Tester, IZOD &#038; CHARPY Impact Test Equipment Model NG-XJ MOQ 1 Set Lead Time 3-15 Working Days Country of Origin China Package&#8230;<\/p>\n","protected":false},"featured_media":5841,"comment_status":"open","ping_status":"closed","template":"","meta":[],"etheme_brands":[{"term_id":67,"name":"Newgoer","slug":"newgoer","term_group":0,"term_taxonomy_id":67,"taxonomy":"brand","description":"","parent":0,"count":271,"filter":"raw"}],"product_cat":[64],"product_tag":[],"_links":{"self":[{"href":"https:\/\/www.cncmarketi.com\/index.php\/wp-json\/wp\/v2\/product\/5847"}],"collection":[{"href":"https:\/\/www.cncmarketi.com\/index.php\/wp-json\/wp\/v2\/product"}],"about":[{"href":"https:\/\/www.cncmarketi.com\/index.php\/wp-json\/wp\/v2\/types\/product"}],"replies":[{"embeddable":true,"href":"https:\/\/www.cncmarketi.com\/index.php\/wp-json\/wp\/v2\/comments?post=5847"}],"version-history":[{"count":0,"href":"https:\/\/www.cncmarketi.com\/index.php\/wp-json\/wp\/v2\/product\/5847\/revisions"}],"wp:featuredmedia":[{"embeddable":true,"href":"https:\/\/www.cncmarketi.com\/index.php\/wp-json\/wp\/v2\/media\/5841"}],"wp:attachment":[{"href":"https:\/\/www.cncmarketi.com\/index.php\/wp-json\/wp\/v2\/media?parent=5847"}],"wp:term":[{"taxonomy":"brand","embeddable":true,"href":"https:\/\/www.cncmarketi.com\/index.php\/wp-json\/wp\/v2\/etheme_brands?post=5847"},{"taxonomy":"product_cat","embeddable":true,"href":"https:\/\/www.cncmarketi.com\/index.php\/wp-json\/wp\/v2\/product_cat?post=5847"},{"taxonomy":"product_tag","embeddable":true,"href":"https:\/\/www.cncmarketi.com\/index.php\/wp-json\/wp\/v2\/product_tag?post=5847"}],"curies":[{"name":"wp","href":"https:\/\/api.w.org\/{rel}","templated":true}]}}